{"id":13371,"date":"2024-11-22T19:02:46","date_gmt":"2024-11-22T11:02:46","guid":{"rendered":"https:\/\/shop.yipinqian.com\/latest-arrival-sg-seller-yellow-and-green-natural-type-a-jadeite-jade-crafted-as-lotus-seedpod-pendant-qic-approved-certificate-weighs-14-61-grams-measurement-31-3-24-2-14-1-mm-pendant345\/"},"modified":"2025-02-24T00:49:48","modified_gmt":"2025-02-23T16:49:48","slug":"latest-arrival-sg-seller-yellow-and-green-natural-type-a-jadeite-jade-crafted-as-lotus-seedpod-pendant-qic-approved-certificate-weighs-14-61-grams-measurement-31-3-24-2-14-1-mm-pendant345","status":"publish","type":"product","link":"https:\/\/shop.yipinqian.com\/es\/producto\/latest-arrival-sg-seller-yellow-and-green-natural-type-a-jadeite-jade-crafted-as-lotus-seedpod-pendant-qic-approved-certificate-weighs-14-61-grams-measurement-31-3-24-2-14-1-mm-pendant345\/","title":{"rendered":"\u00daltimo vendedor de SG en llegar: colgante de jade\u00edta natural tipo A amarillo y verde elaborado como vaina de semilla de loto, certificado aprobado por QIC, pesa 14,61 gramos, medida 31,3 * 24,2 * 14,1 mm (colgante 345)"},"content":{"rendered":"<p>Este exquisito colgante presenta jade\u00edta natural tipo A amarilla y verde elaborada en forma de vaina de semilla de loto, creando un dise\u00f1o \u00fanico y elegante.<\/p>\n<p><\/p>\n<p>N\u00fameros de certificado: 5523120103434<\/p>\n<p><img fetchpriority=\"high\" decoding=\"async\" src=\"https:\/\/shop.yipinqian.com\/wp-content\/uploads\/2024\/11\/9d8e21e1ae95414da0cd925a9658aaa6tplv-aphluv4xwc-origin-jpeg.jpeg?dr=15568&#038;nonce=49490&#038;refresh_token=2e1e461e4c86fb546a03fb578d85b354&#038;from=476444299&#038;idc=my2&#038;ps=933b5bde&#038;shcp=9b759fb9&#038;shp=1c65f68b&#038;t=555f072d\" width=\"1200\" height=\"1600\"><\/p>\n<ul>\n<li><strong>Caracter\u00edsticas principales:<\/strong><\/li>\n<li>Certificado aprobado por QIC<\/li>\n<li>Pesa 14,61 gramos<\/li>\n<li>Medida: 31,3 * 24,2 * 14,1 mm<\/li>\n<\/ul>\n<p><img decoding=\"async\" src=\"https:\/\/shop.yipinqian.com\/wp-content\/uploads\/2024\/11\/b7379a43edfc4fcbbb9e5f857b99a528tplv-aphluv4xwc-origin-jpeg.jpeg?dr=15568&#038;nonce=44743&#038;refresh_token=48d058c1177e54b4da46ac4ddb3b7e5e&#038;from=476444299&#038;idc=my2&#038;ps=933b5bde&#038;shcp=9b759fb9&#038;shp=1c65f68b&#038;t=555f072d\" width=\"1200\" height=\"1600\"><\/p>\n<p>Procedente de Myanmar, esta pieza muestra la artesan\u00eda de SG Seller y es perfecta para el uso diario.<\/p>\n<ul>\n<li><strong>Atributos del producto:<\/strong><\/li>\n<li>\n<strong>Regi\u00f3n de origen:<\/strong> Birmania<\/li>\n<li><strong>Ocasi\u00f3n: Diario El estilo del collar es informal, por lo que es adecuado para cualquier atuendo u ocasi\u00f3n. El dise\u00f1o unisex se adapta a todos los g\u00e9neros con su atractivo vers\u00e1til. Este impresionante colgante de jade es una adici\u00f3n imprescindible a cualquier colecci\u00f3n de joyas. Nota: El tipo de garant\u00eda para este producto no es aplicable.<\/strong><\/li>\n<\/ul>\n<p><\/p>\n<p><strong>La jade\u00edta natural no es perfecta, solo un peque\u00f1o recordatorio: nuestra jade\u00edta natural, como todas las cosas hermosas de la naturaleza, tiene sus caracter\u00edsticas y variaciones \u00fanicas. Invitamos a nuestros valiosos clientes a adoptar estas variaciones naturales. \u00a1Felices compras!<\/strong><\/p>\n<p><\/p>\n<p><strong><u>Ninguna de las fotograf\u00edas ni los v\u00eddeos han sido filtrados. Animamos a nuestros clientes a que vean tambi\u00e9n los v\u00eddeos adjuntos para tener una visi\u00f3n m\u00e1s completa de nuestros productos.<\/u><\/strong><\/p>\n<p><\/p>\n<ul>\n<li>Las diferentes plataformas solo pueden ver videos a trav\u00e9s de la computadora de escritorio<\/li>\n<\/ul>","protected":false},"excerpt":{"rendered":"<p>This exquisite pendant feature Yellow and Green Natural Type A Jadeite Jade crafted in the shape of a lotus seedpod, creating a unique and elegant design. Certificate numbers: 5523120103434 Key Features: QIC approved certificate Weighs 14.61 grams Measurement: 31.3 * 24.2 * 14.1 mm Hailing from Myanmar, this piece showcases the craftsmanship of SG Seller [&hellip;]<\/p>","protected":false},"featured_media":13524,"comment_status":"open","ping_status":"closed","template":"","meta":[],"product_brand":[],"product_cat":[194],"product_tag":[52,70,65,55,56,58,74,60,61,68,62],"class_list":{"0":"post-13371","1":"product","2":"type-product","3":"status-publish","4":"has-post-thumbnail","6":"product_cat-value-picks","7":"product_tag-certified","8":"product_tag-green","9":"product_tag-high-quality","10":"product_tag-jadeite","11":"product_tag-limited-editions","12":"product_tag-new-arrivals","13":"product_tag-qic-approved-certificate","14":"product_tag-type-a-jadeite","15":"product_tag-unisex","16":"product_tag-yellow","17":"product_tag-yi-pin-qian-exclusive","19":"first","20":"instock","21":"sale","22":"shipping-taxable","23":"purchasable","24":"product-type-simple"},"_links":{"self":[{"href":"https:\/\/shop.yipinqian.com\/es\/wp-json\/wp\/v2\/product\/13371","targetHints":{"allow":["GET"]}}],"collection":[{"href":"https:\/\/shop.yipinqian.com\/es\/wp-json\/wp\/v2\/product"}],"about":[{"href":"https:\/\/shop.yipinqian.com\/es\/wp-json\/wp\/v2\/types\/product"}],"replies":[{"embeddable":true,"href":"https:\/\/shop.yipinqian.com\/es\/wp-json\/wp\/v2\/comments?post=13371"}],"version-history":[{"count":0,"href":"https:\/\/shop.yipinqian.com\/es\/wp-json\/wp\/v2\/product\/13371\/revisions"}],"wp:featuredmedia":[{"embeddable":true,"href":"https:\/\/shop.yipinqian.com\/es\/wp-json\/wp\/v2\/media\/13524"}],"wp:attachment":[{"href":"https:\/\/shop.yipinqian.com\/es\/wp-json\/wp\/v2\/media?parent=13371"}],"wp:term":[{"taxonomy":"product_brand","embeddable":true,"href":"https:\/\/shop.yipinqian.com\/es\/wp-json\/wp\/v2\/product_brand?post=13371"},{"taxonomy":"product_cat","embeddable":true,"href":"https:\/\/shop.yipinqian.com\/es\/wp-json\/wp\/v2\/product_cat?post=13371"},{"taxonomy":"product_tag","embeddable":true,"href":"https:\/\/shop.yipinqian.com\/es\/wp-json\/wp\/v2\/product_tag?post=13371"}],"curies":[{"name":"wp","href":"https:\/\/api.w.org\/{rel}","templated":true}]}}