{"id":13363,"date":"2024-11-22T19:02:32","date_gmt":"2024-11-22T11:02:32","guid":{"rendered":"https:\/\/shop.yipinqian.com\/high-quality-sg-new-arrival-crafted-as-small-gourd-on-natural-type-a-jadeite-jade-set-with-18k-gold-as-pendant-certificate-weighs-1-01-grams-measurement-18-9-8-3-4-3-mm-18kp75\/"},"modified":"2025-02-24T00:49:48","modified_gmt":"2025-02-23T16:49:48","slug":"high-quality-sg-new-arrival-crafted-as-small-gourd-on-natural-type-a-jadeite-jade-set-with-18k-gold-as-pendant-certificate-weighs-1-01-grams-measurement-18-9-8-3-4-3-mm-18kp75","status":"publish","type":"product","link":"https:\/\/shop.yipinqian.com\/es\/producto\/high-quality-sg-new-arrival-crafted-as-small-gourd-on-natural-type-a-jadeite-jade-set-with-18k-gold-as-pendant-certificate-weighs-1-01-grams-measurement-18-9-8-3-4-3-mm-18kp75\/","title":{"rendered":"Reci\u00e9n llegado de SG de alta calidad elaborado como una peque\u00f1a calabaza en jade\u00edta natural tipo A engastada con oro de 18k como colgante, certificado que pesa 1,01 gramos, medida 18,9 * 8,3 * 4,3 mm (18kp75)"},"content":{"rendered":"<p>This High Quality SG New Arrival pendant features a small Gourd design crafted on Natural Type A Jadeite Jade, set with 18k gold for a touch of elegance.<\/p>\n<p><\/p>\n<p>Certificate numbers: GD2112H015297<\/p>\n<p>18k Gold: 0.25 grams<\/p>\n<p><img fetchpriority=\"high\" decoding=\"async\" src=\"https:\/\/shop.yipinqian.com\/wp-content\/uploads\/2024\/11\/b80e6c74268240f486917efc130d1eebtplv-aphluv4xwc-origin-jpeg.jpeg?dr=15568&#038;nonce=62317&#038;refresh_token=f6aaf895eadcb9de49148523e868b82e&#038;from=476444299&#038;idc=my2&#038;ps=933b5bde&#038;shcp=9b759fb9&#038;shp=1c65f68b&#038;t=555f072d\" width=\"1080\" height=\"1080\"><\/p>\n<ul>\n<li>\n<strong>Material:<\/strong> Oro en quilates<\/li>\n<li>\n<strong>Tipo de jade:<\/strong> Jade\u00edta<\/li>\n<li>\n<strong>Regi\u00f3n de origen:<\/strong> Birmania<\/li>\n<li>\n<strong>Ocasi\u00f3n:<\/strong> Uso diario<\/li>\n<li>The pendant comes with a certificate,<\/li>\n<\/ul>\n<p><img decoding=\"async\" src=\"https:\/\/shop.yipinqian.com\/wp-content\/uploads\/2024\/11\/3b22efdae458474e978566e4b8835fbbtplv-aphluv4xwc-origin-jpeg.jpeg?dr=15568&#038;nonce=56618&#038;refresh_token=de9f562871fb58002426d97c90a51c0e&#038;from=476444299&#038;idc=my2&#038;ps=933b5bde&#038;shcp=9b759fb9&#038;shp=1c65f68b&#038;t=555f072d\" width=\"1080\" height=\"1080\"><\/p>\n<p>Weighing 1.01 grams and measuring at 18.9 * 8.3 * 4.3 mm, this exquisite piece is perfect for both men and women with its unisex design.<\/p>\n<ul>\n<li>The necklace style is designed to complement casual outfits without compromising on style and sophistication.<\/li>\n<\/ul>\n<p>.<strong>La jade\u00edta natural no es perfecta, solo un peque\u00f1o recordatorio: nuestra jade\u00edta natural, como todas las cosas hermosas de la naturaleza, tiene sus caracter\u00edsticas y variaciones \u00fanicas. Invitamos a nuestros valiosos clientes a adoptar estas variaciones naturales. \u00a1Felices compras!<\/strong><\/p>\n<p><\/p>\n<p><strong><u>Ninguna de las fotograf\u00edas ni los v\u00eddeos han sido filtrados. Animamos a nuestros clientes a que vean tambi\u00e9n los v\u00eddeos adjuntos para tener una visi\u00f3n m\u00e1s completa de nuestros productos.<\/u><\/strong><\/p>\n<p><\/p>\n<ul>\n<li>Las diferentes plataformas solo pueden ver videos a trav\u00e9s de la computadora de escritorio<\/li>\n<\/ul>","protected":false},"excerpt":{"rendered":"<p>This High Quality SG New Arrival pendant features a small Gourd design crafted on Natural Type A Jadeite Jade, set with 18k gold for a touch of elegance. Certificate numbers: GD2112H015297 18k Gold: 0.25 grams Material: PT\/Carat Gold Jade Type: Jadeite Region of Origin: Myanmar Occasion: Daily Wear The pendant comes with a certificate, Weighing [&hellip;]<\/p>","protected":false},"featured_media":13485,"comment_status":"open","ping_status":"closed","template":"","meta":[],"product_brand":[],"product_cat":[194],"product_tag":[50,52,53,65,54,56,58,73,59,60,61,62],"class_list":{"0":"post-13363","1":"product","2":"type-product","3":"status-publish","4":"has-post-thumbnail","6":"product_cat-value-picks","7":"product_tag-18k-gold","8":"product_tag-certified","9":"product_tag-fine-quality","10":"product_tag-high-quality","11":"product_tag-icy","12":"product_tag-limited-editions","13":"product_tag-new-arrivals","14":"product_tag-pendant","15":"product_tag-translucent","16":"product_tag-type-a-jadeite","17":"product_tag-unisex","18":"product_tag-yi-pin-qian-exclusive","20":"first","21":"instock","22":"sale","23":"shipping-taxable","24":"purchasable","25":"product-type-simple"},"_links":{"self":[{"href":"https:\/\/shop.yipinqian.com\/es\/wp-json\/wp\/v2\/product\/13363","targetHints":{"allow":["GET"]}}],"collection":[{"href":"https:\/\/shop.yipinqian.com\/es\/wp-json\/wp\/v2\/product"}],"about":[{"href":"https:\/\/shop.yipinqian.com\/es\/wp-json\/wp\/v2\/types\/product"}],"replies":[{"embeddable":true,"href":"https:\/\/shop.yipinqian.com\/es\/wp-json\/wp\/v2\/comments?post=13363"}],"version-history":[{"count":0,"href":"https:\/\/shop.yipinqian.com\/es\/wp-json\/wp\/v2\/product\/13363\/revisions"}],"wp:featuredmedia":[{"embeddable":true,"href":"https:\/\/shop.yipinqian.com\/es\/wp-json\/wp\/v2\/media\/13485"}],"wp:attachment":[{"href":"https:\/\/shop.yipinqian.com\/es\/wp-json\/wp\/v2\/media?parent=13363"}],"wp:term":[{"taxonomy":"product_brand","embeddable":true,"href":"https:\/\/shop.yipinqian.com\/es\/wp-json\/wp\/v2\/product_brand?post=13363"},{"taxonomy":"product_cat","embeddable":true,"href":"https:\/\/shop.yipinqian.com\/es\/wp-json\/wp\/v2\/product_cat?post=13363"},{"taxonomy":"product_tag","embeddable":true,"href":"https:\/\/shop.yipinqian.com\/es\/wp-json\/wp\/v2\/product_tag?post=13363"}],"curies":[{"name":"wp","href":"https:\/\/api.w.org\/{rel}","templated":true}]}}