{"id":13357,"date":"2024-11-22T19:02:20","date_gmt":"2024-11-22T11:02:20","guid":{"rendered":"https:\/\/shop.yipinqian.com\/green-cicada-crafted-on-natural-type-a-jadeite-jade-as-pendant-with-sg-local-seller-certificate-weighs-4-49-grams-measurement-25-1-15-6-8-mm-pendant335\/"},"modified":"2025-02-24T00:49:48","modified_gmt":"2025-02-23T16:49:48","slug":"green-cicada-crafted-on-natural-type-a-jadeite-jade-as-pendant-with-sg-local-seller-certificate-weighs-4-49-grams-measurement-25-1-15-6-8-mm-pendant335","status":"publish","type":"product","link":"https:\/\/shop.yipinqian.com\/es\/producto\/green-cicada-crafted-on-natural-type-a-jadeite-jade-as-pendant-with-sg-local-seller-certificate-weighs-4-49-grams-measurement-25-1-15-6-8-mm-pendant335\/","title":{"rendered":"#Sold \u2013 Cigarra verde elaborada en jade\u00edta natural tipo A como colgante con certificado de vendedor local de SG. Pesa 4,49 gramos y mide 25,1 x 15 x 6,8 mm (colgante 335)."},"content":{"rendered":"<p>Este exquisito colgante de cigarra verde est\u00e1 elaborado en jade jade\u00edta natural tipo A, lo que lo convierte en una impresionante pieza de joyer\u00eda que es \u00fanica y elegante.<\/p>\n<p>&nbsp;<\/p>\n<p>N\u00fameros de certificado: 920660035569<\/p>\n<p><img fetchpriority=\"high\" decoding=\"async\" src=\"https:\/\/shop.yipinqian.com\/wp-content\/uploads\/2024\/11\/4955559f305b4944afc7883db30c9fddtplv-aphluv4xwc-origin-jpeg.jpeg?dr=15568&amp;nonce=86853&amp;refresh_token=d99b743ecc76be052b99916a7648ed60&amp;from=476444299&amp;idc=my2&amp;ps=933b5bde&amp;shcp=9b759fb9&amp;shp=1c65f68b&amp;t=555f072d\" width=\"1080\" height=\"1080\" \/><\/p>\n<ul>\n<li><strong>Peso:<\/strong> 4,49 gramos<\/li>\n<li><strong>Medici\u00f3n:<\/strong> 25,1 x 15 x 6,8 mm<\/li>\n<li><strong>Certificado:<\/strong> S\u00ed (certificado de vendedor local de SG)<\/li>\n<li><strong>Tipo de jade:<\/strong> Jade\u00edta<\/li>\n<li><strong>Estilo del collar:<\/strong>Casual<\/li>\n<li>El dise\u00f1o de cigarra verde a\u00f1ade un toque de naturaleza y belleza a cualquier atuendo, perfecto para el uso diario. Fabricado con jade de alta calidad procedente de Myanmar, este colgante rezuma lujo y artesan\u00eda. Esta pieza unisex es un complemento vers\u00e1til para cualquier colecci\u00f3n de joyas, ya que muestra la belleza natural del jade en un dise\u00f1o atemporal.<\/li>\n<\/ul>\n<p><img decoding=\"async\" class=\"alignnone\" src=\"https:\/\/shop.yipinqian.com\/wp-content\/uploads\/2024\/11\/a78d1c969a3045a2ae8a63dfb1501c61tplv-aphluv4xwc-origin-jpeg.jpeg?dr=15568&amp;nonce=43381&amp;refresh_token=fe681723d3e10ed0c947fdbe70fed1ac&amp;from=476444299&amp;idc=my2&amp;ps=933b5bde&amp;shcp=9b759fb9&amp;shp=1c65f68b&amp;t=555f072d\" alt=\"Green Cicada crafted on Natural Type A Jadeite Jade as Pendant\" width=\"1536\" height=\"2048\" \/><\/p>\n<p><strong>La jade\u00edta natural no es perfecta, solo un peque\u00f1o recordatorio: nuestra jade\u00edta natural, como todas las cosas hermosas de la naturaleza, tiene sus caracter\u00edsticas y variaciones \u00fanicas. Invitamos a nuestros valiosos clientes a adoptar estas variaciones naturales. \u00a1Felices compras!<\/strong><\/p>\n<p>&nbsp;<\/p>\n<p><strong><u>Ninguna de las fotograf\u00edas ni los v\u00eddeos han sido filtrados. Animamos a nuestros clientes a que vean tambi\u00e9n los v\u00eddeos adjuntos para tener una visi\u00f3n m\u00e1s completa de nuestros productos.<\/u><\/strong><\/p>\n<p>&nbsp;<\/p>\n<ul>\n<li>Las diferentes plataformas solo pueden ver videos a trav\u00e9s de la computadora de escritorio<\/li>\n<\/ul>","protected":false},"excerpt":{"rendered":"<p>Green Cicada crafted on Natural Type A Jadeite Jade as Pendant &#8211; a very beautiful jadeite jade pendant, a good buy &#8211; Yi Pin Qian don&#8217;t sell newly arrived jadeite as jadeite need time to find out if it is suitable for selling, we are taking away all risks for jadeite oxidation from our precious customers.<\/p>","protected":false},"featured_media":13448,"comment_status":"open","ping_status":"closed","template":"","meta":[],"product_brand":[],"product_cat":[194],"product_tag":[52,89,70,55,56,58,73,75,60,61,62],"class_list":{"0":"post-13357","1":"product","2":"type-product","3":"status-publish","4":"has-post-thumbnail","6":"product_cat-value-picks","7":"product_tag-certified","8":"product_tag-fengshui","9":"product_tag-green","10":"product_tag-jadeite","11":"product_tag-limited-editions","12":"product_tag-new-arrivals","13":"product_tag-pendant","14":"product_tag-traditional","15":"product_tag-type-a-jadeite","16":"product_tag-unisex","17":"product_tag-yi-pin-qian-exclusive","19":"first","20":"outofstock","21":"sale","22":"shipping-taxable","23":"purchasable","24":"product-type-simple"},"_links":{"self":[{"href":"https:\/\/shop.yipinqian.com\/es\/wp-json\/wp\/v2\/product\/13357","targetHints":{"allow":["GET"]}}],"collection":[{"href":"https:\/\/shop.yipinqian.com\/es\/wp-json\/wp\/v2\/product"}],"about":[{"href":"https:\/\/shop.yipinqian.com\/es\/wp-json\/wp\/v2\/types\/product"}],"replies":[{"embeddable":true,"href":"https:\/\/shop.yipinqian.com\/es\/wp-json\/wp\/v2\/comments?post=13357"}],"version-history":[{"count":0,"href":"https:\/\/shop.yipinqian.com\/es\/wp-json\/wp\/v2\/product\/13357\/revisions"}],"wp:featuredmedia":[{"embeddable":true,"href":"https:\/\/shop.yipinqian.com\/es\/wp-json\/wp\/v2\/media\/13448"}],"wp:attachment":[{"href":"https:\/\/shop.yipinqian.com\/es\/wp-json\/wp\/v2\/media?parent=13357"}],"wp:term":[{"taxonomy":"product_brand","embeddable":true,"href":"https:\/\/shop.yipinqian.com\/es\/wp-json\/wp\/v2\/product_brand?post=13357"},{"taxonomy":"product_cat","embeddable":true,"href":"https:\/\/shop.yipinqian.com\/es\/wp-json\/wp\/v2\/product_cat?post=13357"},{"taxonomy":"product_tag","embeddable":true,"href":"https:\/\/shop.yipinqian.com\/es\/wp-json\/wp\/v2\/product_tag?post=13357"}],"curies":[{"name":"wp","href":"https:\/\/api.w.org\/{rel}","templated":true}]}}