{"id":13348,"date":"2024-11-22T19:02:09","date_gmt":"2024-11-22T11:02:09","guid":{"rendered":"https:\/\/shop.yipinqian.com\/crafted-as-drips-of-dried-millet-lots-of-rice-on-natural-type-a-jadeite-jade-as-pendant-certificate-weighs-48-4-grams-measurement-46-40-15-8-mm-pendant-337\/"},"modified":"2025-01-09T01:19:41","modified_gmt":"2025-01-08T17:19:41","slug":"crafted-as-drips-of-dried-millet-lots-of-rice-on-natural-type-a-jadeite-jade-as-pendant-certificate-weighs-48-4-grams-measurement-46-40-15-8-mm-pendant-337","status":"publish","type":"product","link":"https:\/\/shop.yipinqian.com\/es\/producto\/crafted-as-drips-of-dried-millet-lots-of-rice-on-natural-type-a-jadeite-jade-as-pendant-certificate-weighs-48-4-grams-measurement-46-40-15-8-mm-pendant-337\/","title":{"rendered":"Elaborado como colgante de gotas de mijo seco (mucho arroz) en jade\u00edta natural tipo A como colgante, el certificado pesa 48,4 gramos, medida 46 * 40 * 15,8 mm (colgante 337)"},"content":{"rendered":"<p>Este exquisito colgante presenta un dise\u00f1o \u00fanico, elaborado como gotas de mijo seco sobre jade jade\u00edta tipo A natural, creando una impresionante pieza de joyer\u00eda.<\/p>\n<p><\/p>\n<p><strong>Si necesitas un refuerzo recientemente, \u00bfqu\u00e9 tal si pruebas a usar esto? Full of Rice significa que tienes arroz, no es caro, pru\u00e9balo antes de que alguien lo compre.<\/strong><\/p>\n<p><\/p>\n<p>N\u00fameros de certificado: 910979032962<\/p>\n<p><img fetchpriority=\"high\" decoding=\"async\" src=\"https:\/\/shop.yipinqian.com\/wp-content\/uploads\/2024\/11\/e38eefaead1642ff87da0cc844442e5etplv-aphluv4xwc-origin-jpeg.jpeg?dr=15568&#038;nonce=6316&#038;refresh_token=b83dc462f5eb8106c1ec2e25c47b67ce&#038;from=476444299&#038;idc=my2&#038;ps=933b5bde&#038;shcp=9b759fb9&#038;shp=1c65f68b&#038;t=555f072d\" width=\"1080\" height=\"1080\"><\/p>\n<ul>\n<li>\n<strong>Peso:<\/strong> 48,4 gramos<\/li>\n<li>\n<strong>Medidas:<\/strong> 46 x 40 x 15,8 mm<\/li>\n<li>\n<strong>Certificado:<\/strong> S\u00ed<\/li>\n<li>\n<strong>Tipo de jade:<\/strong> Jade\u00edta<\/li>\n<li>\n<strong>Regi\u00f3n de origen:<\/strong> Birmania<\/li>\n<\/ul>\n<p><img decoding=\"async\" src=\"https:\/\/shop.yipinqian.com\/wp-content\/uploads\/2024\/11\/de6024f61b1b42d9bd29b08028aa753ftplv-aphluv4xwc-origin-jpeg.jpeg?dr=15568&#038;nonce=1660&#038;refresh_token=b6eedc5fe1c1d3e60559d0558e8da8f1&#038;from=476444299&#038;idc=my2&#038;ps=933b5bde&#038;shcp=9b759fb9&#038;shp=1c65f68b&#038;t=555f072d\" width=\"1080\" height=\"1080\"><\/p>\n<p>El colgante est\u00e1 dise\u00f1ado tanto para hombres como para mujeres, lo que lo convierte en un accesorio vers\u00e1til adecuado para cualquier ocasi\u00f3n.<\/p>\n<ul>\n<li>Ocasiones propicias: perfecto para eventos especiales o uso diario.<\/li>\n<li>Estilo de collar casual: ideal para agregar un toque de elegancia a tus atuendos casuales.<\/li>\n<\/ul>\n<p>Agregue este colgante de dise\u00f1o intrincado a su colecci\u00f3n de joyas y disfrute de la belleza y el simbolismo que aporta.<\/p>\n<p>.<strong>La jade\u00edta natural no es perfecta, solo un peque\u00f1o recordatorio: nuestra jade\u00edta natural, como todas las cosas hermosas de la naturaleza, tiene sus caracter\u00edsticas y variaciones \u00fanicas. Invitamos a nuestros valiosos clientes a adoptar estas variaciones naturales. \u00a1Felices compras!<\/strong><\/p>\n<p><\/p>\n<p><strong><u>Ninguna de las fotograf\u00edas ni los v\u00eddeos han sido filtrados. Animamos a nuestros clientes a que vean tambi\u00e9n los v\u00eddeos adjuntos para tener una visi\u00f3n m\u00e1s completa de nuestros productos.<\/u><\/strong><\/p>\n<p><\/p>\n<ul>\n<li>Las diferentes plataformas solo pueden ver videos a trav\u00e9s de la computadora de escritorio<\/li>\n<\/ul>","protected":false},"excerpt":{"rendered":"<p>This exquisite pendant features a unique design, crafted as drips of dried millet on natural Type A Jadeite Jade, creating a stunning piece of jewelry. If you need some booster recently, how about try wearing this, Full of Rice means got Rice, not expensive, try it before someone bought it. Certificate numbers: 910979032962 Weight: 48.4 [&hellip;]<\/p>","protected":false},"featured_media":13396,"comment_status":"open","ping_status":"closed","template":"","meta":[],"product_brand":[],"product_cat":[83,126,48],"product_tag":[52,82,58,73,75,60,61,68,62],"class_list":{"0":"post-13348","1":"product","2":"type-product","3":"status-publish","4":"has-post-thumbnail","6":"product_cat-jade-necklaces-pendants","7":"product_cat-new-arrivals","8":"product_cat-pendants","9":"product_tag-certified","10":"product_tag-light-green","11":"product_tag-new-arrivals","12":"product_tag-pendant","13":"product_tag-traditional","14":"product_tag-type-a-jadeite","15":"product_tag-unisex","16":"product_tag-yellow","17":"product_tag-yi-pin-qian-exclusive","19":"first","20":"instock","21":"sale","22":"shipping-taxable","23":"purchasable","24":"product-type-simple"},"_links":{"self":[{"href":"https:\/\/shop.yipinqian.com\/es\/wp-json\/wp\/v2\/product\/13348","targetHints":{"allow":["GET"]}}],"collection":[{"href":"https:\/\/shop.yipinqian.com\/es\/wp-json\/wp\/v2\/product"}],"about":[{"href":"https:\/\/shop.yipinqian.com\/es\/wp-json\/wp\/v2\/types\/product"}],"replies":[{"embeddable":true,"href":"https:\/\/shop.yipinqian.com\/es\/wp-json\/wp\/v2\/comments?post=13348"}],"version-history":[{"count":0,"href":"https:\/\/shop.yipinqian.com\/es\/wp-json\/wp\/v2\/product\/13348\/revisions"}],"wp:featuredmedia":[{"embeddable":true,"href":"https:\/\/shop.yipinqian.com\/es\/wp-json\/wp\/v2\/media\/13396"}],"wp:attachment":[{"href":"https:\/\/shop.yipinqian.com\/es\/wp-json\/wp\/v2\/media?parent=13348"}],"wp:term":[{"taxonomy":"product_brand","embeddable":true,"href":"https:\/\/shop.yipinqian.com\/es\/wp-json\/wp\/v2\/product_brand?post=13348"},{"taxonomy":"product_cat","embeddable":true,"href":"https:\/\/shop.yipinqian.com\/es\/wp-json\/wp\/v2\/product_cat?post=13348"},{"taxonomy":"product_tag","embeddable":true,"href":"https:\/\/shop.yipinqian.com\/es\/wp-json\/wp\/v2\/product_tag?post=13348"}],"curies":[{"name":"wp","href":"https:\/\/api.w.org\/{rel}","templated":true}]}}