{"id":13343,"date":"2024-11-22T19:02:01","date_gmt":"2024-11-22T11:02:01","guid":{"rendered":"https:\/\/shop.yipinqian.com\/57-8mm-width-13-7-thickness-7-8-mm-peace-bangle-light-green-hue-with-brownish-yellow-natural-type-a-jadeite-jade-certificate-weighs-59-44-grams-bangle20\/"},"modified":"2025-02-24T00:49:48","modified_gmt":"2025-02-23T16:49:48","slug":"57-8mm-width-13-7-thickness-7-8-mm-peace-bangle-light-green-hue-with-brownish-yellow-natural-type-a-jadeite-jade-certificate-weighs-59-44-grams-bangle20","status":"publish","type":"product","link":"https:\/\/shop.yipinqian.com\/es\/producto\/57-8mm-width-13-7-thickness-7-8-mm-peace-bangle-light-green-hue-with-brownish-yellow-natural-type-a-jadeite-jade-certificate-weighs-59-44-grams-bangle20\/","title":{"rendered":"Brazalete de la paz de 57,8 mm, ancho 13,7 x grosor 7,8 mm, tono verde claro con jade\u00edta natural tipo A de color amarillo parduzco, certificado que pesa 59,44 gramos (brazalete 20)"},"content":{"rendered":"<p>This Peace Bangle features a stunning Light Green Hue with Brownish Yellow Natural Type A Jadeite Jade certificate, originating from Myanmar. A perfect accessory for daily wear, this bangle is designed for both men and women.<\/p>\n<p><\/p>\n<p>Certificate numbers: GD2110H002980<\/p>\n<p><img fetchpriority=\"high\" decoding=\"async\" src=\"https:\/\/shop.yipinqian.com\/wp-content\/uploads\/2024\/11\/c77bbcfe1bc041e4848a5091cf6e67a2tplv-aphluv4xwc-origin-jpeg.jpeg?dr=15568&#038;nonce=2800&#038;refresh_token=9c8bdd06c56be537a0e57e0a60470944&#038;from=476444299&#038;idc=my&#038;ps=933b5bde&#038;shcp=9b759fb9&#038;shp=1c65f68b&#038;t=555f072d\" width=\"1080\" height=\"1080\"><\/p>\n<ul>\n<li>\n<strong>Dimensiones:<\/strong> 57.8mm in diameter, 13.7mm in width, and 7.8mm in thickness<\/li>\n<li>\n<strong>Peso:<\/strong> Weighs 59.44 grams<\/li>\n<li>\n<strong>Tipo de jade:<\/strong> Jade\u00edta de alta calidad<\/li>\n<li>\n<strong>Certificado:<\/strong> Viene con un certificado de autenticidad.<\/li>\n<\/ul>\n<p><img decoding=\"async\" src=\"https:\/\/shop.yipinqian.com\/wp-content\/uploads\/2024\/11\/61122923b31643b6aa1237f00c2d5519tplv-aphluv4xwc-origin-jpeg.jpeg?dr=15568&#038;nonce=93800&#038;refresh_token=59f0c3a293bca5ea8174474d84601124&#038;from=476444299&#038;idc=my&#038;ps=933b5bde&#038;shcp=9b759fb9&#038;shp=1c65f68b&#038;t=555f072d\" width=\"1536\" height=\"2048\"><\/p>\n<p>Elegantly crafted and exuding natural beauty, this bangle is a timeless piece that adds a touch of sophistication to any outfit.<\/p>\n<p><\/p>\n<p><strong>La jade\u00edta natural no es perfecta, solo un peque\u00f1o recordatorio: nuestra jade\u00edta natural, como todas las cosas hermosas de la naturaleza, tiene sus caracter\u00edsticas y variaciones \u00fanicas. Invitamos a nuestros valiosos clientes a adoptar estas variaciones naturales. \u00a1Felices compras!<\/strong><\/p>\n<p><\/p>\n<p><strong><u>Ninguna de las fotograf\u00edas ni los v\u00eddeos han sido filtrados. Animamos a nuestros clientes a que vean tambi\u00e9n los v\u00eddeos adjuntos para tener una visi\u00f3n m\u00e1s completa de nuestros productos.<\/u><\/strong><\/p>\n<p><\/p>\n<ul>\n<li>Las diferentes plataformas solo pueden ver videos a trav\u00e9s de la computadora de escritorio<\/li>\n<\/ul>","protected":false},"excerpt":{"rendered":"<p>Este brazalete Peace presenta un impresionante tono verde claro con jade\u00edta natural tipo A de color amarillo parduzco, certificado de origen de Myanmar. Este brazalete, un accesorio perfecto para el uso diario, est\u00e1 dise\u00f1ado tanto para hombres como para mujeres. N\u00fameros de certificado: GD2110H002980 Dimensiones: 57,8 mm de di\u00e1metro, 13,7 mm de ancho y 7,8 mm de grosor Peso: pesa 59,44 gramos Jade [\u2026]<\/p>","protected":false},"featured_media":13350,"comment_status":"open","ping_status":"closed","template":"","meta":[],"product_brand":[],"product_cat":[194],"product_tag":[86,102,52,55,82,113,75,60,61,68,62],"class_list":{"0":"post-13343","1":"product","2":"type-product","3":"status-publish","4":"has-post-thumbnail","6":"product_cat-value-picks","7":"product_tag-bangle","8":"product_tag-bracelet","9":"product_tag-certified","10":"product_tag-jadeite","11":"product_tag-light-green","12":"product_tag-peace-bangle","13":"product_tag-traditional","14":"product_tag-type-a-jadeite","15":"product_tag-unisex","16":"product_tag-yellow","17":"product_tag-yi-pin-qian-exclusive","19":"first","20":"instock","21":"sale","22":"shipping-taxable","23":"purchasable","24":"product-type-simple"},"_links":{"self":[{"href":"https:\/\/shop.yipinqian.com\/es\/wp-json\/wp\/v2\/product\/13343","targetHints":{"allow":["GET"]}}],"collection":[{"href":"https:\/\/shop.yipinqian.com\/es\/wp-json\/wp\/v2\/product"}],"about":[{"href":"https:\/\/shop.yipinqian.com\/es\/wp-json\/wp\/v2\/types\/product"}],"replies":[{"embeddable":true,"href":"https:\/\/shop.yipinqian.com\/es\/wp-json\/wp\/v2\/comments?post=13343"}],"version-history":[{"count":0,"href":"https:\/\/shop.yipinqian.com\/es\/wp-json\/wp\/v2\/product\/13343\/revisions"}],"wp:featuredmedia":[{"embeddable":true,"href":"https:\/\/shop.yipinqian.com\/es\/wp-json\/wp\/v2\/media\/13350"}],"wp:attachment":[{"href":"https:\/\/shop.yipinqian.com\/es\/wp-json\/wp\/v2\/media?parent=13343"}],"wp:term":[{"taxonomy":"product_brand","embeddable":true,"href":"https:\/\/shop.yipinqian.com\/es\/wp-json\/wp\/v2\/product_brand?post=13343"},{"taxonomy":"product_cat","embeddable":true,"href":"https:\/\/shop.yipinqian.com\/es\/wp-json\/wp\/v2\/product_cat?post=13343"},{"taxonomy":"product_tag","embeddable":true,"href":"https:\/\/shop.yipinqian.com\/es\/wp-json\/wp\/v2\/product_tag?post=13343"}],"curies":[{"name":"wp","href":"https:\/\/api.w.org\/{rel}","templated":true}]}}