{"id":1330,"date":"2024-10-24T23:18:26","date_gmt":"2024-10-24T15:18:26","guid":{"rendered":"https:\/\/shop.yipinqian.com\/product\/crafted-with-plum-blossoms-and-deer-natural-type-a-jadeite-pendant-necklace-with-certificate-included-weigh-34-14-grams-54-3-47-5-5-6-mm-symbols-of-good-fortune-beauty-and-happiness-pendant105\/"},"modified":"2025-02-24T00:49:58","modified_gmt":"2025-02-23T16:49:58","slug":"crafted-with-plum-blossoms-and-deer-natural-type-a-jadeite-pendant-necklace-with-certificate-included-weigh-34-14-grams-54-3-47-5-5-6-mm-symbols-of-good-fortune-beauty-and-happiness-pendant105","status":"publish","type":"product","link":"https:\/\/shop.yipinqian.com\/es\/producto\/crafted-with-plum-blossoms-and-deer-natural-type-a-jadeite-pendant-necklace-with-certificate-included-weigh-34-14-grams-54-3-47-5-5-6-mm-symbols-of-good-fortune-beauty-and-happiness-pendant105\/","title":{"rendered":"Collar colgante de jade\u00edta tipo A natural elaborado con flores de ciruelo y ciervo con certificado incluido. Pesa 34,14 gramos, 54,3 x 47,5 x 5,6 mm, s\u00edmbolos de buena fortuna, belleza y felicidad (colgante 105)"},"content":{"rendered":"<p>This exquisite necklace features a natural Type A jadeite pendant with a weight of 34.14 grams and dimensions of 54.3 * 47.5 * 5.6 mm (pendant105), adorned with intricately crafted plum blossoms and deer.<\/p>\n<ul>\n<li>\n<strong>Certificado incluido:<\/strong> This necklace comes with a certificate to ensure the authenticity of the jadeite.<\/li>\n<\/ul>\n<p><strong>Certificate numbers: GD2111H005248<\/strong><\/p>\n<p><img fetchpriority=\"high\" decoding=\"async\" height=\"1080\" src=\"https:\/\/shop.yipinqian.com\/wp-content\/uploads\/2024\/10\/e7f70a52cae08f83f3ef99ed8e9ae8ed.jpg?from=476444299\" width=\"1080\"><\/p>\n<ul>\n<li>\n<strong>Hecho en Myanmar:<\/strong> This piece is crafted in Myanmar, known for producing high-quality jadeite.<\/li>\n<li>\n<strong>Casual style:<\/strong> The necklace&#8217;s casual style makes it perfect for daily wear, adding an elegant touch to any outfit.<\/li>\n<\/ul>\n<p>The natural Type A Jadeite used in this pendant is believed to have protective properties, making it an excellent choice for unisex wearers seeking spiritual benefits while also looking stylish and sophisticated.<\/p>\n<ul>\n<li>Jade type: This pendant features high-quality Jadeite that is known for its rich coloration and durability<\/li>\n<\/ul>\n<p>Elevate your jewelry collection or give this stunning piece as a gift to that special someone who appreciates fine craftsmanship!<\/p>\n<p>\u00a0<\/p>\n<p>Yi Pin Qian \u2013 Comerciante de piedras preciosas y metales preciosos en Singapur \u2013 N\u00famero de licencia PS20190000031<\/p>\n<p>\u00a0<\/p>\n<p>*Todos los jade\u00edtas comprados a Yi Pin Qian en Singapur, los clientes pueden reservar espacios para pulirlos o hacer reparaciones menores por mal manejo; se aplican tarifas y solo para los clientes de Yi Pin Qian en Singapur*<\/p>\n<p>\u00a0<\/p>\n<p><strong>**Tipos de certificados**<\/strong><\/p>\n<p>\u00a0<\/p>\n<p><strong>NGI (Gemolog\u00eda Nan Yang)<\/strong><\/p>\n<p>o <strong>Certificados en el extranjero <\/strong>(Yi Pin Qian solo utiliza certificados aut\u00e9nticos de laboratorios extranjeros y tambi\u00e9n controla la calidad de cada uno de nuestros productos antes de ponerlos a la venta en SG)<\/p>\n<p>\u00a0<\/p>\n<p>Todos los productos de TikTok contar\u00e1n con el tipo de certificado que se indica en la descripci\u00f3n. Para cualquier cliente que desee enviar su pedido a NGI Singapur, habr\u00e1 un tiempo de espera para la entrega del pedido estimado de aproximadamente 4 semanas para recibirlo. <strong>Las solicitudes de informes de NGI Gemstone deben realizarse enviando un mensaje a la tienda TikTok de Yi Pin Qian.<\/strong> Gracias, <strong><u>Se aplican tarifas adicionales<\/u><\/strong>.<\/p>\n<p>\u00a0<\/p>\n<p><strong>La jade\u00edta natural no es perfecta, solo un peque\u00f1o recordatorio: nuestra jade\u00edta natural, como todas las cosas hermosas de la naturaleza, tiene sus caracter\u00edsticas y variaciones \u00fanicas. Invitamos a nuestros valiosos clientes a adoptar estas variaciones naturales. \u00a1Felices compras!<\/strong><\/p>\n<p>\u00a0<\/p>\n<p><strong><u>Ninguna de las fotograf\u00edas ni los v\u00eddeos han sido filtrados. Animamos a nuestros clientes a que vean tambi\u00e9n los v\u00eddeos adjuntos para tener una visi\u00f3n m\u00e1s completa de nuestros productos.<\/u><\/strong><\/p>","protected":false},"excerpt":{"rendered":"<p>This exquisite necklace features a natural Type A jadeite pendant with a weight of 34.14 grams and dimensions of 54.3 * 47.5 * 5.6 mm (pendant105), adorned with intricately crafted plum blossoms and deer. Certificate included: This necklace comes with a certificate to ensure the authenticity of the jadeite. Certificate numbers: GD2111H005248 Made in Myanmar: [&hellip;]<\/p>","protected":false},"featured_media":3383,"comment_status":"open","ping_status":"closed","template":"","meta":[],"product_brand":[],"product_cat":[194],"product_tag":[],"class_list":{"0":"post-1330","1":"product","2":"type-product","3":"status-publish","4":"has-post-thumbnail","6":"product_cat-value-picks","8":"first","9":"instock","10":"sale","11":"shipping-taxable","12":"purchasable","13":"product-type-simple"},"_links":{"self":[{"href":"https:\/\/shop.yipinqian.com\/es\/wp-json\/wp\/v2\/product\/1330","targetHints":{"allow":["GET"]}}],"collection":[{"href":"https:\/\/shop.yipinqian.com\/es\/wp-json\/wp\/v2\/product"}],"about":[{"href":"https:\/\/shop.yipinqian.com\/es\/wp-json\/wp\/v2\/types\/product"}],"replies":[{"embeddable":true,"href":"https:\/\/shop.yipinqian.com\/es\/wp-json\/wp\/v2\/comments?post=1330"}],"version-history":[{"count":0,"href":"https:\/\/shop.yipinqian.com\/es\/wp-json\/wp\/v2\/product\/1330\/revisions"}],"wp:featuredmedia":[{"embeddable":true,"href":"https:\/\/shop.yipinqian.com\/es\/wp-json\/wp\/v2\/media\/3383"}],"wp:attachment":[{"href":"https:\/\/shop.yipinqian.com\/es\/wp-json\/wp\/v2\/media?parent=1330"}],"wp:term":[{"taxonomy":"product_brand","embeddable":true,"href":"https:\/\/shop.yipinqian.com\/es\/wp-json\/wp\/v2\/product_brand?post=1330"},{"taxonomy":"product_cat","embeddable":true,"href":"https:\/\/shop.yipinqian.com\/es\/wp-json\/wp\/v2\/product_cat?post=1330"},{"taxonomy":"product_tag","embeddable":true,"href":"https:\/\/shop.yipinqian.com\/es\/wp-json\/wp\/v2\/product_tag?post=1330"}],"curies":[{"name":"wp","href":"https:\/\/api.w.org\/{rel}","templated":true}]}}