{"id":1328,"date":"2024-10-24T23:18:25","date_gmt":"2024-10-24T15:18:25","guid":{"rendered":"https:\/\/shop.yipinqian.com\/product\/crafted-with-budai-laughing-buddha-elephant-and-ruyi-premium-semi-icy-natural-type-a-jadeite-with-green-patches-pendant-necklace-with-certificate-weigh-45-38-grams-50-5-44-12-3-mm-pendant160\/"},"modified":"2025-02-24T01:17:33","modified_gmt":"2025-02-23T17:17:33","slug":"crafted-with-budai-laughing-buddha-elephant-and-ruyi-premium-semi-icy-natural-type-a-jadeite-with-green-patches-pendant-necklace-with-certificate-weigh-45-38-grams-50-5-44-12-3-mm-pendant160","status":"publish","type":"product","link":"https:\/\/shop.yipinqian.com\/es\/producto\/crafted-with-budai-laughing-buddha-elephant-and-ruyi-premium-semi-icy-natural-type-a-jadeite-with-green-patches-pendant-necklace-with-certificate-weigh-45-38-grams-50-5-44-12-3-mm-pendant160\/","title":{"rendered":"Collar colgante con certificado elaborado con jade\u00edta tipo A natural semi helada de primera calidad de Buda sonriente, elefante y Ruyi con parches verdes que pesa 45,38 gramos, 50,5 * 44 * 12,3 mm (colgante 160)"},"content":{"rendered":"<p>Mejore su colecci\u00f3n de joyas con este exquisito collar colgante de jade\u00edta natural semi helada premium tipo A elaborado con Budai Laughing Buddha, Elephant y Ruyi. El colgante presenta parches verdes en un tama\u00f1o de colgante de 50,5 * 44 * 12,3 mm que pesa 45,38 gramos.<\/p>\n<p>\u00a0<\/p>\n<p><strong>N\u00fameros de certificado: GD2112H004537<\/strong><\/p>\n<ul>\n<li>\n<strong>Dise\u00f1o \u00fanico:<\/strong> El colgante presenta un dise\u00f1o \u00fanico de Budai Laughing Buddha, Elephant y Ruyi, que se considera que traen buena fortuna y prosperidad.<\/li>\n<li>\n<strong>Calidad Premium:<\/strong> Elaborado con jade\u00edta natural tipo A semihelada de primera calidad, conocida por su durabilidad y belleza.<\/li>\n<li>\n<strong>Certificado incluido:<\/strong> Este exquisito collar de jade viene con un certificado que garantiza su autenticidad.<\/li>\n<\/ul>\n<p>Este collar de jade es perfecto para uso informal y es adecuado tanto para hombres como para mujeres, lo que lo hace ideal como regalo en ocasiones especiales como cumplea\u00f1os o bodas.<\/p>\n<ul>\n<li>\n<strong>Tipo de jade: <\/strong>Jade\u00edta<\/li>\n<li>\n<strong>Certificado: <\/strong>S\u00ed<\/li>\n<li>\n<strong>Pa\u00eds natal: <\/strong>Myanmar<\/li>\n<li>\n<strong>Ocasi\u00f3n: <\/strong>Propicio<\/li>\n<li>\n<strong>G\u00e9nero: <\/strong>Unisexo<\/li>\n<li>\n<strong>Estilo de collar:<\/strong> Casual<\/li>\n<\/ul>\n<p>Yi Pin Qian \u2013 Comerciante de piedras preciosas y metales preciosos en Singapur \u2013 N\u00famero de licencia PS20190000031<\/p>\n<p>\u00a0<\/p>\n<p>*Todos los jade\u00edtas comprados a Yi Pin Qian en Singapur, los clientes pueden reservar espacios para pulirlos o hacer reparaciones menores por mal manejo; se aplican tarifas y solo para los clientes de Yi Pin Qian en Singapur*<\/p>\n<p>\u00a0<\/p>\n<p><strong>**Tipos de certificados**<\/strong><\/p>\n<p>\u00a0<\/p>\n<p><strong>NGI (Gemolog\u00eda Nan Yang)<\/strong><\/p>\n<p>o <strong>Certificados en el extranjero <\/strong>(Yi Pin Qian solo utiliza certificados aut\u00e9nticos de laboratorios extranjeros y tambi\u00e9n controla la calidad de cada uno de nuestros productos antes de ponerlos a la venta en SG)<\/p>\n<p>\u00a0<\/p>\n<p>Todos los productos de TikTok contar\u00e1n con el tipo de certificado que se indica en la descripci\u00f3n. Para cualquier cliente que desee enviar su pedido a NGI Singapur, habr\u00e1 un tiempo de espera para la entrega del pedido estimado de aproximadamente 4 semanas para recibirlo. <strong>Las solicitudes de informes de NGI Gemstone deben realizarse enviando un mensaje a la tienda TikTok de Yi Pin Qian.<\/strong> Gracias, <strong><u>Se aplican tarifas adicionales<\/u><\/strong>.<\/p>\n<p>\u00a0<\/p>\n<p><strong>La jade\u00edta natural no es perfecta, solo un peque\u00f1o recordatorio: nuestra jade\u00edta natural, como todas las cosas hermosas de la naturaleza, tiene sus caracter\u00edsticas y variaciones \u00fanicas. Invitamos a nuestros valiosos clientes a adoptar estas variaciones naturales. \u00a1Felices compras!<\/strong><\/p>\n<p>\u00a0<\/p>\n<p><strong><u>Ninguna de las fotograf\u00edas ni los v\u00eddeos han sido filtrados. Animamos a nuestros clientes a que vean tambi\u00e9n los v\u00eddeos adjuntos para tener una visi\u00f3n m\u00e1s completa de nuestros productos.<\/u><\/strong><\/p>\n<p>\u00a0<\/p>\n<ul>\n<li>\u00a0<\/li>\n<\/ul>","protected":false},"excerpt":{"rendered":"<p>Enhance your jewelry collection with this exquisite Crafted with Budai Laughing Buddha, Elephant, and Ruyi Premium Semi Icy Natural Type A Jadeite Pendant Necklace. The pendant features green patches on a 50.5 * 44 * 12.3 mm pendant size weighing 45.38 grams. \u00a0 Certificate numbers: GD2112H004537 Unique Design: The pendant features a unique design of [&hellip;]<\/p>","protected":false},"featured_media":3300,"comment_status":"open","ping_status":"closed","template":"","meta":[],"product_brand":[],"product_cat":[195],"product_tag":[],"class_list":{"0":"post-1328","1":"product","2":"type-product","3":"status-publish","4":"has-post-thumbnail","6":"product_cat-heirloom-grade","8":"first","9":"instock","10":"sale","11":"shipping-taxable","12":"purchasable","13":"product-type-simple"},"_links":{"self":[{"href":"https:\/\/shop.yipinqian.com\/es\/wp-json\/wp\/v2\/product\/1328","targetHints":{"allow":["GET"]}}],"collection":[{"href":"https:\/\/shop.yipinqian.com\/es\/wp-json\/wp\/v2\/product"}],"about":[{"href":"https:\/\/shop.yipinqian.com\/es\/wp-json\/wp\/v2\/types\/product"}],"replies":[{"embeddable":true,"href":"https:\/\/shop.yipinqian.com\/es\/wp-json\/wp\/v2\/comments?post=1328"}],"version-history":[{"count":0,"href":"https:\/\/shop.yipinqian.com\/es\/wp-json\/wp\/v2\/product\/1328\/revisions"}],"wp:featuredmedia":[{"embeddable":true,"href":"https:\/\/shop.yipinqian.com\/es\/wp-json\/wp\/v2\/media\/3300"}],"wp:attachment":[{"href":"https:\/\/shop.yipinqian.com\/es\/wp-json\/wp\/v2\/media?parent=1328"}],"wp:term":[{"taxonomy":"product_brand","embeddable":true,"href":"https:\/\/shop.yipinqian.com\/es\/wp-json\/wp\/v2\/product_brand?post=1328"},{"taxonomy":"product_cat","embeddable":true,"href":"https:\/\/shop.yipinqian.com\/es\/wp-json\/wp\/v2\/product_cat?post=1328"},{"taxonomy":"product_tag","embeddable":true,"href":"https:\/\/shop.yipinqian.com\/es\/wp-json\/wp\/v2\/product_tag?post=1328"}],"curies":[{"name":"wp","href":"https:\/\/api.w.org\/{rel}","templated":true}]}}