{"id":1319,"date":"2024-10-24T23:18:22","date_gmt":"2024-10-24T15:18:22","guid":{"rendered":"https:\/\/shop.yipinqian.com\/product\/crafted-as-cicada-using-natural-type-a-jadeite-jade-as-a-pendant-necklace-with-certificate-weigh-9-25-grams-measurement-40-3-23-2-9-5-mm-pendant185\/"},"modified":"2025-02-24T00:49:58","modified_gmt":"2025-02-23T16:49:58","slug":"crafted-as-cicada-using-natural-type-a-jadeite-jade-as-a-pendant-necklace-with-certificate-weigh-9-25-grams-measurement-40-3-23-2-9-5-mm-pendant185","status":"publish","type":"product","link":"https:\/\/shop.yipinqian.com\/es\/producto\/crafted-as-cicada-using-natural-type-a-jadeite-jade-as-a-pendant-necklace-with-certificate-weigh-9-25-grams-measurement-40-3-23-2-9-5-mm-pendant185\/","title":{"rendered":"Elaborado como una cigarra con jade\u00edta natural tipo A como collar colgante con certificado. Pesa 9,25 gramos y mide 40,3 x 23,2 x 9,5 mm (colgante 185)."},"content":{"rendered":"<p>Mejora tu estilo con este exquisito collar colgante de cigarra, elaborado con jade jade\u00edta natural tipo A 100%.<\/p>\n<p><\/p>\n<p><strong>N\u00fameros de certificado: SZ21244538<\/strong><\/p>\n<ul>\n<li>Con un peso de 9,25 gramos, este collar colgante es ligero y c\u00f3modo de llevar.<\/li>\n<li>Con unas medidas de 40,3 x 23,2 x 9,5 mm (colgante 185), es el tama\u00f1o perfecto para hacer una declaraci\u00f3n sin ser demasiado llamativo.<\/li>\n<li>Cada collar viene con un certificado de autenticidad que garantiza la calidad y autenticidad del jade utilizado en la elaboraci\u00f3n del colgante de cigarra.<\/li>\n<\/ul>\n<p>Los intrincados detalles del dise\u00f1o de la cigarra lo convierten en una pieza \u00fanica que sin duda se destacar\u00e1 entre su colecci\u00f3n de joyas. Tambi\u00e9n se cree que llevar jade trae buena suerte y prosperidad, lo que hace que este collar no solo sea elegante sino tambi\u00e9n significativo. Comb\u00ednelo con su atuendo favorito para lograr un estilo elegante y sin esfuerzo o reg\u00e1lelo a alguien especial que aprecie la artesan\u00eda hermosa y el simbolismo.<\/p>\n<p><\/p>\n<p>Yi Pin Qian \u2013 Comerciante de piedras preciosas y metales preciosos en Singapur \u2013 N\u00famero de licencia PS20190000031<\/p>\n<p><\/p>\n<p>*Todos los jade\u00edtas comprados a Yi Pin Qian en Singapur, los clientes pueden reservar espacios para pulirlos o hacer reparaciones menores por mal manejo; se aplican tarifas y solo para los clientes de Yi Pin Qian en Singapur*<\/p>\n<p><\/p>\n<p><strong>**Tipos de certificados**<\/strong><\/p>\n<p><\/p>\n<p><strong>NGI (Gemolog\u00eda Nan Yang)<\/strong><\/p>\n<p>o <strong>Certificados en el extranjero <\/strong>(Yi Pin Qian solo utiliza certificados aut\u00e9nticos de laboratorios extranjeros y tambi\u00e9n controla la calidad de cada uno de nuestros productos antes de ponerlos a la venta en SG)<\/p>\n<p><\/p>\n<p>Todos los productos de TikTok contar\u00e1n con el tipo de certificado que se indica en la descripci\u00f3n. Para cualquier cliente que desee enviar su pedido a NGI Singapur, habr\u00e1 un tiempo de espera para la entrega del pedido estimado de aproximadamente 4 semanas para recibirlo. <strong>Las solicitudes de informes de NGI Gemstone deben realizarse enviando un mensaje a la tienda TikTok de Yi Pin Qian.<\/strong> Gracias, <strong><u>Se aplican tarifas adicionales<\/u><\/strong>.<\/p>\n<p><\/p>\n<p><strong>La jade\u00edta natural no es perfecta, solo un peque\u00f1o recordatorio: nuestra jade\u00edta natural, como todas las cosas hermosas de la naturaleza, tiene sus caracter\u00edsticas y variaciones \u00fanicas. Invitamos a nuestros valiosos clientes a adoptar estas variaciones naturales. \u00a1Felices compras!<\/strong><\/p>\n<p><\/p>\n<p><strong><u>Ninguna de las fotograf\u00edas ni los v\u00eddeos han sido filtrados. Animamos a nuestros clientes a que vean tambi\u00e9n los v\u00eddeos adjuntos para tener una visi\u00f3n m\u00e1s completa de nuestros productos.<\/u><\/strong><\/p>","protected":false},"excerpt":{"rendered":"<p>Realza tu estilo con este exquisito collar con colgante de cigarra, elaborado con jade\u00edta natural tipo A 100%. N\u00fameros de certificado: SZ21244538 Con un peso de 9,25 gramos, este collar con colgante es ligero y c\u00f3modo de llevar. Con unas medidas de 40,3 x 23,2 x 9,5 mm (colgante 185), es el tama\u00f1o perfecto para hacer una declaraci\u00f3n sin ser demasiado llamativo. [\u2026]<\/p>","protected":false},"featured_media":3042,"comment_status":"open","ping_status":"closed","template":"","meta":[],"product_brand":[],"product_cat":[194],"product_tag":[],"class_list":{"0":"post-1319","1":"product","2":"type-product","3":"status-publish","4":"has-post-thumbnail","6":"product_cat-value-picks","8":"first","9":"instock","10":"sale","11":"shipping-taxable","12":"purchasable","13":"product-type-simple"},"_links":{"self":[{"href":"https:\/\/shop.yipinqian.com\/es\/wp-json\/wp\/v2\/product\/1319","targetHints":{"allow":["GET"]}}],"collection":[{"href":"https:\/\/shop.yipinqian.com\/es\/wp-json\/wp\/v2\/product"}],"about":[{"href":"https:\/\/shop.yipinqian.com\/es\/wp-json\/wp\/v2\/types\/product"}],"replies":[{"embeddable":true,"href":"https:\/\/shop.yipinqian.com\/es\/wp-json\/wp\/v2\/comments?post=1319"}],"version-history":[{"count":0,"href":"https:\/\/shop.yipinqian.com\/es\/wp-json\/wp\/v2\/product\/1319\/revisions"}],"wp:featuredmedia":[{"embeddable":true,"href":"https:\/\/shop.yipinqian.com\/es\/wp-json\/wp\/v2\/media\/3042"}],"wp:attachment":[{"href":"https:\/\/shop.yipinqian.com\/es\/wp-json\/wp\/v2\/media?parent=1319"}],"wp:term":[{"taxonomy":"product_brand","embeddable":true,"href":"https:\/\/shop.yipinqian.com\/es\/wp-json\/wp\/v2\/product_brand?post=1319"},{"taxonomy":"product_cat","embeddable":true,"href":"https:\/\/shop.yipinqian.com\/es\/wp-json\/wp\/v2\/product_cat?post=1319"},{"taxonomy":"product_tag","embeddable":true,"href":"https:\/\/shop.yipinqian.com\/es\/wp-json\/wp\/v2\/product_tag?post=1319"}],"curies":[{"name":"wp","href":"https:\/\/api.w.org\/{rel}","templated":true}]}}