{"id":1315,"date":"2024-10-24T23:18:21","date_gmt":"2024-10-24T15:18:21","guid":{"rendered":"https:\/\/shop.yipinqian.com\/product\/crafted-as-bamboo-with-pixiu-on-it-light-green-patches-natural-type-a-jadeite-jade-pendant-necklace-with-certificate-weigh-24-54-grams-measurement-41-3-24-6-11-7-mm-pendant177\/"},"modified":"2025-02-24T00:49:58","modified_gmt":"2025-02-23T16:49:58","slug":"crafted-as-bamboo-with-pixiu-on-it-light-green-patches-natural-type-a-jadeite-jade-pendant-necklace-with-certificate-weigh-24-54-grams-measurement-41-3-24-6-11-7-mm-pendant177","status":"publish","type":"product","link":"https:\/\/shop.yipinqian.com\/es\/producto\/crafted-as-bamboo-with-pixiu-on-it-light-green-patches-natural-type-a-jadeite-jade-pendant-necklace-with-certificate-weigh-24-54-grams-measurement-41-3-24-6-11-7-mm-pendant177\/","title":{"rendered":"Collar colgante de jade\u00edta natural tipo A con parches de color verde claro, elaborado a partir de bamb\u00fa con Pixiu, con certificado, pesa 24,54 gramos y mide 41,3 x 24,6 x 11,7 mm (colgante 177)"},"content":{"rendered":"<article class=\"lzd-article\" style=\"white-space:break-spaces\">\n<p style=\"line-height:1.7;text-align:left;text-indent:0;margin-left:0;margin-top:0;margin-bottom:0\"><span>Este collar con colgante de jade\u00edta natural tipo A est\u00e1 elaborado con bamb\u00fa y tiene un s\u00edmbolo de Pixiu. Tiene manchas de color verde claro. Pesa 24,54 gramos y mide 41,3 x 24,6 x 11,7 mm (colgante 177).<\/span><\/p>\n<p style=\"line-height:1.7;text-align:left;text-indent:0;margin-left:0;margin-top:0;margin-bottom:0\"><span> <\/span><\/p>\n<p style=\"line-height:1.7;text-align:left;text-indent:0;margin-left:0;margin-top:0;margin-bottom:0\"><span style=\"font-weight:bold\">N\u00fameros de certificado: <\/span><span>ZS221121059<\/span><\/p>\n<ul>\n<li>\n<div style=\"line-height:1.7;text-align:left;text-indent:0\">\n<span style=\"font-weight:bold\">Autenticidad:<\/span><span> Este colgante viene con un certificado de autenticidad.<\/span>\n<\/div>\n<\/li>\n<li>\n<div style=\"line-height:1.7;text-align:left;text-indent:0\">\n<span style=\"font-weight:bold\">Hecho en Myanmar:<\/span><span> Este colgante est\u00e1 fabricado en Myanmar, donde el jade jade\u00edta es muy valorado.<\/span>\n<\/div>\n<\/li>\n<\/ul>\n<p style=\"line-height:1.7;text-align:left;text-indent:0;margin-left:0;margin-top:0;margin-bottom:0\"><span>Este collar es un gran accesorio diario tanto para hombres como para mujeres, con su estilo informal.<\/span><\/p>\n<ul>\n<li>\n<div style=\"line-height:1.7;text-align:left;text-indent:0\">\n<span style=\"font-weight:bold\">Tipo de jade:<\/span><span> Hecho de codiciada jade\u00edta, conocida por sus colores vivos y durabilidad.<\/span>\n<\/div>\n<\/li>\n<\/ul>\n<p style=\"line-height:1.7;text-align:left;text-indent:0;margin-left:0;margin-top:0;margin-bottom:0\"><span>Este colgante, dise\u00f1ado para parecerse a brotes de bamb\u00fa con la criatura m\u00edtica Pixiu, muestra una artesan\u00eda intrincada. Lamentablemente, este producto no viene con un tipo de garant\u00eda especificado. \u00a1Agregue un poco de elegancia a su colecci\u00f3n de joyas o regale esta exquisita pieza a alguien especial!<\/span><\/p>\n<\/article>","protected":false},"excerpt":{"rendered":"<p>This Natural Type A Jadeite Jade Pendant Necklace is crafted as Bamboo with Pixiu on it and features light green patches. It weighs 24.54 grams and measures 41.3 * 24.6 * 11.7 mm (pendant177). Certificate numbers: ZS221121059 Authenticity: This pendant comes with a certificate of authenticity. Made in Myanmar: This pendant is made in Myanmar, [&hellip;]<\/p>","protected":false},"featured_media":2971,"comment_status":"open","ping_status":"closed","template":"","meta":[],"product_brand":[],"product_cat":[194],"product_tag":[],"class_list":{"0":"post-1315","1":"product","2":"type-product","3":"status-publish","4":"has-post-thumbnail","6":"product_cat-value-picks","8":"first","9":"instock","10":"sale","11":"shipping-taxable","12":"purchasable","13":"product-type-simple"},"_links":{"self":[{"href":"https:\/\/shop.yipinqian.com\/es\/wp-json\/wp\/v2\/product\/1315","targetHints":{"allow":["GET"]}}],"collection":[{"href":"https:\/\/shop.yipinqian.com\/es\/wp-json\/wp\/v2\/product"}],"about":[{"href":"https:\/\/shop.yipinqian.com\/es\/wp-json\/wp\/v2\/types\/product"}],"replies":[{"embeddable":true,"href":"https:\/\/shop.yipinqian.com\/es\/wp-json\/wp\/v2\/comments?post=1315"}],"version-history":[{"count":0,"href":"https:\/\/shop.yipinqian.com\/es\/wp-json\/wp\/v2\/product\/1315\/revisions"}],"wp:featuredmedia":[{"embeddable":true,"href":"https:\/\/shop.yipinqian.com\/es\/wp-json\/wp\/v2\/media\/2971"}],"wp:attachment":[{"href":"https:\/\/shop.yipinqian.com\/es\/wp-json\/wp\/v2\/media?parent=1315"}],"wp:term":[{"taxonomy":"product_brand","embeddable":true,"href":"https:\/\/shop.yipinqian.com\/es\/wp-json\/wp\/v2\/product_brand?post=1315"},{"taxonomy":"product_cat","embeddable":true,"href":"https:\/\/shop.yipinqian.com\/es\/wp-json\/wp\/v2\/product_cat?post=1315"},{"taxonomy":"product_tag","embeddable":true,"href":"https:\/\/shop.yipinqian.com\/es\/wp-json\/wp\/v2\/product_tag?post=1315"}],"curies":[{"name":"wp","href":"https:\/\/api.w.org\/{rel}","templated":true}]}}