{"id":1314,"date":"2024-10-24T23:18:20","date_gmt":"2024-10-24T15:18:20","guid":{"rendered":"https:\/\/shop.yipinqian.com\/product\/crafted-as-5-3-4-2-2-4-mm-icy-translucent-cabochon-with-high-quality-natural-type-a-jadeite-jade-set-with-s925-as-ring-certificate-weighs-1-76-grams-s925ring17\/"},"modified":"2025-01-10T06:30:03","modified_gmt":"2025-01-09T22:30:03","slug":"crafted-as-5-3-4-2-2-4-mm-icy-translucent-cabochon-with-high-quality-natural-type-a-jadeite-jade-set-with-s925-as-ring-certificate-weighs-1-76-grams-s925ring17","status":"publish","type":"product","link":"https:\/\/shop.yipinqian.com\/es\/producto\/crafted-as-5-3-4-2-2-4-mm-icy-translucent-cabochon-with-high-quality-natural-type-a-jadeite-jade-set-with-s925-as-ring-certificate-weighs-1-76-grams-s925ring17\/","title":{"rendered":"Elaborado como cabuj\u00f3n transl\u00facido helado de 5,3 x 4,2 x 2,4 mm con jade\u00edta natural tipo A de alta calidad engastado con S925 como anillo, el certificado pesa 1,76 gramos (s925ring17)"},"content":{"rendered":"<p>Mejore su colecci\u00f3n de joyas con este exquisito anillo de jade\u00edta-jade natural tipo A con cabuj\u00f3n transl\u00facido helado de alta calidad de 5,3 x 4,2 x 2,4 mm. (Tama\u00f1o libre ajustable)<\/p>\n<p><\/p>\n<p>N\u00fameros de certificado: YJC2308343066<\/p>\n<p><img fetchpriority=\"high\" decoding=\"async\" src=\"https:\/\/shop.yipinqian.com\/wp-content\/uploads\/2024\/10\/2b1e14dca1b64cb7b469cd13de60dca3tplv-aphluv4xwc-origin-jpeg.jpeg?from=476444299\" width=\"1080\" height=\"1080\"><\/p>\n<ul>\n<li>\n<strong>Calidad Premium:<\/strong> Fabricado con jade\u00edta natural tipo A, este anillo irradia elegancia y sofisticaci\u00f3n.<\/li>\n<li>\n<strong>Dise\u00f1o \u00fanico:<\/strong> El cabuj\u00f3n transl\u00facido helado a\u00f1ade un toque de singularidad a su conjunto.<\/li>\n<li>\n<strong>Configuraci\u00f3n S925:<\/strong> Montado en material S925, garantizando durabilidad y un brillo duradero.<\/li>\n<\/ul>\n<p>Este impresionante anillo pesa 1,76 gramos y viene con un certificado de autenticidad, lo que lo convierte en una valiosa adici\u00f3n a su colecci\u00f3n de accesorios.<\/p>\n<p><\/p>\n<ul>\n<li>\n<strong>Certificado incluido:<\/strong> S\u00ed<\/li>\n<li>Hecho en Myanmar,<\/li>\n<\/ul>\n<p>Ideal para el uso diario, esta pieza es perfecta para cualquier ocasi\u00f3n y es una excelente opci\u00f3n de regalo para la mujer moderna que aprecia la buena artesan\u00eda.<\/p>\n<ul>\n<li>Garant\u00eda de joyer\u00eda: No<\/li>\n<li>G\u00e9nero: Femenino<\/li>\n<\/ul>\n<p data-pm-slice=\"1 1 []\"><strong>La jade\u00edta natural no es perfecta, solo un peque\u00f1o recordatorio: nuestra jade\u00edta natural, como todas las cosas hermosas de la naturaleza, tiene sus caracter\u00edsticas y variaciones \u00fanicas. Invitamos a nuestros valiosos clientes a adoptar estas variaciones naturales. \u00a1Felices compras!<\/strong><\/p>\n<p>\u00a0<\/p>\n<p><strong><u>Ninguna de las fotograf\u00edas ni los v\u00eddeos han sido filtrados. Animamos a nuestros clientes a que vean tambi\u00e9n los v\u00eddeos adjuntos para tener una visi\u00f3n m\u00e1s completa de nuestros productos.<\/u><\/strong><\/p>\n<p>\u00a0<\/p>\n<ul>\n<li>Las diferentes plataformas solo pueden ver videos a trav\u00e9s de la computadora de escritorio<\/li>\n<\/ul>\n<p>\u00a0<\/p>","protected":false},"excerpt":{"rendered":"<p>Mejore su colecci\u00f3n de joyas con este exquisito anillo de jade\u00edta-jade natural tipo A con cabuj\u00f3n transl\u00facido helado de alta calidad de 5,3 x 4,2 x 2,4 mm. (Tama\u00f1o libre ajustable) N\u00fameros de certificado: YJC2308343066 Calidad pr\u00e9mium: hecho con jade\u00edta-jade natural tipo A, este anillo irradia elegancia y sofisticaci\u00f3n. Dise\u00f1o \u00fanico: el cabuj\u00f3n transl\u00facido helado agrega un toque de singularidad a su conjunto. Plata de ley S925 [\u2026]<\/p>","protected":false},"featured_media":2922,"comment_status":"open","ping_status":"closed","template":"","meta":[],"product_brand":[],"product_cat":[80,126,149,125],"product_tag":[64,52,72,65,54,66,55,56,58,71,67,59,60,62],"class_list":{"0":"post-1314","1":"product","2":"type-product","3":"status-publish","4":"has-post-thumbnail","6":"product_cat-jade-rings","7":"product_cat-new-arrivals","8":"product_cat-s925-rings","9":"product_cat-s925-settings-jadeites","10":"product_tag-cabochon","11":"product_tag-certified","12":"product_tag-female","13":"product_tag-high-quality","14":"product_tag-icy","15":"product_tag-jade-ring","16":"product_tag-jadeite","17":"product_tag-limited-editions","18":"product_tag-new-arrivals","19":"product_tag-ring","20":"product_tag-s925","21":"product_tag-translucent","22":"product_tag-type-a-jadeite","23":"product_tag-yi-pin-qian-exclusive","25":"first","26":"instock","27":"sale","28":"shipping-taxable","29":"purchasable","30":"product-type-simple"},"_links":{"self":[{"href":"https:\/\/shop.yipinqian.com\/es\/wp-json\/wp\/v2\/product\/1314","targetHints":{"allow":["GET"]}}],"collection":[{"href":"https:\/\/shop.yipinqian.com\/es\/wp-json\/wp\/v2\/product"}],"about":[{"href":"https:\/\/shop.yipinqian.com\/es\/wp-json\/wp\/v2\/types\/product"}],"replies":[{"embeddable":true,"href":"https:\/\/shop.yipinqian.com\/es\/wp-json\/wp\/v2\/comments?post=1314"}],"version-history":[{"count":0,"href":"https:\/\/shop.yipinqian.com\/es\/wp-json\/wp\/v2\/product\/1314\/revisions"}],"wp:featuredmedia":[{"embeddable":true,"href":"https:\/\/shop.yipinqian.com\/es\/wp-json\/wp\/v2\/media\/2922"}],"wp:attachment":[{"href":"https:\/\/shop.yipinqian.com\/es\/wp-json\/wp\/v2\/media?parent=1314"}],"wp:term":[{"taxonomy":"product_brand","embeddable":true,"href":"https:\/\/shop.yipinqian.com\/es\/wp-json\/wp\/v2\/product_brand?post=1314"},{"taxonomy":"product_cat","embeddable":true,"href":"https:\/\/shop.yipinqian.com\/es\/wp-json\/wp\/v2\/product_cat?post=1314"},{"taxonomy":"product_tag","embeddable":true,"href":"https:\/\/shop.yipinqian.com\/es\/wp-json\/wp\/v2\/product_tag?post=1314"}],"curies":[{"name":"wp","href":"https:\/\/api.w.org\/{rel}","templated":true}]}}