{"id":1287,"date":"2024-10-24T23:18:12","date_gmt":"2024-10-24T15:18:12","guid":{"rendered":"https:\/\/shop.yipinqian.com\/product\/black-wuji-natural-type-a-jadeite-jade-crafted-with-16-13mm-beads-as-a-bracelet-with-qic-labs-approved-certificate-weigh-60-39-grams-bracelet19\/"},"modified":"2025-02-17T00:01:33","modified_gmt":"2025-02-16T16:01:33","slug":"black-wuji-natural-type-a-jadeite-jade-crafted-with-16-13mm-beads-as-a-bracelet-with-qic-labs-approved-certificate-weigh-60-39-grams-bracelet19","status":"publish","type":"product","link":"https:\/\/shop.yipinqian.com\/es\/producto\/black-wuji-natural-type-a-jadeite-jade-crafted-with-16-13mm-beads-as-a-bracelet-with-qic-labs-approved-certificate-weigh-60-39-grams-bracelet19\/","title":{"rendered":"Jade\u00edta natural tipo A de Wuji negro elaborado con cuentas de 16 * 13 mm como pulsera con certificado aprobado por los laboratorios QIC que pesa 60,39 gramos (pulsera19)"},"content":{"rendered":"<p>Esta pulsera de jade\u00edta natural tipo A de Wuji negro es un accesorio espectacular para usar a diario. Elaborada con cuentas de 16 x 13 mm y con un peso de 60,39 gramos, esta pulsera rezuma lujo y sofisticaci\u00f3n. Caracter\u00edsticas principales:<\/p>\n<p>\u00a0<\/p>\n<p>N\u00fameros de certificado: 5824011602362<\/p>\n<ul>\n<li>Elaborado con jade\u00edta natural tipo A.<\/li>\n<li>Certificado de autenticidad aprobado por laboratorios QIC<\/li>\n<li>Pesa 60,39 gramos<\/li>\n<li>Elegante dise\u00f1o Wuji en color negro<\/li>\n<\/ul>\n<p>Esta pulsera es el complemento perfecto para cualquier colecci\u00f3n de joyas, ya que cuenta con un dise\u00f1o \u00fanico que la distingue del resto. El patr\u00f3n Wuji negro a\u00f1ade un elemento de intriga a las lujosas cuentas de jade. Ya sea que te vistas de manera elegante o informal, esta pulsera es lo suficientemente vers\u00e1til para cualquier ocasi\u00f3n. Adem\u00e1s, viene con un certificado de autenticidad de los laboratorios QIC para que puedas estar seguro de tu compra. En general, esta pulsera de jade\u00edta natural tipo A Wuji negra es un accesorio exquisito que rezuma sofisticaci\u00f3n y clase, lo que la convierte en la opci\u00f3n perfecta para el uso diario o para ocasiones especiales.<\/p>\n<p>\u00a0<\/p>\n<p><strong>La jade\u00edta natural no es perfecta, solo un peque\u00f1o recordatorio: nuestra jade\u00edta natural, como todas las cosas hermosas de la naturaleza, tiene sus caracter\u00edsticas y variaciones \u00fanicas. Invitamos a nuestros valiosos clientes a adoptar estas variaciones naturales. \u00a1Felices compras!<\/strong><\/p>\n<p>\u00a0<\/p>\n<p><strong><u>Ninguna de las fotograf\u00edas ni los v\u00eddeos han sido filtrados. Animamos a nuestros clientes a que vean tambi\u00e9n los v\u00eddeos adjuntos para tener una visi\u00f3n m\u00e1s completa de nuestros productos.<\/u><\/strong><\/p>","protected":false},"excerpt":{"rendered":"<p>Esta pulsera de jade\u00edta natural tipo A de Wuji negro es un accesorio impresionante para el uso diario. Elaborada con cuentas de 16 * 13 mm y con un peso de 60,39 gramos, esta pulsera rezuma lujo y sofisticaci\u00f3n. Caracter\u00edsticas principales: N\u00fameros de certificado: 5824011602362 Elaborada con jade\u00edta natural tipo A Certificado de autenticidad aprobado por los laboratorios QIC Pesa 60,39 [\u2026]<\/p>","protected":false},"featured_media":2647,"comment_status":"open","ping_status":"closed","template":"","meta":[],"product_brand":[],"product_cat":[121,84],"product_tag":[],"class_list":{"0":"post-1287","1":"product","2":"type-product","3":"status-publish","4":"has-post-thumbnail","6":"product_cat-bracelets-bangles","7":"product_cat-charms-and-charm-bracelet","9":"first","10":"instock","11":"sale","12":"shipping-taxable","13":"purchasable","14":"product-type-simple"},"_links":{"self":[{"href":"https:\/\/shop.yipinqian.com\/es\/wp-json\/wp\/v2\/product\/1287","targetHints":{"allow":["GET"]}}],"collection":[{"href":"https:\/\/shop.yipinqian.com\/es\/wp-json\/wp\/v2\/product"}],"about":[{"href":"https:\/\/shop.yipinqian.com\/es\/wp-json\/wp\/v2\/types\/product"}],"replies":[{"embeddable":true,"href":"https:\/\/shop.yipinqian.com\/es\/wp-json\/wp\/v2\/comments?post=1287"}],"version-history":[{"count":0,"href":"https:\/\/shop.yipinqian.com\/es\/wp-json\/wp\/v2\/product\/1287\/revisions"}],"wp:featuredmedia":[{"embeddable":true,"href":"https:\/\/shop.yipinqian.com\/es\/wp-json\/wp\/v2\/media\/2647"}],"wp:attachment":[{"href":"https:\/\/shop.yipinqian.com\/es\/wp-json\/wp\/v2\/media?parent=1287"}],"wp:term":[{"taxonomy":"product_brand","embeddable":true,"href":"https:\/\/shop.yipinqian.com\/es\/wp-json\/wp\/v2\/product_brand?post=1287"},{"taxonomy":"product_cat","embeddable":true,"href":"https:\/\/shop.yipinqian.com\/es\/wp-json\/wp\/v2\/product_cat?post=1287"},{"taxonomy":"product_tag","embeddable":true,"href":"https:\/\/shop.yipinqian.com\/es\/wp-json\/wp\/v2\/product_tag?post=1287"}],"curies":[{"name":"wp","href":"https:\/\/api.w.org\/{rel}","templated":true}]}}