{"id":1285,"date":"2024-10-24T23:18:11","date_gmt":"2024-10-24T15:18:11","guid":{"rendered":"https:\/\/shop.yipinqian.com\/product\/big-jadeite-jade-green-with-brown-natural-type-a-crafted-with-sceneries-as-pendant-good-for-fengshui-certificate-weighs-76-47-grams-measurement-67-6-50-10-8-mm-pendant305\/"},"modified":"2025-02-24T01:17:33","modified_gmt":"2025-02-23T17:17:33","slug":"big-jadeite-jade-green-with-brown-natural-type-a-crafted-with-sceneries-as-pendant-good-for-fengshui-certificate-weighs-76-47-grams-measurement-67-6-50-10-8-mm-pendant305","status":"publish","type":"product","link":"https:\/\/shop.yipinqian.com\/es\/producto\/big-jadeite-jade-green-with-brown-natural-type-a-crafted-with-sceneries-as-pendant-good-for-fengshui-certificate-weighs-76-47-grams-measurement-67-6-50-10-8-mm-pendant305\/","title":{"rendered":"Gran jade\u00edta-jade, verde con marr\u00f3n, tipo A natural elaborado con paisajes como colgante, bueno para el Fengshui, certificado pesa 76,47 gramos, medida 67,6 * 50 * 10,8 mm (colgante 305)"},"content":{"rendered":"<p>Este gran colgante de jade\u00edta-jade presenta un impresionante jade natural tipo A verde con marr\u00f3n, elaborado meticulosamente con paisajes intrincados, lo que lo convierte en un accesorio perfecto para quienes buscan un buen Fengshui.<\/p>\n<p><\/p>\n<p>N\u00fameros de certificado: GD2110H004315<\/p>\n<p><img fetchpriority=\"high\" decoding=\"async\" src=\"https:\/\/shop.yipinqian.com\/wp-content\/uploads\/2024\/10\/1b68788861614c1b8ca86a7a38374a69tplv-aphluv4xwc-origin-jpeg.jpeg?dr=15568&amp;nonce=78975&amp;refresh_token=4b2171d6d286cf562a94eb8f37a25231&amp;from=476444299&amp;idc=my&amp;ps=933b5bde&amp;shcp=9b759fb9&amp;shp=1c65f68b&amp;t=555f072d\" width=\"1080\" height=\"1080\"><\/p>\n<ul>\n<li><strong>Peso y medidas:<\/strong><\/li>\n<li>Con un peso de 76,47 gramos, este colgante mide 67,6 * 50 * 10,8 mm (colgante 305), lo que lo convierte en una pieza sustancial y llamativa.<\/li>\n<\/ul>\n<p><img decoding=\"async\" src=\"https:\/\/shop.yipinqian.com\/wp-content\/uploads\/2024\/10\/cf8b13f1b5d14ed8895a13317bad40a0tplv-aphluv4xwc-origin-jpeg.jpeg?dr=15568&amp;nonce=17810&amp;refresh_token=092d1f3ac0bcd48842122adc221a2187&amp;from=476444299&amp;idc=my&amp;ps=933b5bde&amp;shcp=9b759fb9&amp;shp=1c65f68b&amp;t=555f072d\" width=\"1080\" height=\"1080\"><\/p>\n<p>Mejora tu energ\u00eda y estilo con esta auspiciosa pieza que viene con un certificado de autenticidad, asegurando su calidad.<\/p>\n<ul>\n<li><strong>Atributos del producto:<\/strong><\/li>\n<li>\n<strong>Certificado:<\/strong> S\u00ed<\/li>\n<li>\n<strong>Pa\u00eds natal:<\/strong> Birmania<\/li>\n<li><strong>Ocasi\u00f3n: auspiciosa<\/strong><\/li>\n<li><strong>Tipo de garant\u00eda: NO<\/strong><\/li>\n<li><strong>G\u00c9NERO: UNISEX<\/strong><\/li>\n<li><strong>TIPO DE JADE: JADE\u00cdTA<\/strong><\/li>\n<li><strong>ESTILO DE COLLAR: CASUAL<\/strong><\/li>\n<\/ul>\n<p><strong>Este collar unisex est\u00e1 elaborado con jade jade\u00edta de alta calidad y agrega elegancia y energ\u00eda positiva a cualquier atuendo u ocasi\u00f3n informal.<\/strong><\/p>\n<p><\/p>\n<p>Yi Pin Qian \u2013 Comerciante de piedras preciosas y metales preciosos en Singapur \u2013 N\u00famero de licencia PS20190000031<\/p>\n<p><\/p>\n<p>*Todos los jade\u00edtas comprados a Yi Pin Qian en Singapur, los clientes pueden reservar espacios para pulirlos o hacer reparaciones menores por mal manejo; se aplican tarifas y solo para los clientes de Yi Pin Qian en Singapur*<\/p>\n<p><\/p>\n<p><strong>**Tipos de certificados**<\/strong><\/p>\n<p><\/p>\n<p><strong>NGI (Gemolog\u00eda Nan Yang)<\/strong><\/p>\n<p>o <strong>Certificados en el extranjero <\/strong>(Yi Pin Qian solo utiliza certificados aut\u00e9nticos de laboratorios extranjeros y tambi\u00e9n controla la calidad de cada uno de nuestros productos antes de ponerlos a la venta en SG)<\/p>\n<p><\/p>\n<p>Todos los productos de TikTok contar\u00e1n con el tipo de certificado que se indica en la descripci\u00f3n. Para cualquier cliente que desee enviar su pedido a NGI Singapur, habr\u00e1 un tiempo de espera para la entrega del pedido estimado de aproximadamente 4 semanas para recibirlo. <strong>Las solicitudes de informes de NGI Gemstone deben realizarse envi\u00e1ndonos un mensaje.<\/strong> Gracias, <strong><u>Se aplican tarifas adicionales<\/u><\/strong>.<\/p>\n<p><\/p>\n<p><strong>La jade\u00edta natural no es perfecta, solo un peque\u00f1o recordatorio: nuestra jade\u00edta natural, como todas las cosas hermosas de la naturaleza, tiene sus caracter\u00edsticas y variaciones \u00fanicas. Invitamos a nuestros valiosos clientes a adoptar estas variaciones naturales. \u00a1Felices compras!<\/strong><\/p>\n<p><\/p>\n<p><strong><u>Ninguna de las fotograf\u00edas ni los v\u00eddeos han sido filtrados. Animamos a nuestros clientes a que vean tambi\u00e9n los v\u00eddeos adjuntos para tener una visi\u00f3n m\u00e1s completa de nuestros productos.<\/u><\/strong><\/p>\n<p><\/p>\n<ul>\n<li>Las diferentes plataformas solo pueden ver videos a trav\u00e9s de la computadora de escritorio<\/li>\n<\/ul>","protected":false},"excerpt":{"rendered":"<p>This Big Jadeite-Jade pendant features a stunning Green with Brown Natural Type A jade, meticulously crafted with intricate sceneries, making it a perfect accessory for those seeking good Fengshui. Certificate numbers: GD2110H004315 Weight and Measurement: Weighing 76.47 grams, these pendant measures 67.6 * 50 * 10.8 mm (pendant305), making it a substantial and eye-catching piece. [&hellip;]<\/p>","protected":false},"featured_media":2581,"comment_status":"open","ping_status":"closed","template":"","meta":[],"product_brand":[],"product_cat":[195],"product_tag":[52,89,70,79,65,55,56,58,73,75,60,61,68,62],"class_list":{"0":"post-1285","1":"product","2":"type-product","3":"status-publish","4":"has-post-thumbnail","6":"product_cat-heirloom-grade","7":"product_tag-certified","8":"product_tag-fengshui","9":"product_tag-green","10":"product_tag-green-hue","11":"product_tag-high-quality","12":"product_tag-jadeite","13":"product_tag-limited-editions","14":"product_tag-new-arrivals","15":"product_tag-pendant","16":"product_tag-traditional","17":"product_tag-type-a-jadeite","18":"product_tag-unisex","19":"product_tag-yellow","20":"product_tag-yi-pin-qian-exclusive","22":"first","23":"instock","24":"sale","25":"shipping-taxable","26":"purchasable","27":"product-type-simple"},"_links":{"self":[{"href":"https:\/\/shop.yipinqian.com\/es\/wp-json\/wp\/v2\/product\/1285","targetHints":{"allow":["GET"]}}],"collection":[{"href":"https:\/\/shop.yipinqian.com\/es\/wp-json\/wp\/v2\/product"}],"about":[{"href":"https:\/\/shop.yipinqian.com\/es\/wp-json\/wp\/v2\/types\/product"}],"replies":[{"embeddable":true,"href":"https:\/\/shop.yipinqian.com\/es\/wp-json\/wp\/v2\/comments?post=1285"}],"version-history":[{"count":0,"href":"https:\/\/shop.yipinqian.com\/es\/wp-json\/wp\/v2\/product\/1285\/revisions"}],"wp:featuredmedia":[{"embeddable":true,"href":"https:\/\/shop.yipinqian.com\/es\/wp-json\/wp\/v2\/media\/2581"}],"wp:attachment":[{"href":"https:\/\/shop.yipinqian.com\/es\/wp-json\/wp\/v2\/media?parent=1285"}],"wp:term":[{"taxonomy":"product_brand","embeddable":true,"href":"https:\/\/shop.yipinqian.com\/es\/wp-json\/wp\/v2\/product_brand?post=1285"},{"taxonomy":"product_cat","embeddable":true,"href":"https:\/\/shop.yipinqian.com\/es\/wp-json\/wp\/v2\/product_cat?post=1285"},{"taxonomy":"product_tag","embeddable":true,"href":"https:\/\/shop.yipinqian.com\/es\/wp-json\/wp\/v2\/product_tag?post=1285"}],"curies":[{"name":"wp","href":"https:\/\/api.w.org\/{rel}","templated":true}]}}