{"id":1280,"date":"2024-10-24T23:18:10","date_gmt":"2024-10-24T15:18:10","guid":{"rendered":"https:\/\/shop.yipinqian.com\/product\/beautifully-designed-rare-yellow-natural-type-a-jadeite-jade-crafted-as-swan-set-on-18k-gold-with-diamonds-certificate-weighs-5-36-grams-18kp38\/"},"modified":"2025-06-07T00:36:00","modified_gmt":"2025-06-06T16:36:00","slug":"beautifully-designed-rare-yellow-natural-type-a-jadeite-jade-crafted-as-swan-set-on-18k-gold-with-diamonds-certificate-weighs-5-36-grams-18kp38","status":"publish","type":"product","link":"https:\/\/shop.yipinqian.com\/es\/producto\/beautifully-designed-rare-yellow-natural-type-a-jadeite-jade-crafted-as-swan-set-on-18k-gold-with-diamonds-certificate-weighs-5-36-grams-18kp38\/","title":{"rendered":"Jade\u00edta natural tipo A amarilla rara, bellamente dise\u00f1ada, elaborada como cisne engastado en oro de 18 k con diamantes, el certificado pesa 5,36 gramos (18kp38)"},"content":{"rendered":"<p>Este exquisito collar presenta un jade\u00edta natural tipo A amarillo raro bellamente dise\u00f1ado, elaborado como un cisne, engastado en oro de 18 k con diamantes.<\/p>\n<p>\u00a0<\/p>\n<p>N\u00fameros de certificado: GD2110H017967<\/p>\n<p>Medida de la jade\u00edta cisne: 35,3 x 26,2 x 6,8 mm<\/p>\n<p>Medida del cabuj\u00f3n verde: 18,7*<em> 19.7 *<\/em> 4,6 mil\u00edmetros<\/p>\n<p>Rub\u00edes: 2 rojos * 0,005, 2 verdes * 0,005<\/p>\n<p>Diamantes: 3 * 0,005 = 0,015 quilates, 20 * 0,003 = 0,06 quilates<\/p>\n<p>Oro de 18k = 2,75 gramos<\/p>\n<p>\u00a0<\/p>\n<ul>\n<li>\n<strong>Jade\u00edta natural tipo A de color amarillo poco com\u00fan:<\/strong> Elaborado con una jade\u00edta amarilla rara y preciosa, conocida por su impresionante color y calidad.<\/li>\n<li>\n<strong>Configuraci\u00f3n de oro de 18k:<\/strong> Lujosamente montado en oro de 18 quilates para una apariencia elegante y atemporal.<\/li>\n<li>\n<strong>Acentos de diamante:<\/strong> Adornado con diamantes que a\u00f1aden un toque de brillo y sofisticaci\u00f3n a la pieza.<\/li>\n<\/ul>\n<p>Este collar, que pesa 5,36 gramos, viene con un certificado (18kp38) que garantiza su autenticidad. Perfecto para usar a diario o en ocasiones especiales, este collar est\u00e1 dise\u00f1ado para la mujer moderna que aprecia la joyer\u00eda fina.<\/p>\n<ul>\n<li>\n<strong>Certificado incluido:<\/strong> Cada compra viene con un certificado que verifica la autenticidad del jade jade\u00edta.<\/li>\n<li>\u00a0<\/li>\n<\/ul>\n<ul>\n<li>El dise\u00f1o de cisne bellamente elaborado lo convierte en una pieza elegante que complementar\u00e1 cualquier atuendo sin esfuerzo. Este collar, originario de Myanmar, est\u00e1 dise\u00f1ado espec\u00edficamente para mujeres que aprecian las piezas de joyer\u00eda \u00fanicas.<\/li>\n<\/ul>\n<p>Yi Pin Qian \u2013 Comerciante de piedras preciosas y metales preciosos en Singapur \u2013 N\u00famero de licencia PS20190000031<\/p>\n<p>\u00a0<\/p>\n<p>*Todos los jade\u00edtas comprados a Yi Pin Qian en Singapur, los clientes pueden reservar espacios para pulirlos o hacer reparaciones menores por mal manejo; se aplican tarifas y solo para los clientes de Yi Pin Qian en Singapur*<\/p>\n<p>\u00a0<\/p>\n<p><strong>**Tipos de certificados**<\/strong><\/p>\n<p>\u00a0<\/p>\n<p><strong>NGI (Gemolog\u00eda Nan Yang)<\/strong><\/p>\n<p>o <strong>Certificados en el extranjero <\/strong>(Yi Pin Qian solo utiliza certificados aut\u00e9nticos de laboratorios extranjeros y tambi\u00e9n controla la calidad de cada uno de nuestros productos antes de ponerlos a la venta en SG)<\/p>\n<p>\u00a0<\/p>\n<p>Todos los productos de TikTok contar\u00e1n con el tipo de certificado que se indica en la descripci\u00f3n. Para cualquier cliente que desee enviar su pedido a NGI Singapur, habr\u00e1 un tiempo de espera para la entrega del pedido estimado de aproximadamente 4 semanas para recibirlo. <strong>Las solicitudes de informes de NGI Gemstone deben realizarse enviando un mensaje a la tienda TikTok de Yi Pin Qian.<\/strong> Gracias, <strong><u>Se aplican tarifas adicionales<\/u><\/strong>.<\/p>\n<p>\u00a0<\/p>\n<p><strong>La jade\u00edta natural no es perfecta, solo un peque\u00f1o recordatorio: nuestra jade\u00edta natural, como todas las cosas hermosas de la naturaleza, tiene sus caracter\u00edsticas y variaciones \u00fanicas. Invitamos a nuestros valiosos clientes a adoptar estas variaciones naturales. \u00a1Felices compras!<\/strong><\/p>\n<p>\u00a0<\/p>\n<p><strong><u>Ninguna de las fotograf\u00edas ni los v\u00eddeos han sido filtrados. Animamos a nuestros clientes a que vean tambi\u00e9n los v\u00eddeos adjuntos para tener una visi\u00f3n m\u00e1s completa de nuestros productos.<\/u><\/strong><\/p>","protected":false},"excerpt":{"rendered":"<p>This exquisite necklace features a beautifully designed Rare Yellow Natural Type A Jadeite Jade crafted as a Swan, set on 18k gold with diamonds. \u00a0 Certificate numbers: GD2110H017967 Swan Jadeite measurement: 35.3 * 26.2 *6.8 mm Green Cabochon measurement: 18.7 * 19.7 * 4.6 mm Rubies: 2 Red * 0.005, 2 Green * 0.005 Diamonds: [&hellip;]<\/p>","protected":false},"featured_media":2443,"comment_status":"open","ping_status":"closed","template":"","meta":[],"product_brand":[],"product_cat":[120,48],"product_tag":[50,52,88,53,55,56,59,60,61,68,62],"class_list":{"0":"post-1280","1":"product","2":"type-product","3":"status-publish","4":"has-post-thumbnail","6":"product_cat-18k-gold-setting-pendants","7":"product_cat-pendants","8":"product_tag-18k-gold","9":"product_tag-certified","10":"product_tag-diamonds","11":"product_tag-fine-quality","12":"product_tag-jadeite","13":"product_tag-limited-editions","14":"product_tag-translucent","15":"product_tag-type-a-jadeite","16":"product_tag-unisex","17":"product_tag-yellow","18":"product_tag-yi-pin-qian-exclusive","20":"first","21":"outofstock","22":"sale","23":"shipping-taxable","24":"purchasable","25":"product-type-simple"},"_links":{"self":[{"href":"https:\/\/shop.yipinqian.com\/es\/wp-json\/wp\/v2\/product\/1280","targetHints":{"allow":["GET"]}}],"collection":[{"href":"https:\/\/shop.yipinqian.com\/es\/wp-json\/wp\/v2\/product"}],"about":[{"href":"https:\/\/shop.yipinqian.com\/es\/wp-json\/wp\/v2\/types\/product"}],"replies":[{"embeddable":true,"href":"https:\/\/shop.yipinqian.com\/es\/wp-json\/wp\/v2\/comments?post=1280"}],"version-history":[{"count":0,"href":"https:\/\/shop.yipinqian.com\/es\/wp-json\/wp\/v2\/product\/1280\/revisions"}],"wp:featuredmedia":[{"embeddable":true,"href":"https:\/\/shop.yipinqian.com\/es\/wp-json\/wp\/v2\/media\/2443"}],"wp:attachment":[{"href":"https:\/\/shop.yipinqian.com\/es\/wp-json\/wp\/v2\/media?parent=1280"}],"wp:term":[{"taxonomy":"product_brand","embeddable":true,"href":"https:\/\/shop.yipinqian.com\/es\/wp-json\/wp\/v2\/product_brand?post=1280"},{"taxonomy":"product_cat","embeddable":true,"href":"https:\/\/shop.yipinqian.com\/es\/wp-json\/wp\/v2\/product_cat?post=1280"},{"taxonomy":"product_tag","embeddable":true,"href":"https:\/\/shop.yipinqian.com\/es\/wp-json\/wp\/v2\/product_tag?post=1280"}],"curies":[{"name":"wp","href":"https:\/\/api.w.org\/{rel}","templated":true}]}}