{"id":1275,"date":"2024-10-24T23:18:08","date_gmt":"2024-10-24T15:18:08","guid":{"rendered":"https:\/\/shop.yipinqian.com\/product\/beautifully-crafted-with-birds-and-flower-light-green-natural-type-a-jadeite-jade-as-pendant-certificate-weighs-18-63-grams-measurement-38-3-25-9-9-6-pendant247\/"},"modified":"2025-02-24T00:49:58","modified_gmt":"2025-02-23T16:49:58","slug":"beautifully-crafted-with-birds-and-flower-light-green-natural-type-a-jadeite-jade-as-pendant-certificate-weighs-18-63-grams-measurement-38-3-25-9-9-6-pendant247","status":"publish","type":"product","link":"https:\/\/shop.yipinqian.com\/es\/producto\/beautifully-crafted-with-birds-and-flower-light-green-natural-type-a-jadeite-jade-as-pendant-certificate-weighs-18-63-grams-measurement-38-3-25-9-9-6-pendant247\/","title":{"rendered":"Hermosamente elaborado con p\u00e1jaros y flores de color verde claro, jade\u00edta natural tipo A como colgante, el certificado pesa 18,63 gramos, medida 38,3 * 25,9 * 9,6 (colgante 247)"},"content":{"rendered":"<p>Este colgante bellamente elaborado presenta p\u00e1jaros y flores, hecho de jade\u00edta natural tipo A de color verde claro. El colgante pesa 18,63 gramos y tiene dimensiones de 38,3 x 25,9 x 9,6.<\/p>\n<p><\/p>\n<p>N\u00fameros de certificado: GD2110H012001<\/p>\n<ul>\n<li>\n<strong>Con Certificado:<\/strong> S\u00ed<\/li>\n<li>\n<strong>Pa\u00eds natal:<\/strong> Birmania<\/li>\n<li>\n<strong>Ocasi\u00f3n:<\/strong> A diario<\/li>\n<li>\n<strong>Tipo de garant\u00eda:<\/strong>No<\/li>\n<li>G\u00e9nero: unisex<\/li>\n<li>Tipo de jade: jade\u00edta<\/li>\n<li>Esta exquisita pieza es perfecta para el uso diario, a\u00f1adiendo un toque de elegancia a cualquier atuendo.<\/li>\n<\/ul>\n<p><\/p>\n<ul>\n<li>El dise\u00f1o unisex y el estilo casual del collar lo hacen vers\u00e1til para que tanto hombres como mujeres lo usen en cualquier ocasi\u00f3n.<\/li>\n<\/ul>\n<p><strong>La jade\u00edta natural no es perfecta, solo un peque\u00f1o recordatorio: nuestra jade\u00edta natural, como todas las cosas hermosas de la naturaleza, tiene sus caracter\u00edsticas y variaciones \u00fanicas. Invitamos a nuestros valiosos clientes a adoptar estas variaciones naturales. \u00a1Felices compras!<\/strong><\/p>\n<p><\/p>\n<p><strong><u>Ninguna de las fotograf\u00edas ni los v\u00eddeos han sido filtrados. Animamos a nuestros clientes a que vean tambi\u00e9n los v\u00eddeos adjuntos para tener una visi\u00f3n m\u00e1s completa de nuestros productos.<\/u><\/strong><\/p>","protected":false},"excerpt":{"rendered":"<p>This beautifully crafted pendant features birds and flowers, made from light green Natural Type A Jadeite Jade. The pendant weighs 18.63 grams and has dimensions of 38.3 * 25.9 * 9.6. Certificate numbers: GD2110H012001 With Certificate: Yes Country of Origin: Myanmar Occasion: Daily Warranty Type:No Gender: Unisex Jade Type: Jadeite This exquisite piece is perfect [&hellip;]<\/p>","protected":false},"featured_media":2290,"comment_status":"open","ping_status":"closed","template":"","meta":[],"product_brand":[],"product_cat":[194],"product_tag":[],"class_list":{"0":"post-1275","1":"product","2":"type-product","3":"status-publish","4":"has-post-thumbnail","6":"product_cat-value-picks","8":"first","9":"instock","10":"sale","11":"shipping-taxable","12":"purchasable","13":"product-type-simple"},"_links":{"self":[{"href":"https:\/\/shop.yipinqian.com\/es\/wp-json\/wp\/v2\/product\/1275","targetHints":{"allow":["GET"]}}],"collection":[{"href":"https:\/\/shop.yipinqian.com\/es\/wp-json\/wp\/v2\/product"}],"about":[{"href":"https:\/\/shop.yipinqian.com\/es\/wp-json\/wp\/v2\/types\/product"}],"replies":[{"embeddable":true,"href":"https:\/\/shop.yipinqian.com\/es\/wp-json\/wp\/v2\/comments?post=1275"}],"version-history":[{"count":0,"href":"https:\/\/shop.yipinqian.com\/es\/wp-json\/wp\/v2\/product\/1275\/revisions"}],"wp:featuredmedia":[{"embeddable":true,"href":"https:\/\/shop.yipinqian.com\/es\/wp-json\/wp\/v2\/media\/2290"}],"wp:attachment":[{"href":"https:\/\/shop.yipinqian.com\/es\/wp-json\/wp\/v2\/media?parent=1275"}],"wp:term":[{"taxonomy":"product_brand","embeddable":true,"href":"https:\/\/shop.yipinqian.com\/es\/wp-json\/wp\/v2\/product_brand?post=1275"},{"taxonomy":"product_cat","embeddable":true,"href":"https:\/\/shop.yipinqian.com\/es\/wp-json\/wp\/v2\/product_cat?post=1275"},{"taxonomy":"product_tag","embeddable":true,"href":"https:\/\/shop.yipinqian.com\/es\/wp-json\/wp\/v2\/product_tag?post=1275"}],"curies":[{"name":"wp","href":"https:\/\/api.w.org\/{rel}","templated":true}]}}