{"id":1272,"date":"2024-10-24T23:18:07","date_gmt":"2024-10-24T15:18:07","guid":{"rendered":"https:\/\/shop.yipinqian.com\/product\/beautiful-crafted-as-59mm-peace-bangle-with-light-green-hue-brownish-yellow-type-a-natural-jadeite-jade-certificate-weighs-77-9-grams-width-17-6-thickness-8-mm-bangle12\/"},"modified":"2025-01-10T06:36:32","modified_gmt":"2025-01-09T22:36:32","slug":"beautiful-crafted-as-59mm-peace-bangle-with-light-green-hue-brownish-yellow-type-a-natural-jadeite-jade-certificate-weighs-77-9-grams-width-17-6-thickness-8-mm-bangle12","status":"publish","type":"product","link":"https:\/\/shop.yipinqian.com\/es\/producto\/beautiful-crafted-as-59mm-peace-bangle-with-light-green-hue-brownish-yellow-type-a-natural-jadeite-jade-certificate-weighs-77-9-grams-width-17-6-thickness-8-mm-bangle12\/","title":{"rendered":"Hermoso brazalete de la paz de 59 mm elaborado con un tono verde claro, jade\u00edta natural tipo A de color amarillo parduzco. El certificado de jade pesa 77,9 gramos. Ancho: 17,6 x Grosor: 8 mm (brazalete 12)."},"content":{"rendered":"<p>Enhance your daily look with this stunning <strong>59mm Peace Bangle<\/strong> made of Brownish Yellow Type-A Natural Jadeite-Jade. The light green hue adds a touch of elegance to any outfit.<\/p>\n<p><\/p>\n<p>Certificate numbers: GD2111H006390<\/p>\n<p><img fetchpriority=\"high\" decoding=\"async\" src=\"https:\/\/shop.yipinqian.com\/wp-content\/uploads\/2024\/10\/46b43f687c444fe4a40cded698e8d29btplv-aphluv4xwc-origin-jpeg.jpeg?from=476444299\" width=\"1080\" height=\"1080\"><\/p>\n<ul>\n<li>Beautifully crafted bangle with a unique design<\/li>\n<li>Weighs <strong>77.9 grams<\/strong> for a substantial feel<\/li>\n<li>Width of <strong>17,6 mil\u00edmetros<\/strong> and thickness of <strong>8 mm<\/strong> for a comfortable fit<\/li>\n<\/ul>\n<p><img decoding=\"async\" src=\"https:\/\/shop.yipinqian.com\/wp-content\/uploads\/2024\/10\/8ec11369e9be48b495678a928e24b56btplv-aphluv4xwc-origin-jpeg.jpeg?from=476444299\" width=\"526\" height=\"362\"><\/p>\n<p>This bangle is accompanied by a certificate, ensuring its authenticity and quality. Originating from Myanmar, this piece is perfect for daily wear and is suitable for both men and women.<\/p>\n<p><\/p>\n<p>Yi Pin Qian \u2013 Comerciante de piedras preciosas y metales preciosos en Singapur \u2013 N\u00famero de licencia PS20190000031<\/p>\n<p><\/p>\n<p>*Todos los jade\u00edtas comprados a Yi Pin Qian en Singapur, los clientes pueden reservar espacios para pulirlos o hacer reparaciones menores por mal manejo; se aplican tarifas y solo para los clientes de Yi Pin Qian en Singapur*<\/p>\n<p><\/p>\n<p><strong>**Tipos de certificados**<\/strong><\/p>\n<p><\/p>\n<p><strong>NGI (Gemolog\u00eda Nan Yang)<\/strong><\/p>\n<p>o <strong>Certificados en el extranjero <\/strong>(Yi Pin Qian solo utiliza certificados aut\u00e9nticos de laboratorios extranjeros y tambi\u00e9n controla la calidad de cada uno de nuestros productos antes de ponerlos a la venta en SG)<\/p>\n<p><\/p>\n<p>Todos los productos de TikTok contar\u00e1n con el tipo de certificado que se indica en la descripci\u00f3n. Para cualquier cliente que desee enviar su pedido a NGI Singapur, habr\u00e1 un tiempo de espera para la entrega del pedido estimado de aproximadamente 4 semanas para recibirlo. <strong>Las solicitudes de informes de NGI Gemstone deben realizarse envi\u00e1ndonos un mensaje.<\/strong> Gracias, <strong><u>Se aplican tarifas adicionales<\/u><\/strong>.<\/p>\n<p><\/p>\n<p><strong>La jade\u00edta natural no es perfecta, solo un peque\u00f1o recordatorio: nuestra jade\u00edta natural, como todas las cosas hermosas de la naturaleza, tiene sus caracter\u00edsticas y variaciones \u00fanicas. Invitamos a nuestros valiosos clientes a adoptar estas variaciones naturales. \u00a1Felices compras!<\/strong><\/p>\n<p><\/p>\n<p><strong><u>Ninguna de las fotograf\u00edas ni los v\u00eddeos han sido filtrados. Animamos a nuestros clientes a que vean tambi\u00e9n los v\u00eddeos adjuntos para tener una visi\u00f3n m\u00e1s completa de nuestros productos.<\/u><\/strong><\/p>\n<p><\/p>\n<ul>\n<li>Las diferentes plataformas solo pueden ver videos a trav\u00e9s de la computadora de escritorio<\/li>\n<\/ul>","protected":false},"excerpt":{"rendered":"<p>Realza tu look diario con este impresionante brazalete Peace de 59 mm elaborado con jade\u00edta natural tipo A de color amarillo parduzco. El tono verde claro a\u00f1ade un toque de elegancia a cualquier atuendo. N\u00fameros de certificado: GD2111H006390 Brazalete bellamente elaborado con un dise\u00f1o \u00fanico Pesa 77,9 gramos para una sensaci\u00f3n de solidez Ancho de 17,6 mm y grosor de 8 mm [\u2026]<\/p>","protected":false},"featured_media":2261,"comment_status":"open","ping_status":"closed","template":"","meta":[],"product_brand":[],"product_cat":[121,87,126],"product_tag":[86,52,79,65,82,56,58,75,60,61,68,62],"class_list":{"0":"post-1272","1":"product","2":"type-product","3":"status-publish","4":"has-post-thumbnail","6":"product_cat-bracelets-bangles","7":"product_cat-jade-bracelets-anklets","8":"product_cat-new-arrivals","9":"product_tag-bangle","10":"product_tag-certified","11":"product_tag-green-hue","12":"product_tag-high-quality","13":"product_tag-light-green","14":"product_tag-limited-editions","15":"product_tag-new-arrivals","16":"product_tag-traditional","17":"product_tag-type-a-jadeite","18":"product_tag-unisex","19":"product_tag-yellow","20":"product_tag-yi-pin-qian-exclusive","22":"first","23":"instock","24":"sale","25":"shipping-taxable","26":"purchasable","27":"product-type-simple"},"_links":{"self":[{"href":"https:\/\/shop.yipinqian.com\/es\/wp-json\/wp\/v2\/product\/1272","targetHints":{"allow":["GET"]}}],"collection":[{"href":"https:\/\/shop.yipinqian.com\/es\/wp-json\/wp\/v2\/product"}],"about":[{"href":"https:\/\/shop.yipinqian.com\/es\/wp-json\/wp\/v2\/types\/product"}],"replies":[{"embeddable":true,"href":"https:\/\/shop.yipinqian.com\/es\/wp-json\/wp\/v2\/comments?post=1272"}],"version-history":[{"count":0,"href":"https:\/\/shop.yipinqian.com\/es\/wp-json\/wp\/v2\/product\/1272\/revisions"}],"wp:featuredmedia":[{"embeddable":true,"href":"https:\/\/shop.yipinqian.com\/es\/wp-json\/wp\/v2\/media\/2261"}],"wp:attachment":[{"href":"https:\/\/shop.yipinqian.com\/es\/wp-json\/wp\/v2\/media?parent=1272"}],"wp:term":[{"taxonomy":"product_brand","embeddable":true,"href":"https:\/\/shop.yipinqian.com\/es\/wp-json\/wp\/v2\/product_brand?post=1272"},{"taxonomy":"product_cat","embeddable":true,"href":"https:\/\/shop.yipinqian.com\/es\/wp-json\/wp\/v2\/product_cat?post=1272"},{"taxonomy":"product_tag","embeddable":true,"href":"https:\/\/shop.yipinqian.com\/es\/wp-json\/wp\/v2\/product_tag?post=1272"}],"curies":[{"name":"wp","href":"https:\/\/api.w.org\/{rel}","templated":true}]}}