{"id":1270,"date":"2024-10-24T23:18:07","date_gmt":"2024-10-24T15:18:07","guid":{"rendered":"https:\/\/shop.yipinqian.com\/product\/authentic-high-quality-light-green-and-brown-natural-type-a-jadeite-jade-crafted-as-pixiu-for-pendant-certificate-weighs-54-18-grams-measurement-56-25-2-26-2-mm-pendant303\/"},"modified":"2025-01-10T06:45:49","modified_gmt":"2025-01-09T22:45:49","slug":"authentic-high-quality-light-green-and-brown-natural-type-a-jadeite-jade-crafted-as-pixiu-for-pendant-certificate-weighs-54-18-grams-measurement-56-25-2-26-2-mm-pendant303","status":"publish","type":"product","link":"https:\/\/shop.yipinqian.com\/es\/producto\/authentic-high-quality-light-green-and-brown-natural-type-a-jadeite-jade-crafted-as-pixiu-for-pendant-certificate-weighs-54-18-grams-measurement-56-25-2-26-2-mm-pendant303\/","title":{"rendered":"Aut\u00e9ntica jade\u00edta-jade natural tipo A de color verde claro y marr\u00f3n de alta calidad elaborada como Pixiu para colgante, certificado, pesa 54,18 gramos, medida 56 * 25,2 * 26,2 mm (colgante 303)"},"content":{"rendered":"<p>This Authentic High-Quality Light Green and Brown Natural Type-A Jadeite-Jade pendant is a stunning piece crafted in the shape of a Pixiu, symbolizing wealth and protection.<\/p>\n<p><\/p>\n<p>Certificate numbers: SW22082200777<\/p>\n<p><img fetchpriority=\"high\" decoding=\"async\" src=\"https:\/\/shop.yipinqian.com\/wp-content\/uploads\/2024\/10\/d230c764015a41188db229e381bf1c7dtplv-aphluv4xwc-origin-jpeg.jpeg?from=476444299\" width=\"1080\" height=\"1080\"><\/p>\n<ul>\n<li>Material: Natural Type-A Jadeite-Jade<\/li>\n<li>Weight: 54.18 grams<\/li>\n<li>Measurements: 56 * 25.2 *26.2 mm (pendant303)<\/li>\n<\/ul>\n<p><img decoding=\"async\" src=\"https:\/\/shop.yipinqian.com\/wp-content\/uploads\/2024\/10\/d66aaf69d56e474d88597d9e93675ab8tplv-aphluv4xwc-origin-jpeg.jpeg?dr=15568&amp;nonce=23504&amp;refresh_token=0e625e4385d9376b3d794d0c896b259b&amp;from=476444299&amp;idc=my&amp;ps=933b5bde&amp;shcp=9b759fb9&amp;shp=1c65f68b&amp;t=555f072d\" width=\"1080\" height=\"1080\"><img decoding=\"async\" src=\"https:\/\/shop.yipinqian.com\/wp-content\/uploads\/2024\/10\/ec4e9d88f9894eedbbb52a74a964b979tplv-aphluv4xwc-origin-jpeg.jpeg?from=476444299\" width=\"1080\" height=\"1080\"><\/p>\n<p>The jade used in this pendant is of premium quality, with a beautiful combination of light green and brown hues that enhance its elegance.<\/p>\n<ul>\n<li>Certificado incluido: S\u00ed<\/li>\n<li>Pa\u00eds de origen: Myanmar<\/li>\n<li>The Unisex design makes it suitable for anyone looking to add an auspicious touch to their accessories collection.<\/li>\n<\/ul>\n<p>This Pixiu pendant serves as both a stylish adornment and a symbol of good fortune, making it perfect for casual wear on any occasion.<\/p>\n<p><\/p>\n<p>Yi Pin Qian \u2013 Comerciante de piedras preciosas y metales preciosos en Singapur \u2013 N\u00famero de licencia PS20190000031<\/p>\n<p><\/p>\n<p>*Todos los jade\u00edtas comprados a Yi Pin Qian en Singapur, los clientes pueden reservar espacios para pulirlos o hacer reparaciones menores por mal manejo; se aplican tarifas y solo para los clientes de Yi Pin Qian en Singapur*<\/p>\n<p><\/p>\n<p><strong>**Tipos de certificados**<\/strong><\/p>\n<p><\/p>\n<p><strong>NGI (Gemolog\u00eda Nan Yang)<\/strong><\/p>\n<p>o <strong>Certificados en el extranjero <\/strong>(Yi Pin Qian solo utiliza certificados aut\u00e9nticos de laboratorios extranjeros y tambi\u00e9n controla la calidad de cada uno de nuestros productos antes de ponerlos a la venta en SG)<\/p>\n<p><\/p>\n<p>Todos los productos de TikTok contar\u00e1n con el tipo de certificado que se indica en la descripci\u00f3n. Para cualquier cliente que desee enviar su pedido a NGI Singapur, habr\u00e1 un tiempo de espera para la entrega del pedido estimado de aproximadamente 4 semanas para recibirlo. <strong>Las solicitudes de informes de NGI Gemstone deben realizarse envi\u00e1ndonos un mensaje.<\/strong> Gracias, <strong><u>Se aplican tarifas adicionales<\/u><\/strong>.<\/p>\n<p><\/p>\n<p><strong>La jade\u00edta natural no es perfecta, solo un peque\u00f1o recordatorio: nuestra jade\u00edta natural, como todas las cosas hermosas de la naturaleza, tiene sus caracter\u00edsticas y variaciones \u00fanicas. Invitamos a nuestros valiosos clientes a adoptar estas variaciones naturales. \u00a1Felices compras!<\/strong><\/p>\n<p><\/p>\n<p><strong><u>Ninguna de las fotograf\u00edas ni los v\u00eddeos han sido filtrados. Animamos a nuestros clientes a que vean tambi\u00e9n los v\u00eddeos adjuntos para tener una visi\u00f3n m\u00e1s completa de nuestros productos.<\/u><\/strong><\/p>\n<p><\/p>\n<ul>\n<li>Las diferentes plataformas solo pueden ver videos a trav\u00e9s de la computadora de escritorio<\/li>\n<\/ul>","protected":false},"excerpt":{"rendered":"<p>This Authentic High-Quality Light Green and Brown Natural Type-A Jadeite-Jade pendant is a stunning piece crafted in the shape of a Pixiu, symbolizing wealth and protection. Certificate numbers: SW22082200777 Material: Natural Type-A Jadeite-Jade Weight: 54.18 grams Measurements: 56 * 25.2 *26.2 mm (pendant303) The jade used in this pendant is of premium quality, with a [&hellip;]<\/p>","protected":false},"featured_media":2208,"comment_status":"open","ping_status":"closed","template":"","meta":[],"product_brand":[],"product_cat":[83,126,48],"product_tag":[52,65,55,56,58,73,85,60,61,68,62],"class_list":{"0":"post-1270","1":"product","2":"type-product","3":"status-publish","4":"has-post-thumbnail","6":"product_cat-jade-necklaces-pendants","7":"product_cat-new-arrivals","8":"product_cat-pendants","9":"product_tag-certified","10":"product_tag-high-quality","11":"product_tag-jadeite","12":"product_tag-limited-editions","13":"product_tag-new-arrivals","14":"product_tag-pendant","15":"product_tag-pixiu","16":"product_tag-type-a-jadeite","17":"product_tag-unisex","18":"product_tag-yellow","19":"product_tag-yi-pin-qian-exclusive","21":"first","22":"instock","23":"sale","24":"shipping-taxable","25":"purchasable","26":"product-type-simple"},"_links":{"self":[{"href":"https:\/\/shop.yipinqian.com\/es\/wp-json\/wp\/v2\/product\/1270","targetHints":{"allow":["GET"]}}],"collection":[{"href":"https:\/\/shop.yipinqian.com\/es\/wp-json\/wp\/v2\/product"}],"about":[{"href":"https:\/\/shop.yipinqian.com\/es\/wp-json\/wp\/v2\/types\/product"}],"replies":[{"embeddable":true,"href":"https:\/\/shop.yipinqian.com\/es\/wp-json\/wp\/v2\/comments?post=1270"}],"version-history":[{"count":0,"href":"https:\/\/shop.yipinqian.com\/es\/wp-json\/wp\/v2\/product\/1270\/revisions"}],"wp:featuredmedia":[{"embeddable":true,"href":"https:\/\/shop.yipinqian.com\/es\/wp-json\/wp\/v2\/media\/2208"}],"wp:attachment":[{"href":"https:\/\/shop.yipinqian.com\/es\/wp-json\/wp\/v2\/media?parent=1270"}],"wp:term":[{"taxonomy":"product_brand","embeddable":true,"href":"https:\/\/shop.yipinqian.com\/es\/wp-json\/wp\/v2\/product_brand?post=1270"},{"taxonomy":"product_cat","embeddable":true,"href":"https:\/\/shop.yipinqian.com\/es\/wp-json\/wp\/v2\/product_cat?post=1270"},{"taxonomy":"product_tag","embeddable":true,"href":"https:\/\/shop.yipinqian.com\/es\/wp-json\/wp\/v2\/product_tag?post=1270"}],"curies":[{"name":"wp","href":"https:\/\/api.w.org\/{rel}","templated":true}]}}