{"id":1267,"date":"2024-10-24T23:18:06","date_gmt":"2024-10-24T15:18:06","guid":{"rendered":"https:\/\/shop.yipinqian.com\/product\/apple-green-natural-jadeite-jade-cabochon-13-9-14-2-6-2-mm-set-on-s925-as-a-ring-for-men-with-qic-labs-approved-certificate-weigh-7-03-grams-s925ring5\/"},"modified":"2025-02-24T00:49:58","modified_gmt":"2025-02-23T16:49:58","slug":"apple-green-natural-jadeite-jade-cabochon-13-9-14-2-6-2-mm-set-on-s925-as-a-ring-for-men-with-qic-labs-approved-certificate-weigh-7-03-grams-s925ring5","status":"publish","type":"product","link":"https:\/\/shop.yipinqian.com\/es\/producto\/apple-green-natural-jadeite-jade-cabochon-13-9-14-2-6-2-mm-set-on-s925-as-a-ring-for-men-with-qic-labs-approved-certificate-weigh-7-03-grams-s925ring5\/","title":{"rendered":"Cabuj\u00f3n de jade\u00edta natural verde manzana de 13,9 x 14,2 x 6,2 mm engastado en S925 como anillo para hombres con certificado aprobado por los laboratorios QIC, peso de 7,03 gramos (s925ring5)"},"content":{"rendered":"<p>Este anillo de jade\u00edta natural de color verde manzana con cabuj\u00f3n es un accesorio impresionante para hombres, perfecto para usar a diario. La piedra de jade, procedente de Myanmar, tiene un tama\u00f1o de 13,9 x 14,2 x 6,2 mm y pesa 7,03 gramos. El tama\u00f1o del dedo es ajustable.<\/p>\n<p><\/p>\n<p>N\u00fameros de certificado: <strong>Y-BICR714141<\/strong><\/p>\n<ul>\n<li>\n<strong>Material de alta calidad:<\/strong> El cabuj\u00f3n est\u00e1 montado sobre material de plata S925 que garantiza durabilidad y longevidad.<\/li>\n<li>\n<strong>Certificado aut\u00e9ntico:<\/strong> Este anillo viene con un certificado aprobado por los laboratorios QIC que confirma la autenticidad de la piedra de jade.<\/li>\n<li>\n<strong>Dise\u00f1o masculino:<\/strong> Con su dise\u00f1o elegante y atractivo masculino, este anillo es una gran adici\u00f3n a la colecci\u00f3n de joyas de cualquier hombre.<\/li>\n<\/ul>\n<p>\u00a1Este anillo cabuj\u00f3n de jade\u00edta natural verde manzana viene con todas las caracter\u00edsticas que lo convierten en una pieza de joyer\u00eda irresistible para tener y hacer alarde!<\/p>\n<p><\/p>\n<p>Yi Pin Qian \u2013 Comerciante de piedras preciosas y metales preciosos en Singapur \u2013 N\u00famero de licencia PS20190000031<\/p>\n<p><\/p>\n<p>*Todos los jade\u00edtas comprados a Yi Pin Qian en Singapur, los clientes pueden reservar espacios para pulirlos o hacer reparaciones menores por mal manejo; se aplican tarifas y solo para los clientes de Yi Pin Qian en Singapur*<\/p>\n<p><\/p>\n<p><strong>**Tipos de certificados**<\/strong><\/p>\n<p><\/p>\n<p><strong>NGI (Gemolog\u00eda Nan Yang)<\/strong><\/p>\n<p>o <strong>Certificados en el extranjero <\/strong>(Yi Pin Qian solo utiliza certificados aut\u00e9nticos de laboratorios extranjeros y tambi\u00e9n controla la calidad de cada uno de nuestros productos antes de ponerlos a la venta en SG)<\/p>\n<p><\/p>\n<p>Todos los productos de TikTok contar\u00e1n con el tipo de certificado que se indica en la descripci\u00f3n. Para cualquier cliente que desee enviar su pedido a NGI Singapur, habr\u00e1 un tiempo de espera para la entrega del pedido estimado de aproximadamente 4 semanas para recibirlo. <strong>Las solicitudes de informes de NGI Gemstone deben realizarse enviando un mensaje a la tienda TikTok de Yi Pin Qian.<\/strong> Gracias, <strong><u>Se aplican tarifas adicionales<\/u><\/strong>.<\/p>\n<p><\/p>\n<p><strong>La jade\u00edta natural no es perfecta, solo un peque\u00f1o recordatorio: nuestra jade\u00edta natural, como todas las cosas hermosas de la naturaleza, tiene sus caracter\u00edsticas y variaciones \u00fanicas. Invitamos a nuestros valiosos clientes a adoptar estas variaciones naturales. \u00a1Felices compras!<\/strong><\/p>\n<p><\/p>\n<p><strong><u>Ninguna de las fotograf\u00edas ni los v\u00eddeos han sido filtrados. Animamos a nuestros clientes a que vean tambi\u00e9n los v\u00eddeos adjuntos para tener una visi\u00f3n m\u00e1s completa de nuestros productos.<\/u><\/strong><\/p>","protected":false},"excerpt":{"rendered":"<p>Este anillo de jade\u00edta natural de color verde manzana con cabuj\u00f3n de jade es un accesorio impresionante para hombres, perfecto para el uso diario. La piedra de jade, procedente de Myanmar, tiene un tama\u00f1o de 13,9 x 14,2 x 6,2 mm y pesa 7,03 gramos. El tama\u00f1o del dedo es ajustable N\u00fameros de certificado: Y-BICR714141 Material de alta calidad: el cabuj\u00f3n est\u00e1 montado sobre material de plata S925 que [\u2026]<\/p>","protected":false},"featured_media":2174,"comment_status":"open","ping_status":"closed","template":"","meta":[],"product_brand":[],"product_cat":[194],"product_tag":[],"class_list":{"0":"post-1267","1":"product","2":"type-product","3":"status-publish","4":"has-post-thumbnail","6":"product_cat-value-picks","8":"first","9":"instock","10":"sale","11":"shipping-taxable","12":"purchasable","13":"product-type-simple"},"_links":{"self":[{"href":"https:\/\/shop.yipinqian.com\/es\/wp-json\/wp\/v2\/product\/1267","targetHints":{"allow":["GET"]}}],"collection":[{"href":"https:\/\/shop.yipinqian.com\/es\/wp-json\/wp\/v2\/product"}],"about":[{"href":"https:\/\/shop.yipinqian.com\/es\/wp-json\/wp\/v2\/types\/product"}],"replies":[{"embeddable":true,"href":"https:\/\/shop.yipinqian.com\/es\/wp-json\/wp\/v2\/comments?post=1267"}],"version-history":[{"count":0,"href":"https:\/\/shop.yipinqian.com\/es\/wp-json\/wp\/v2\/product\/1267\/revisions"}],"wp:featuredmedia":[{"embeddable":true,"href":"https:\/\/shop.yipinqian.com\/es\/wp-json\/wp\/v2\/media\/2174"}],"wp:attachment":[{"href":"https:\/\/shop.yipinqian.com\/es\/wp-json\/wp\/v2\/media?parent=1267"}],"wp:term":[{"taxonomy":"product_brand","embeddable":true,"href":"https:\/\/shop.yipinqian.com\/es\/wp-json\/wp\/v2\/product_brand?post=1267"},{"taxonomy":"product_cat","embeddable":true,"href":"https:\/\/shop.yipinqian.com\/es\/wp-json\/wp\/v2\/product_cat?post=1267"},{"taxonomy":"product_tag","embeddable":true,"href":"https:\/\/shop.yipinqian.com\/es\/wp-json\/wp\/v2\/product_tag?post=1267"}],"curies":[{"name":"wp","href":"https:\/\/api.w.org\/{rel}","templated":true}]}}