{"id":1264,"date":"2024-10-24T23:18:06","date_gmt":"2024-10-24T15:18:06","guid":{"rendered":"https:\/\/shop.yipinqian.com\/product\/another-excellent-old-collection-with-yellow-and-green-natural-type-a-jadeite-jade-pendant-necklace-crafted-as-gourd-with-two-bats-with-certificate-weigh-34-42-grams-55-5-29-5-12-3-mm-pendant173\/"},"modified":"2025-02-24T00:49:58","modified_gmt":"2025-02-23T16:49:58","slug":"another-excellent-old-collection-with-yellow-and-green-natural-type-a-jadeite-jade-pendant-necklace-crafted-as-gourd-with-two-bats-with-certificate-weigh-34-42-grams-55-5-29-5-12-3-mm-pendant173","status":"publish","type":"product","link":"https:\/\/shop.yipinqian.com\/es\/producto\/another-excellent-old-collection-with-yellow-and-green-natural-type-a-jadeite-jade-pendant-necklace-crafted-as-gourd-with-two-bats-with-certificate-weigh-34-42-grams-55-5-29-5-12-3-mm-pendant173\/","title":{"rendered":"Otra excelente colecci\u00f3n antigua con colgante de jade\u00edta natural tipo A amarillo y verde, collar elaborado como calabaza con dos murci\u00e9lagos con certificado que pesa 34,42 gramos, 55,5 * 29,5 * 12,3 mm (colgante 173)"},"content":{"rendered":"<p>Realza tu estilo con este exquisito colgante de jade\u00edta natural tipo A amarillo y verde de la colecci\u00f3n Another Excellent Old. El colgante tiene la forma de una calabaza con dos murci\u00e9lagos, que simbolizan la buena suerte y la fortuna. <strong>Buena suerte y fortuna<\/strong>.<\/p>\n<p><\/p>\n<p><strong>N\u00fameros de certificado: CQT910469007151<\/strong><\/p>\n<ul>\n<li>El colgante pesa <strong>34,42 gramos<\/strong> y medidas <strong>55.5 * 29.5 * 12.3<\/strong> mm (colgante173).<\/li>\n<li>El collar est\u00e1 dise\u00f1ado en un estilo casual para usar a diario.<\/li>\n<li>Este collar unisex est\u00e1 elaborado con jade jade\u00edta de alta calidad procedente de Myanmar.<\/li>\n<\/ul>\n<p>Cada pieza de joyer\u00eda incluye un certificado de autenticidad para que puedas estar seguro de que est\u00e1s adquiriendo el producto original. \u00a1Haz tu pedido ahora para a\u00f1adir esta pieza atemporal a tu colecci\u00f3n de joyas!<\/p>\n<p><\/p>\n<p>Yi Pin Qian \u2013 Comerciante de piedras preciosas y metales preciosos en Singapur \u2013 N\u00famero de licencia PS20190000031<\/p>\n<p><\/p>\n<p>*Todos los jade\u00edtas comprados a Yi Pin Qian en Singapur, los clientes pueden reservar espacios para pulirlos o hacer reparaciones menores por mal manejo; se aplican tarifas y solo para los clientes de Yi Pin Qian en Singapur*<\/p>\n<p><\/p>\n<p><strong>**Tipos de certificados**<\/strong><\/p>\n<p><\/p>\n<p><strong>NGI (Gemolog\u00eda Nan Yang)<\/strong><\/p>\n<p>o <strong>Certificados en el extranjero <\/strong>(Yi Pin Qian solo utiliza certificados aut\u00e9nticos de laboratorios extranjeros y tambi\u00e9n controla la calidad de cada uno de nuestros productos antes de ponerlos a la venta en SG)<\/p>\n<p><\/p>\n<p>Todos los productos de TikTok contar\u00e1n con el tipo de certificado que se indica en la descripci\u00f3n. Para cualquier cliente que desee enviar su pedido a NGI Singapur, habr\u00e1 un tiempo de espera para la entrega del pedido estimado de aproximadamente 4 semanas para recibirlo. <strong>Las solicitudes de informes de NGI Gemstone deben realizarse enviando un mensaje a la tienda TikTok de Yi Pin Qian.<\/strong> Gracias, <strong><u>Se aplican tarifas adicionales<\/u><\/strong>.<\/p>\n<p><\/p>\n<p><strong>La jade\u00edta natural no es perfecta, solo un peque\u00f1o recordatorio: nuestra jade\u00edta natural, como todas las cosas hermosas de la naturaleza, tiene sus caracter\u00edsticas y variaciones \u00fanicas. Invitamos a nuestros valiosos clientes a adoptar estas variaciones naturales. \u00a1Felices compras!<\/strong><\/p>\n<p><\/p>\n<p><strong><u>Ninguna de las fotograf\u00edas ni los v\u00eddeos han sido filtrados. Animamos a nuestros clientes a que vean tambi\u00e9n los v\u00eddeos adjuntos para tener una visi\u00f3n m\u00e1s completa de nuestros productos.<\/u><\/strong><\/p>","protected":false},"excerpt":{"rendered":"<p>Realza tu estilo con este exquisito collar colgante de jade\u00edta natural tipo A amarillo y verde, de la colecci\u00f3n Another Excellent Old. El colgante est\u00e1 elaborado con la forma de una calabaza con dos murci\u00e9lagos, que simbolizan la buena suerte y la fortuna. N\u00fameros de certificado: CQT910469007151 El colgante pesa 34,42 gramos y mide 55,5 * 29,5 * 12,3 [\u2026]<\/p>","protected":false},"featured_media":2134,"comment_status":"open","ping_status":"closed","template":"","meta":[],"product_brand":[],"product_cat":[194],"product_tag":[],"class_list":{"0":"post-1264","1":"product","2":"type-product","3":"status-publish","4":"has-post-thumbnail","6":"product_cat-value-picks","8":"first","9":"instock","10":"sale","11":"shipping-taxable","12":"purchasable","13":"product-type-simple"},"_links":{"self":[{"href":"https:\/\/shop.yipinqian.com\/es\/wp-json\/wp\/v2\/product\/1264","targetHints":{"allow":["GET"]}}],"collection":[{"href":"https:\/\/shop.yipinqian.com\/es\/wp-json\/wp\/v2\/product"}],"about":[{"href":"https:\/\/shop.yipinqian.com\/es\/wp-json\/wp\/v2\/types\/product"}],"replies":[{"embeddable":true,"href":"https:\/\/shop.yipinqian.com\/es\/wp-json\/wp\/v2\/comments?post=1264"}],"version-history":[{"count":0,"href":"https:\/\/shop.yipinqian.com\/es\/wp-json\/wp\/v2\/product\/1264\/revisions"}],"wp:featuredmedia":[{"embeddable":true,"href":"https:\/\/shop.yipinqian.com\/es\/wp-json\/wp\/v2\/media\/2134"}],"wp:attachment":[{"href":"https:\/\/shop.yipinqian.com\/es\/wp-json\/wp\/v2\/media?parent=1264"}],"wp:term":[{"taxonomy":"product_brand","embeddable":true,"href":"https:\/\/shop.yipinqian.com\/es\/wp-json\/wp\/v2\/product_brand?post=1264"},{"taxonomy":"product_cat","embeddable":true,"href":"https:\/\/shop.yipinqian.com\/es\/wp-json\/wp\/v2\/product_cat?post=1264"},{"taxonomy":"product_tag","embeddable":true,"href":"https:\/\/shop.yipinqian.com\/es\/wp-json\/wp\/v2\/product_tag?post=1264"}],"curies":[{"name":"wp","href":"https:\/\/api.w.org\/{rel}","templated":true}]}}