{"id":1262,"date":"2024-10-24T23:18:05","date_gmt":"2024-10-24T15:18:05","guid":{"rendered":"https:\/\/shop.yipinqian.com\/product\/an-old-collection-not-to-be-missed-semi-icy-natural-type-a-jadeite-jade-pendant-necklace-crafted-as-leaf-with-certificate-included-weigh-10-85-grams-43-3-26-1-5-9-mm-pendant172\/"},"modified":"2025-02-24T00:49:58","modified_gmt":"2025-02-23T16:49:58","slug":"an-old-collection-not-to-be-missed-semi-icy-natural-type-a-jadeite-jade-pendant-necklace-crafted-as-leaf-with-certificate-included-weigh-10-85-grams-43-3-26-1-5-9-mm-pendant172","status":"publish","type":"product","link":"https:\/\/shop.yipinqian.com\/es\/producto\/an-old-collection-not-to-be-missed-semi-icy-natural-type-a-jadeite-jade-pendant-necklace-crafted-as-leaf-with-certificate-included-weigh-10-85-grams-43-3-26-1-5-9-mm-pendant172\/","title":{"rendered":"\u00a1Una colecci\u00f3n antigua que no debe perderse! Collar con colgante de jade\u00edta natural tipo A semiglacial elaborado como hoja con certificado incluido. Peso 10,85 gramos, 43,3 x 26,1 x 5,9 mm (colgante 172)"},"content":{"rendered":"<p>Este collar con colgante de jade\u00edta natural tipo A semiglacial elaborado en forma de hoja es parte de una colecci\u00f3n antigua que no querr\u00e1 perderse. El collar viene con un certificado para garantizar la autenticidad del jade. Con un peso de 10,85 gramos y unas medidas de 43,3 x 26,1 x 5,9 mm (colgante 172), este collar es una elegante incorporaci\u00f3n a su colecci\u00f3n de joyas.<\/p>\n<p><\/p>\n<p><strong>N\u00fameros de certificado: 920350023595<\/strong><\/p>\n<ul>\n<li>\n<strong>Jade\u00edta natural tipo A semihelada:<\/strong> Este collar colgante presenta una hermosa jade\u00edta natural tipo A semihelada, que agrega un toque de elegancia y sofisticaci\u00f3n.<\/li>\n<li>\n<strong>Con Certificado:<\/strong> Esta pieza viene con un certificado, por lo que puede estar seguro de que se trata de jade genuino.<\/li>\n<li>\n<strong>Estilo elegante del collar:<\/strong> El elegante dise\u00f1o a\u00f1ade sofisticaci\u00f3n al tiempo que mantiene un aspecto simple y atemporal para el uso diario.<\/li>\n<\/ul>\n<p>\u00a1Este collar colgante unisex ser\u00eda una excelente pieza de joyer\u00eda para uso diario o un regalo para alguien especial en cualquier ocasi\u00f3n!<\/p>\n<ul>\n<li>\n<strong>Hecho en Myanmar:<\/strong> El pa\u00eds de origen de este producto es Myanmar, donde la artesan\u00eda intrincada se combina con la belleza natural en cada pieza de jade creada.<\/li>\n<\/ul>\n<p>Tenga en cuenta que este producto no viene con ning\u00fan tipo de garant\u00eda ofrecida por el fabricante, pero nuestro equipo se asegura de que obtenga solo piezas aut\u00e9nticas en todo momento.<\/p>\n<p><\/p>\n<p>Yi Pin Qian \u2013 Comerciante de piedras preciosas y metales preciosos en Singapur \u2013 N\u00famero de licencia PS20190000031<\/p>\n<p><\/p>\n<p>*Todos los jade\u00edtas comprados a Yi Pin Qian en Singapur, los clientes pueden reservar espacios para pulirlos o hacer reparaciones menores por mal manejo; se aplican tarifas y solo para los clientes de Yi Pin Qian en Singapur*<\/p>\n<p><\/p>\n<p><strong>**Tipos de certificados**<\/strong><\/p>\n<p><\/p>\n<p><strong>NGI (Gemolog\u00eda Nan Yang)<\/strong><\/p>\n<p>o <strong>Certificados en el extranjero <\/strong>(Yi Pin Qian solo utiliza certificados aut\u00e9nticos de laboratorios extranjeros y tambi\u00e9n controla la calidad de cada uno de nuestros productos antes de ponerlos a la venta en SG)<\/p>\n<p><\/p>\n<p>Todos los productos de TikTok contar\u00e1n con el tipo de certificado que se indica en la descripci\u00f3n. Para cualquier cliente que desee enviar su pedido a NGI Singapur, habr\u00e1 un tiempo de espera para la entrega del pedido estimado de aproximadamente 4 semanas para recibirlo. <strong>Las solicitudes de informes de NGI Gemstone deben realizarse enviando un mensaje a la tienda TikTok de Yi Pin Qian.<\/strong> Gracias, <strong><u>Se aplican tarifas adicionales<\/u><\/strong>.<\/p>\n<p><\/p>\n<p><strong>La jade\u00edta natural no es perfecta, solo un peque\u00f1o recordatorio: nuestra jade\u00edta natural, como todas las cosas hermosas de la naturaleza, tiene sus caracter\u00edsticas y variaciones \u00fanicas. Invitamos a nuestros valiosos clientes a adoptar estas variaciones naturales. \u00a1Felices compras!<\/strong><\/p>\n<p><\/p>\n<p><strong><u>Ninguna de las fotograf\u00edas ni los v\u00eddeos han sido filtrados. Animamos a nuestros clientes a que vean tambi\u00e9n los v\u00eddeos adjuntos para tener una visi\u00f3n m\u00e1s completa de nuestros productos.<\/u><\/strong><\/p>","protected":false},"excerpt":{"rendered":"<p>This Semi Icy Natural Type A Jadeite Jade Pendant Necklace crafted as Leaf is a part of an Old Collection that you won&#8217;t want to miss! The necklace comes with a certificate to ensure the authenticity of the jade. Weighing at 10.85 grams and measuring at 43.3 * 26.1 * 5.9 mm (pendant172), this necklace [&hellip;]<\/p>","protected":false},"featured_media":2106,"comment_status":"open","ping_status":"closed","template":"","meta":[],"product_brand":[],"product_cat":[194],"product_tag":[],"class_list":{"0":"post-1262","1":"product","2":"type-product","3":"status-publish","4":"has-post-thumbnail","6":"product_cat-value-picks","8":"first","9":"instock","10":"sale","11":"shipping-taxable","12":"purchasable","13":"product-type-simple"},"_links":{"self":[{"href":"https:\/\/shop.yipinqian.com\/es\/wp-json\/wp\/v2\/product\/1262","targetHints":{"allow":["GET"]}}],"collection":[{"href":"https:\/\/shop.yipinqian.com\/es\/wp-json\/wp\/v2\/product"}],"about":[{"href":"https:\/\/shop.yipinqian.com\/es\/wp-json\/wp\/v2\/types\/product"}],"replies":[{"embeddable":true,"href":"https:\/\/shop.yipinqian.com\/es\/wp-json\/wp\/v2\/comments?post=1262"}],"version-history":[{"count":0,"href":"https:\/\/shop.yipinqian.com\/es\/wp-json\/wp\/v2\/product\/1262\/revisions"}],"wp:featuredmedia":[{"embeddable":true,"href":"https:\/\/shop.yipinqian.com\/es\/wp-json\/wp\/v2\/media\/2106"}],"wp:attachment":[{"href":"https:\/\/shop.yipinqian.com\/es\/wp-json\/wp\/v2\/media?parent=1262"}],"wp:term":[{"taxonomy":"product_brand","embeddable":true,"href":"https:\/\/shop.yipinqian.com\/es\/wp-json\/wp\/v2\/product_brand?post=1262"},{"taxonomy":"product_cat","embeddable":true,"href":"https:\/\/shop.yipinqian.com\/es\/wp-json\/wp\/v2\/product_cat?post=1262"},{"taxonomy":"product_tag","embeddable":true,"href":"https:\/\/shop.yipinqian.com\/es\/wp-json\/wp\/v2\/product_tag?post=1262"}],"curies":[{"name":"wp","href":"https:\/\/api.w.org\/{rel}","templated":true}]}}