{"id":1261,"date":"2024-10-24T23:18:05","date_gmt":"2024-10-24T15:18:05","guid":{"rendered":"https:\/\/shop.yipinqian.com\/product\/an-excellent-piece-of-green-natural-type-a-jadeite-pendant-necklace-or-stamp-crafted-with-pixiu-boosting-incoming-money-and-power-with-certificate-weigh-13-16-grams-41-2-13-6-8-7-mm-pendant137\/"},"modified":"2025-02-24T00:49:58","modified_gmt":"2025-02-23T16:49:58","slug":"an-excellent-piece-of-green-natural-type-a-jadeite-pendant-necklace-or-stamp-crafted-with-pixiu-boosting-incoming-money-and-power-with-certificate-weigh-13-16-grams-41-2-13-6-8-7-mm-pendant137","status":"publish","type":"product","link":"https:\/\/shop.yipinqian.com\/es\/producto\/an-excellent-piece-of-green-natural-type-a-jadeite-pendant-necklace-or-stamp-crafted-with-pixiu-boosting-incoming-money-and-power-with-certificate-weigh-13-16-grams-41-2-13-6-8-7-mm-pendant137\/","title":{"rendered":"Excelente pieza de collar o sello colgante de jade\u00edta natural verde tipo A elaborado con Pixiu que impulsa el dinero entrante y el poder con certificado que pesa 13,16 gramos, 41,2 * 13,6 * 8,7 mm (colgante 137)"},"content":{"rendered":"<p>Realza tu estilo y atrae la riqueza y el poder con este exquisito colgante o sello de jade\u00edta verde natural tipo A, perfecto para usar a diario. Elaborado con pixiu, una poderosa criatura m\u00edtica conocida por aumentar la entrada de dinero, este colgante es un accesorio imprescindible.<\/p>\n<ul>\n<li>\n<strong>Certificaci\u00f3n aut\u00e9ntica:<\/strong> Tenga la seguridad de su calidad, ya que viene con un certificado de autenticidad.<\/li>\n<\/ul>\n<p><strong>N\u00fameros de certificado: GD3220H013555<\/strong><\/p>\n<ul>\n<li>\n<strong>Calidad Premium:<\/strong> Fabricado con la mejor jade\u00edta tipo A de Myanmar, este colgante es duradero y de larga duraci\u00f3n.<\/li>\n<li>\n<strong>Dise\u00f1o elegante:<\/strong> Con unas dimensiones de 41,2*13,6*8,7 mm y un peso de 13,16 gramos, este collar tiene una excelente pieza de jade\u00edta natural tipo A verde que seguramente llamar\u00e1 la atenci\u00f3n de todos.<\/li>\n<\/ul>\n<p>Esta pieza unisex viene en un estilo casual que se adapta a cualquier atuendo que elijas usar sin comprometer tu declaraci\u00f3n de moda o subir de nivel para cualquier ocasi\u00f3n a la que asistas en el futuro.<\/p>\n<p>\u00a1Una elecci\u00f3n perfecta para uso personal o como regalo para alguien especial que valora accesorios de joyer\u00eda exquisitos como los suyos!<\/p>\n<p><\/p>\n<p>Yi Pin Qian \u2013 Comerciante de piedras preciosas y metales preciosos en Singapur \u2013 N\u00famero de licencia PS20190000031<\/p>\n<p><\/p>\n<p>*Todos los jade\u00edtas comprados a Yi Pin Qian en Singapur, los clientes pueden reservar espacios para pulirlos o hacer reparaciones menores por mal manejo; se aplican tarifas y solo para los clientes de Yi Pin Qian en Singapur*<\/p>\n<p><\/p>\n<p><strong>**Tipos de certificados**<\/strong><\/p>\n<p><\/p>\n<p><strong>NGI (Gemolog\u00eda Nan Yang)<\/strong><\/p>\n<p>o <strong>Certificados en el extranjero <\/strong>(Yi Pin Qian solo utiliza certificados aut\u00e9nticos de laboratorios extranjeros y tambi\u00e9n controla la calidad de cada uno de nuestros productos antes de ponerlos a la venta en SG)<\/p>\n<p><\/p>\n<p>Todos los productos de TikTok contar\u00e1n con el tipo de certificado que se indica en la descripci\u00f3n. Para cualquier cliente que desee enviar su pedido a NGI Singapur, habr\u00e1 un tiempo de espera para la entrega del pedido estimado de aproximadamente 4 semanas para recibirlo. <strong>Las solicitudes de informes de NGI Gemstone deben realizarse enviando un mensaje a la tienda TikTok de Yi Pin Qian.<\/strong> Gracias, <strong><u>Se aplican tarifas adicionales<\/u><\/strong>.<\/p>\n<p><\/p>\n<p><strong>La jade\u00edta natural no es perfecta, solo un peque\u00f1o recordatorio: nuestra jade\u00edta natural, como todas las cosas hermosas de la naturaleza, tiene sus caracter\u00edsticas y variaciones \u00fanicas. Invitamos a nuestros valiosos clientes a adoptar estas variaciones naturales. \u00a1Felices compras!<\/strong><\/p>\n<p><\/p>\n<p><strong><u>Ninguna de las fotograf\u00edas ni los v\u00eddeos han sido filtrados. Animamos a nuestros clientes a que vean tambi\u00e9n los v\u00eddeos adjuntos para tener una visi\u00f3n m\u00e1s completa de nuestros productos.<\/u><\/strong><\/p>","protected":false},"excerpt":{"rendered":"<p>Realza tu estilo y atrae la riqueza y el poder con este exquisito colgante o sello de jade\u00edta verde natural tipo A, perfecto para usar a diario. Elaborado con pixiu, una poderosa criatura m\u00edtica conocida por aumentar la cantidad de dinero que entra, este colgante es un accesorio imprescindible. Certificaci\u00f3n aut\u00e9ntica: tenga la seguridad de su calidad, ya que viene con un certificado [\u2026]<\/p>","protected":false},"featured_media":2098,"comment_status":"open","ping_status":"closed","template":"","meta":[],"product_brand":[],"product_cat":[194],"product_tag":[],"class_list":{"0":"post-1261","1":"product","2":"type-product","3":"status-publish","4":"has-post-thumbnail","6":"product_cat-value-picks","8":"first","9":"instock","10":"sale","11":"shipping-taxable","12":"purchasable","13":"product-type-simple"},"_links":{"self":[{"href":"https:\/\/shop.yipinqian.com\/es\/wp-json\/wp\/v2\/product\/1261","targetHints":{"allow":["GET"]}}],"collection":[{"href":"https:\/\/shop.yipinqian.com\/es\/wp-json\/wp\/v2\/product"}],"about":[{"href":"https:\/\/shop.yipinqian.com\/es\/wp-json\/wp\/v2\/types\/product"}],"replies":[{"embeddable":true,"href":"https:\/\/shop.yipinqian.com\/es\/wp-json\/wp\/v2\/comments?post=1261"}],"version-history":[{"count":0,"href":"https:\/\/shop.yipinqian.com\/es\/wp-json\/wp\/v2\/product\/1261\/revisions"}],"wp:featuredmedia":[{"embeddable":true,"href":"https:\/\/shop.yipinqian.com\/es\/wp-json\/wp\/v2\/media\/2098"}],"wp:attachment":[{"href":"https:\/\/shop.yipinqian.com\/es\/wp-json\/wp\/v2\/media?parent=1261"}],"wp:term":[{"taxonomy":"product_brand","embeddable":true,"href":"https:\/\/shop.yipinqian.com\/es\/wp-json\/wp\/v2\/product_brand?post=1261"},{"taxonomy":"product_cat","embeddable":true,"href":"https:\/\/shop.yipinqian.com\/es\/wp-json\/wp\/v2\/product_cat?post=1261"},{"taxonomy":"product_tag","embeddable":true,"href":"https:\/\/shop.yipinqian.com\/es\/wp-json\/wp\/v2\/product_tag?post=1261"}],"curies":[{"name":"wp","href":"https:\/\/api.w.org\/{rel}","templated":true}]}}