{"id":1257,"date":"2024-10-24T23:18:04","date_gmt":"2024-10-24T15:18:04","guid":{"rendered":"https:\/\/shop.yipinqian.com\/product\/a-lavender-with-spread-of-brown-and-green-patches-natural-type-a-jadeite-jade-pendant-crafted-with-deer-and-flower-certificate-weigh-24-4-grams-measurement-51-5-33-7-7-8-mm-pendant1921\/"},"modified":"2025-02-17T00:01:32","modified_gmt":"2025-02-16T16:01:32","slug":"a-lavender-with-spread-of-brown-and-green-patches-natural-type-a-jadeite-jade-pendant-crafted-with-deer-and-flower-certificate-weigh-24-4-grams-measurement-51-5-33-7-7-8-mm-pendant1921","status":"publish","type":"product","link":"https:\/\/shop.yipinqian.com\/es\/producto\/a-lavender-with-spread-of-brown-and-green-patches-natural-type-a-jadeite-jade-pendant-crafted-with-deer-and-flower-certificate-weigh-24-4-grams-measurement-51-5-33-7-7-8-mm-pendant1921\/","title":{"rendered":"Un colgante de jade\u00edta natural tipo A con lavanda y manchas marrones y verdes elaborado con ciervos y flores, certificado, peso 24,4 gramos, medida 51,5 * 33,7 * 7,8 mm (colgante 192) 1"},"content":{"rendered":"<p>Agregue un toque de elegancia a su estilo diario con este hermoso colgante de jade\u00edta natural tipo A. Elaborado con ciervos y flores, este colgante de lavanda cuenta con una variedad de manchas marrones y verdes que lo hacen verdaderamente \u00fanico.<\/p>\n<p><\/p>\n<p><strong>N\u00fameros de certificado: GD2011H013531<\/strong><\/p>\n<ul>\n<li>\n<strong>Jade\u00edta natural tipo A:<\/strong> Hecho de jade natural de alta calidad, este colgante est\u00e1 dise\u00f1ado para durar muchos a\u00f1os.<\/li>\n<li>\n<strong>Con Certificado:<\/strong> Este colgante viene con un certificado de autenticidad para su tranquilidad.<\/li>\n<li>\n<strong>Estilo de collar casual:<\/strong> Perfecto para el uso diario, el estilo casual del collar garantiza que puedas usarlo en cualquier ocasi\u00f3n.<\/li>\n<\/ul>\n<p>Con un peso de 24,4 gramos y unas medidas de 51,5 x 33,7 x 7,8 mm (colgante 192), tiene el tama\u00f1o perfecto para dejar una impresi\u00f3n sin ser demasiado voluminoso ni pesado.<\/p>\n<ul>\n<li>\n<strong>Hecho en Myanmar:<\/strong> Esta hermosa pieza est\u00e1 hecha en Myanmar por h\u00e1biles artesanos que se enorgullecen de su trabajo.<\/li>\n<\/ul>\n<p>Este colgante de jade\u00edta natural tipo A tambi\u00e9n es una excelente opci\u00f3n de regalo gracias a su dise\u00f1o unisex que se adapta perfectamente a ambos sexos.<\/p>\n<ul>\n<li>\n<strong>Sin tipo de garant\u00eda: <\/strong>Este producto viene sin ning\u00fan tipo de garant\u00eda, pero puede estar seguro de que est\u00e1 cuidadosamente elaborado.<\/li>\n<\/ul>\n<p>Yi Pin Qian \u2013 Comerciante de piedras preciosas y metales preciosos en Singapur \u2013 N\u00famero de licencia PS20190000031<\/p>\n<p><\/p>\n<p>*Todos los jade\u00edtas comprados a Yi Pin Qian en Singapur, los clientes pueden reservar espacios para pulirlos o hacer reparaciones menores por mal manejo; se aplican tarifas y solo para los clientes de Yi Pin Qian en Singapur*<\/p>\n<p><\/p>\n<p><strong>**Tipos de certificados**<\/strong><\/p>\n<p><\/p>\n<p><strong>NGI (Gemolog\u00eda Nan Yang)<\/strong><\/p>\n<p>o <strong>Certificados en el extranjero <\/strong>(Yi Pin Qian solo utiliza certificados aut\u00e9nticos de laboratorios extranjeros y tambi\u00e9n controla la calidad de cada uno de nuestros productos antes de ponerlos a la venta en SG)<\/p>\n<p><\/p>\n<p>Todos los productos de TikTok contar\u00e1n con el tipo de certificado que se indica en la descripci\u00f3n. Para cualquier cliente que desee enviar su pedido a NGI Singapur, habr\u00e1 un tiempo de espera para la entrega del pedido estimado de aproximadamente 4 semanas para recibirlo. <strong>Las solicitudes de informes de NGI Gemstone deben realizarse enviando un mensaje a la tienda TikTok de Yi Pin Qian.<\/strong> Gracias, <strong><u>Se aplican tarifas adicionales<\/u><\/strong>.<\/p>\n<p><\/p>\n<p><strong>La jade\u00edta natural no es perfecta, solo un peque\u00f1o recordatorio: nuestra jade\u00edta natural, como todas las cosas hermosas de la naturaleza, tiene sus caracter\u00edsticas y variaciones \u00fanicas. Invitamos a nuestros valiosos clientes a adoptar estas variaciones naturales. \u00a1Felices compras!<\/strong><\/p>\n<p><\/p>\n<p><strong><u>Ninguna de las fotograf\u00edas ni los v\u00eddeos han sido filtrados. Animamos a nuestros clientes a que vean tambi\u00e9n los v\u00eddeos adjuntos para tener una visi\u00f3n m\u00e1s completa de nuestros productos.<\/u><\/strong><\/p>","protected":false},"excerpt":{"rendered":"<p>Add a touch of elegance to your everyday look with this beautiful Natural Type A Jadeite Jade Pendant. Crafted with deer and flower, this Lavender pendant boasts a spread of brown and green patches that make it truly unique. Certificate numbers: GD2011H013531 Natural Type A Jadeite: Made from high-quality natural jade, this pendant is designed [&hellip;]<\/p>","protected":false},"featured_media":2051,"comment_status":"open","ping_status":"closed","template":"","meta":[],"product_brand":[],"product_cat":[48],"product_tag":[],"class_list":{"0":"post-1257","1":"product","2":"type-product","3":"status-publish","4":"has-post-thumbnail","6":"product_cat-pendants","8":"first","9":"instock","10":"sale","11":"shipping-taxable","12":"purchasable","13":"product-type-simple"},"_links":{"self":[{"href":"https:\/\/shop.yipinqian.com\/es\/wp-json\/wp\/v2\/product\/1257","targetHints":{"allow":["GET"]}}],"collection":[{"href":"https:\/\/shop.yipinqian.com\/es\/wp-json\/wp\/v2\/product"}],"about":[{"href":"https:\/\/shop.yipinqian.com\/es\/wp-json\/wp\/v2\/types\/product"}],"replies":[{"embeddable":true,"href":"https:\/\/shop.yipinqian.com\/es\/wp-json\/wp\/v2\/comments?post=1257"}],"version-history":[{"count":0,"href":"https:\/\/shop.yipinqian.com\/es\/wp-json\/wp\/v2\/product\/1257\/revisions"}],"wp:featuredmedia":[{"embeddable":true,"href":"https:\/\/shop.yipinqian.com\/es\/wp-json\/wp\/v2\/media\/2051"}],"wp:attachment":[{"href":"https:\/\/shop.yipinqian.com\/es\/wp-json\/wp\/v2\/media?parent=1257"}],"wp:term":[{"taxonomy":"product_brand","embeddable":true,"href":"https:\/\/shop.yipinqian.com\/es\/wp-json\/wp\/v2\/product_brand?post=1257"},{"taxonomy":"product_cat","embeddable":true,"href":"https:\/\/shop.yipinqian.com\/es\/wp-json\/wp\/v2\/product_cat?post=1257"},{"taxonomy":"product_tag","embeddable":true,"href":"https:\/\/shop.yipinqian.com\/es\/wp-json\/wp\/v2\/product_tag?post=1257"}],"curies":[{"name":"wp","href":"https:\/\/api.w.org\/{rel}","templated":true}]}}