{"id":1255,"date":"2024-10-24T23:18:03","date_gmt":"2024-10-24T15:18:03","guid":{"rendered":"https:\/\/shop.yipinqian.com\/product\/a-high-quality-type-a-natural-jadeite-jade-crafted-with-pixiu-coins-gourd-as-pendant-with-certificate-weighs-36-46-grams-measurement-53-9-46-2-7-5-mm-pendant300\/"},"modified":"2025-02-24T00:49:58","modified_gmt":"2025-02-23T16:49:58","slug":"a-high-quality-type-a-natural-jadeite-jade-crafted-with-pixiu-coins-gourd-as-pendant-with-certificate-weighs-36-46-grams-measurement-53-9-46-2-7-5-mm-pendant300","status":"publish","type":"product","link":"https:\/\/shop.yipinqian.com\/es\/producto\/a-high-quality-type-a-natural-jadeite-jade-crafted-with-pixiu-coins-gourd-as-pendant-with-certificate-weighs-36-46-grams-measurement-53-9-46-2-7-5-mm-pendant300\/","title":{"rendered":"Un jade\u00edta natural tipo A de alta calidad elaborado con Pixiu, monedas y calabaza como colgante con certificado pesa 36,46 gramos y mide 53,9 x 46,2 x 7,5 mm (colgante 300)"},"content":{"rendered":"<p>Este colgante de jade\u00edta natural tipo A de alta calidad presenta una artesan\u00eda intrincada con motivos de Pixiu, monedas y calabazas.<\/p>\n<p><\/p>\n<p>N\u00fameros de certificado: GD2110H013552<\/p>\n<p><img fetchpriority=\"high\" decoding=\"async\" src=\"https:\/\/shop.yipinqian.com\/wp-content\/uploads\/2024\/10\/97239e8525834dd586296f1c40c228a0tplv-aphluv4xwc-origin-jpeg.jpeg?from=476444299\" width=\"1080\" height=\"1080\"><\/p>\n<ul>\n<li>Pesa 36,46 gramos<\/li>\n<li>Medida: 53,9 * 46,2 * 7,5 mm<\/li>\n<li>Viene con un certificado de autenticidad.<\/li>\n<\/ul>\n<p><img decoding=\"async\" src=\"https:\/\/shop.yipinqian.com\/wp-content\/uploads\/2024\/10\/ed31cce05a0541dbbbf310d0b4499ac2tplv-aphluv4xwc-origin-jpeg.jpeg?from=476444299\" width=\"1080\" height=\"1080\"><\/p>\n<p>Hecha a mano en Myanmar, esta impresionante pieza es adecuada para el uso diario y muestra un dise\u00f1o unisex.<\/p>\n<ul>\n<li>Tipo de jade: jade\u00edta<\/li>\n<li>Estilo del collar: Casual<\/li>\n<\/ul>\n<p>Yi Pin Qian \u2013 Comerciante de piedras preciosas y metales preciosos en Singapur \u2013 N\u00famero de licencia PS20190000031<\/p>\n<p><\/p>\n<p>*Todos los jade\u00edtas comprados a Yi Pin Qian en Singapur, los clientes pueden reservar espacios para pulirlos o hacer reparaciones menores por mal manejo; se aplican tarifas y solo para los clientes de Yi Pin Qian en Singapur*<\/p>\n<p><\/p>\n<p><strong>**Tipos de certificados**<\/strong><\/p>\n<p><\/p>\n<p><strong>NGI (Gemolog\u00eda Nan Yang)<\/strong><\/p>\n<p>o <strong>Certificados en el extranjero <\/strong>(Yi Pin Qian solo utiliza certificados aut\u00e9nticos de laboratorios extranjeros y tambi\u00e9n controla la calidad de cada uno de nuestros productos antes de ponerlos a la venta en SG)<\/p>\n<p><\/p>\n<p>Todos los productos de TikTok contar\u00e1n con el tipo de certificado que se indica en la descripci\u00f3n. Para cualquier cliente que desee enviar su pedido a NGI Singapur, habr\u00e1 un tiempo de espera para la entrega del pedido estimado de aproximadamente 4 semanas para recibirlo. <strong>Las solicitudes de informes de NGI Gemstone deben realizarse envi\u00e1ndonos un mensaje.<\/strong> Gracias, <strong><u>Se aplican tarifas adicionales<\/u><\/strong>.<\/p>\n<p><\/p>\n<p><strong>La jade\u00edta natural no es perfecta, solo un peque\u00f1o recordatorio: nuestra jade\u00edta natural, como todas las cosas hermosas de la naturaleza, tiene sus caracter\u00edsticas y variaciones \u00fanicas. Invitamos a nuestros valiosos clientes a adoptar estas variaciones naturales. \u00a1Felices compras!<\/strong><\/p>\n<p><\/p>\n<p><strong><u>Ninguna de las fotograf\u00edas ni los v\u00eddeos han sido filtrados. Animamos a nuestros clientes a que vean tambi\u00e9n los v\u00eddeos adjuntos para tener una visi\u00f3n m\u00e1s completa de nuestros productos.<\/u><\/strong><\/p>\n<p><\/p>\n<ul>\n<li>Las diferentes plataformas solo pueden ver videos a trav\u00e9s de la computadora de escritorio<\/li>\n<\/ul>","protected":false},"excerpt":{"rendered":"<p>This high-quality Type-A Natural Jadeite-Jade pendant features intricate craftsmanship with Pixiu, Coins, and Gourd motifs. Certificate numbers: GD2110H013552 Weighs 36.46 grams Measurement: 53.9 * 46.2 * 7.5 mm Comes with a certificate for authenticity Handcrafted in Myanmar, this stunning piece is suitable for daily wear and showcases a unisex design. Jade Type: Jadeite Necklace Style: [&hellip;]<\/p>","protected":false},"featured_media":2042,"comment_status":"open","ping_status":"closed","template":"","meta":[],"product_brand":[],"product_cat":[194],"product_tag":[52,70,65,82,56,58,75,60,61,62],"class_list":{"0":"post-1255","1":"product","2":"type-product","3":"status-publish","4":"has-post-thumbnail","6":"product_cat-value-picks","7":"product_tag-certified","8":"product_tag-green","9":"product_tag-high-quality","10":"product_tag-light-green","11":"product_tag-limited-editions","12":"product_tag-new-arrivals","13":"product_tag-traditional","14":"product_tag-type-a-jadeite","15":"product_tag-unisex","16":"product_tag-yi-pin-qian-exclusive","18":"first","19":"instock","20":"sale","21":"shipping-taxable","22":"purchasable","23":"product-type-simple"},"_links":{"self":[{"href":"https:\/\/shop.yipinqian.com\/es\/wp-json\/wp\/v2\/product\/1255","targetHints":{"allow":["GET"]}}],"collection":[{"href":"https:\/\/shop.yipinqian.com\/es\/wp-json\/wp\/v2\/product"}],"about":[{"href":"https:\/\/shop.yipinqian.com\/es\/wp-json\/wp\/v2\/types\/product"}],"replies":[{"embeddable":true,"href":"https:\/\/shop.yipinqian.com\/es\/wp-json\/wp\/v2\/comments?post=1255"}],"version-history":[{"count":0,"href":"https:\/\/shop.yipinqian.com\/es\/wp-json\/wp\/v2\/product\/1255\/revisions"}],"wp:featuredmedia":[{"embeddable":true,"href":"https:\/\/shop.yipinqian.com\/es\/wp-json\/wp\/v2\/media\/2042"}],"wp:attachment":[{"href":"https:\/\/shop.yipinqian.com\/es\/wp-json\/wp\/v2\/media?parent=1255"}],"wp:term":[{"taxonomy":"product_brand","embeddable":true,"href":"https:\/\/shop.yipinqian.com\/es\/wp-json\/wp\/v2\/product_brand?post=1255"},{"taxonomy":"product_cat","embeddable":true,"href":"https:\/\/shop.yipinqian.com\/es\/wp-json\/wp\/v2\/product_cat?post=1255"},{"taxonomy":"product_tag","embeddable":true,"href":"https:\/\/shop.yipinqian.com\/es\/wp-json\/wp\/v2\/product_tag?post=1255"}],"curies":[{"name":"wp","href":"https:\/\/api.w.org\/{rel}","templated":true}]}}