{"id":1232,"date":"2024-10-24T23:17:58","date_gmt":"2024-10-24T15:17:58","guid":{"rendered":"https:\/\/shop.yipinqian.com\/product\/18k-gold-clasp-added-to-this-icy-translucent-natural-type-a-jadeite-pendant-leaf-symbols-of-health-longevity-and-prosperity-with-certificate-included-for-this-jadeite-weigh-5-22-grams-34-8-19-7-4-3-mm\/"},"modified":"2025-02-24T01:17:33","modified_gmt":"2025-02-23T17:17:33","slug":"18k-gold-clasp-added-to-this-icy-translucent-natural-type-a-jadeite-pendant-leaf-symbols-of-health-longevity-and-prosperity-with-certificate-included-for-this-jadeite-weigh-5-22-grams-34-8-19-7-4-3-mm","status":"publish","type":"product","link":"https:\/\/shop.yipinqian.com\/es\/producto\/18k-gold-clasp-added-to-this-icy-translucent-natural-type-a-jadeite-pendant-leaf-symbols-of-health-longevity-and-prosperity-with-certificate-included-for-this-jadeite-weigh-5-22-grams-34-8-19-7-4-3-mm\/","title":{"rendered":"Broche de oro de 18k agregado a este colgante de jade\u00edta natural tipo A transl\u00facido helado con s\u00edmbolos de hojas de salud, longevidad y prosperidad, con certificado incluido para esta jade\u00edta que pesa 5,22 gramos, 34,8 * 19,7 * 4,3 mm, adecuado para uso diario (18kp2)"},"content":{"rendered":"<p>This Icy Translucent Natural Type A Jadeite Pendant is a stunning jewelry piece that represents Health, Longevity, and Prosperity with its beautiful leaf symbols. Perfect for daily wear, this pendant comes with an 18k Gold Clasp and a certificate of authenticity.<\/p>\n<ul>\n<li>\n<strong>Tipo de jade:<\/strong> Jade\u00edta<\/li>\n<li>\n<strong>Material de configuraci\u00f3n:<\/strong> Oro en quilates<\/li>\n<li>\n<strong>Pa\u00eds natal:<\/strong> Birmania<\/li>\n<li>\n<strong>Occasions:<\/strong> Uso diario<\/li>\n<li>Jade Weight &#038; Dimensions: This jadeite weighs 5.22 grams and measures 34.8 * 19.7 *4.3 mm.<\/li>\n<\/ul>\n<p><strong>(Note: the total weight 5.22 grams is for jadeite only as the 18k gold clasp was added when it arrived in Singapore)<\/strong><\/p>\n<p>\u00a0<\/p>\n<p><strong>Certificate Numbers: GD2203H017672<\/strong><\/p>\n<p><img fetchpriority=\"high\" decoding=\"async\" width=\"1080\" src=\"https:\/\/shop.yipinqian.com\/wp-content\/uploads\/2024\/10\/d66af0238559e0de6e787e8823bfa6da.jpg?from=476444299\" height=\"1080\"><img decoding=\"async\" width=\"1080\" src=\"https:\/\/shop.yipinqian.com\/wp-content\/uploads\/2024\/10\/b253437ec9c4fb5267050df73bd0525c.jpg?from=476444299\" height=\"1080\"><\/p>\n<p>Elegantly designed to suit both men and women, this pendant is perfect for adding a touch of sophistication to any outfit.<\/p>\n<p>Add this elegant piece to your jewelry collection today!<\/p>\n<p>\u00a0<\/p>\n<p>Yi Pin Qian \u2013 Comerciante de piedras preciosas y metales preciosos en Singapur \u2013 N\u00famero de licencia PS20190000031<\/p>\n<p>\u00a0<\/p>\n<p>*Todos los jade\u00edtas comprados a Yi Pin Qian en Singapur, los clientes pueden reservar espacios para pulirlos o hacer reparaciones menores por mal manejo; se aplican tarifas y solo para los clientes de Yi Pin Qian en Singapur*<\/p>\n<p>\u00a0<\/p>\n<p><strong>**Tipos de certificados**<\/strong><\/p>\n<p>\u00a0<\/p>\n<p><strong>NGI (Gemolog\u00eda Nan Yang)<\/strong><\/p>\n<p>o <strong>Certificados en el extranjero <\/strong>(Yi Pin Qian solo utiliza certificados aut\u00e9nticos de laboratorios extranjeros y tambi\u00e9n controla la calidad de cada uno de nuestros productos antes de ponerlos a la venta en SG)<\/p>\n<p>\u00a0<\/p>\n<p>Todos los productos de TikTok contar\u00e1n con el tipo de certificado que se indica en la descripci\u00f3n. Para cualquier cliente que desee enviar su pedido a NGI Singapur, habr\u00e1 un tiempo de espera para la entrega del pedido estimado de aproximadamente 4 semanas para recibirlo. <strong>Las solicitudes de informes de NGI Gemstone deben realizarse enviando un mensaje a la tienda TikTok de Yi Pin Qian.<\/strong> Gracias, <strong><u>Se aplican tarifas adicionales<\/u><\/strong>.<\/p>\n<p>\u00a0<\/p>\n<p><strong>La jade\u00edta natural no es perfecta, solo un peque\u00f1o recordatorio: nuestra jade\u00edta natural, como todas las cosas hermosas de la naturaleza, tiene sus caracter\u00edsticas y variaciones \u00fanicas. Invitamos a nuestros valiosos clientes a adoptar estas variaciones naturales. \u00a1Felices compras!<\/strong><\/p>\n<p>\u00a0<\/p>\n<p><strong><u>Ninguna de las fotograf\u00edas ni los v\u00eddeos han sido filtrados. Animamos a nuestros clientes a que vean tambi\u00e9n los v\u00eddeos adjuntos para tener una visi\u00f3n m\u00e1s completa de nuestros productos.<\/u><\/strong><\/p>","protected":false},"excerpt":{"rendered":"<p>This Icy Translucent Natural Type A Jadeite Pendant is a stunning jewelry piece that represents Health, Longevity, and Prosperity with its beautiful leaf symbols. Perfect for daily wear, this pendant comes with an 18k Gold Clasp and a certificate of authenticity. Jade Type: Jadeite Setting Material: PT\/Carat Gold Country of Origin: Myanmar Occasions: Daily Wear [&hellip;]<\/p>","protected":false},"featured_media":1669,"comment_status":"open","ping_status":"closed","template":"","meta":[],"product_brand":[],"product_cat":[195],"product_tag":[50,52,69,53,54,55,56,59,60,62],"class_list":{"0":"post-1232","1":"product","2":"type-product","3":"status-publish","4":"has-post-thumbnail","6":"product_cat-heirloom-grade","7":"product_tag-18k-gold","8":"product_tag-certified","9":"product_tag-clasp","10":"product_tag-fine-quality","11":"product_tag-icy","12":"product_tag-jadeite","13":"product_tag-limited-editions","14":"product_tag-translucent","15":"product_tag-type-a-jadeite","16":"product_tag-yi-pin-qian-exclusive","18":"first","19":"instock","20":"sale","21":"shipping-taxable","22":"purchasable","23":"product-type-simple"},"_links":{"self":[{"href":"https:\/\/shop.yipinqian.com\/es\/wp-json\/wp\/v2\/product\/1232","targetHints":{"allow":["GET"]}}],"collection":[{"href":"https:\/\/shop.yipinqian.com\/es\/wp-json\/wp\/v2\/product"}],"about":[{"href":"https:\/\/shop.yipinqian.com\/es\/wp-json\/wp\/v2\/types\/product"}],"replies":[{"embeddable":true,"href":"https:\/\/shop.yipinqian.com\/es\/wp-json\/wp\/v2\/comments?post=1232"}],"version-history":[{"count":0,"href":"https:\/\/shop.yipinqian.com\/es\/wp-json\/wp\/v2\/product\/1232\/revisions"}],"wp:featuredmedia":[{"embeddable":true,"href":"https:\/\/shop.yipinqian.com\/es\/wp-json\/wp\/v2\/media\/1669"}],"wp:attachment":[{"href":"https:\/\/shop.yipinqian.com\/es\/wp-json\/wp\/v2\/media?parent=1232"}],"wp:term":[{"taxonomy":"product_brand","embeddable":true,"href":"https:\/\/shop.yipinqian.com\/es\/wp-json\/wp\/v2\/product_brand?post=1232"},{"taxonomy":"product_cat","embeddable":true,"href":"https:\/\/shop.yipinqian.com\/es\/wp-json\/wp\/v2\/product_cat?post=1232"},{"taxonomy":"product_tag","embeddable":true,"href":"https:\/\/shop.yipinqian.com\/es\/wp-json\/wp\/v2\/product_tag?post=1232"}],"curies":[{"name":"wp","href":"https:\/\/api.w.org\/{rel}","templated":true}]}}