{"id":1227,"date":"2024-10-24T23:17:56","date_gmt":"2024-10-24T15:17:56","guid":{"rendered":"https:\/\/shop.yipinqian.com\/product\/premium-quality-natural-type-a-jadeite-crafted-as-milo-buddha-as-pendant-set-with-18k-gold-clasp-certificate18kp29\/"},"modified":"2025-01-26T00:00:47","modified_gmt":"2025-01-25T16:00:47","slug":"premium-quality-natural-type-a-jadeite-crafted-as-milo-buddha-as-pendant-set-with-18k-gold-clasp-certificate18kp29","status":"publish","type":"product","link":"https:\/\/shop.yipinqian.com\/es\/producto\/premium-quality-natural-type-a-jadeite-crafted-as-milo-buddha-as-pendant-set-with-18k-gold-clasp-certificate18kp29\/","title":{"rendered":"#Sold \u2013 Colgante de jade\u00edta natural tipo A de primera calidad elaborado como Buda Milo con cierre de oro de 18 k, certificado (18kp29)"},"content":{"rendered":"<p>Este colgante es una obra maestra elaborada con jade\u00edta natural tipo A de primera calidad, originaria de Myanmar. El dise\u00f1o del Buda Milo est\u00e1 bellamente tallado y engastado con un broche de oro de 18 quilates, lo que crea un accesorio exquisito.<\/p>\n<p>N\u00fameros de certificado: GD2112H000255<br \/>Peso del cierre de oro de 18 quilates: 0,29 gramos<br \/>2 diamantes de 0,003 quilates<\/p>\n<p>\u2022 Esta es una pieza de jade\u00edta premium de muy alta calidad, aunque es peque\u00f1a pero muy adecuada para el uso diario. <br \/>\u2022 Jade Jade\u00edta natural tipo A: el material principal utilizado para crear este colgante es de la m\u00e1s alta calidad y autenticidad. <br \/>\u2022 Cierre de oro de 18 k: el cierre est\u00e1 hecho de oro de primera calidad, lo que le da una sensaci\u00f3n de lujo a este accesorio. <br \/>\u2022 Certificado: Este colgante viene con un certificado para mayor seguridad de su autenticidad y valor.<\/p>\n<p>El dise\u00f1o del Buda Milo le agrega un toque espiritual a la pieza, lo que la hace perfecta para ocasiones especiales. Tambi\u00e9n tiene un estilo de collar informal que lo hace lo suficientemente vers\u00e1til para usar a diario o en ocasiones especiales.<\/p>\n<p>\u2022 Material secundario de diamante: el material secundario utilizado en esta pieza son diamantes que agregan brillo y resplandor realzando su belleza general. Tipo de jade: este tipo de jade se llama jade\u00edta y ha sido clasificado como grado A debido a sus minerales naturales que le dan colores \u00fanicos. Sin tipo de garant\u00eda: tenga en cuenta que no se ofrece ning\u00fan tipo de garant\u00eda para este producto porque nos enorgullecemos de utilizar solo materiales de alta calidad que garantizan la longevidad.<\/p>\n<p>Yi Pin Qian \u2013 Comerciante de piedras preciosas y metales preciosos en Singapur \u2013 N\u00famero de licencia PS20190000031<br \/>*Todos los jade\u00edtas comprados a Yi Pin Qian en Singapur, los clientes pueden reservar espacios para pulirlos o hacer reparaciones menores por mal manejo; se aplican tarifas y solo para los clientes de Yi Pin Qian en Singapur*<\/p>\n<p>**Tipos de certificados**<br \/>NGI (Gemolog\u00eda Nan Yang)<br \/>o certificados extranjeros (Yi Pin Qian solo utiliza certificados aut\u00e9nticos de laboratorios extranjeros y tambi\u00e9n realiza controles de calidad de cada uno de nuestros productos antes de ponerlos a la venta en SG)<\/p>\n<p>Todos los productos de TikTok tendr\u00e1n el tipo de certificado proporcionado que se indica en la descripci\u00f3n. Para cualquier cliente que desee enviar su pedido a NGI Singapur, habr\u00e1 un tiempo de espera para la entrega del pedido estimado de alrededor de 4 semanas para recibirlo. Las solicitudes de informes de piedras preciosas de NGI deben enviarse por mensaje a la tienda de TikTok de Yi Pin Qian. Gracias, se aplican tarifas adicionales.<\/p>\n<p>La jade\u00edta natural no es perfecta, solo un peque\u00f1o recordatorio: nuestra jade\u00edta natural, como todas las cosas hermosas de la naturaleza, tiene sus caracter\u00edsticas y variaciones \u00fanicas. Invitamos a nuestros valiosos clientes a adoptar estas variaciones naturales. \u00a1Felices compras!<\/p>\n<p>Ninguna de las fotograf\u00edas ni los v\u00eddeos han sido filtrados. Animamos a nuestros clientes a que vean tambi\u00e9n los v\u00eddeos adjuntos para tener una visi\u00f3n m\u00e1s completa de nuestros productos.<\/p>\n<p>.<\/p>","protected":false},"excerpt":{"rendered":"<p>This pendant is a masterpiece crafted with Premium Quality Natural Type A Jadeite Jade, originating from Myanmar. The Milo Buddha design is beautifully carved and set with an 18k Gold Clasp, creating an exquisite accessory. Certificate numbers: GD2112H00025518k gold clasp weigh: 0.29 grams2 * 0.003carats diamonds \u2022 This is a very high-quality piece of premium [&hellip;]<\/p>","protected":false},"featured_media":1569,"comment_status":"open","ping_status":"closed","template":"","meta":[],"product_brand":[],"product_cat":[120,63,126],"product_tag":[50,51,52,53,54,55,56,57,58,59,60,61,62],"class_list":{"0":"post-1227","1":"product","2":"type-product","3":"status-publish","4":"has-post-thumbnail","6":"product_cat-18k-gold-setting-pendants","7":"product_cat-charms-pendants-ornaments","8":"product_cat-new-arrivals","9":"product_tag-18k-gold","10":"product_tag-buddha","11":"product_tag-certified","12":"product_tag-fine-quality","13":"product_tag-icy","14":"product_tag-jadeite","15":"product_tag-limited-editions","16":"product_tag-milo-buddha","17":"product_tag-new-arrivals","18":"product_tag-translucent","19":"product_tag-type-a-jadeite","20":"product_tag-unisex","21":"product_tag-yi-pin-qian-exclusive","23":"first","24":"outofstock","25":"sale","26":"shipping-taxable","27":"purchasable","28":"product-type-simple"},"_links":{"self":[{"href":"https:\/\/shop.yipinqian.com\/es\/wp-json\/wp\/v2\/product\/1227","targetHints":{"allow":["GET"]}}],"collection":[{"href":"https:\/\/shop.yipinqian.com\/es\/wp-json\/wp\/v2\/product"}],"about":[{"href":"https:\/\/shop.yipinqian.com\/es\/wp-json\/wp\/v2\/types\/product"}],"replies":[{"embeddable":true,"href":"https:\/\/shop.yipinqian.com\/es\/wp-json\/wp\/v2\/comments?post=1227"}],"version-history":[{"count":0,"href":"https:\/\/shop.yipinqian.com\/es\/wp-json\/wp\/v2\/product\/1227\/revisions"}],"wp:featuredmedia":[{"embeddable":true,"href":"https:\/\/shop.yipinqian.com\/es\/wp-json\/wp\/v2\/media\/1569"}],"wp:attachment":[{"href":"https:\/\/shop.yipinqian.com\/es\/wp-json\/wp\/v2\/media?parent=1227"}],"wp:term":[{"taxonomy":"product_brand","embeddable":true,"href":"https:\/\/shop.yipinqian.com\/es\/wp-json\/wp\/v2\/product_brand?post=1227"},{"taxonomy":"product_cat","embeddable":true,"href":"https:\/\/shop.yipinqian.com\/es\/wp-json\/wp\/v2\/product_cat?post=1227"},{"taxonomy":"product_tag","embeddable":true,"href":"https:\/\/shop.yipinqian.com\/es\/wp-json\/wp\/v2\/product_tag?post=1227"}],"curies":[{"name":"wp","href":"https:\/\/api.w.org\/{rel}","templated":true}]}}