{"id":11595,"date":"2024-11-14T04:09:55","date_gmt":"2024-11-13T20:09:55","guid":{"rendered":"https:\/\/shop.yipinqian.com\/new-sg-arrival-crafted-as-dragon-on-natural-type-a-jadeite-jade-as-pendant-weighs-58-34-grams-measurement-75-28-7-12-3-mm-pendant327\/"},"modified":"2025-02-24T01:17:24","modified_gmt":"2025-02-23T17:17:24","slug":"new-sg-arrival-crafted-as-dragon-on-natural-type-a-jadeite-jade-as-pendant-weighs-58-34-grams-measurement-75-28-7-12-3-mm-pendant327","status":"publish","type":"product","link":"https:\/\/shop.yipinqian.com\/es\/producto\/new-sg-arrival-crafted-as-dragon-on-natural-type-a-jadeite-jade-as-pendant-weighs-58-34-grams-measurement-75-28-7-12-3-mm-pendant327\/","title":{"rendered":"Nuevo colgante de drag\u00f3n elaborado en jade\u00edta natural tipo A. El colgante pesa 58,34 gramos y mide 75 x 28,7 x 12,3 mm (colgante 327)."},"content":{"rendered":"<p>Este nuevo colgante SG Arrival presenta un dise\u00f1o de drag\u00f3n bellamente elaborado en jade jade\u00edta natural tipo A, lo que lo convierte en una impresionante pieza de joyer\u00eda.<\/p>\n<p><\/p>\n<p>N\u00fameros de certificado: GD2110H017369<\/p>\n<p><\/p>\n<ul>\n<li>\n<strong>Peso:<\/strong> 58,34 gramos<\/li>\n<li>\n<strong>Medici\u00f3n:<\/strong> 75 x 28,7 x 12,3 mm<\/li>\n<\/ul>\n<p><img fetchpriority=\"high\" decoding=\"async\" src=\"https:\/\/shop.yipinqian.com\/wp-content\/uploads\/2024\/11\/14f2094afe3546b38f64d4bebf9c11ddtplv-aphluv4xwc-origin-jpeg.jpeg?dr=15568&amp;nonce=96073&amp;refresh_token=fc0f079befb4eb15e5e3b88c7b21bc44&amp;from=476444299&amp;idc=my&amp;ps=933b5bde&amp;shcp=9b759fb9&amp;shp=1c65f68b&amp;t=555f072d\" width=\"1080\" height=\"1080\"><img decoding=\"async\" src=\"https:\/\/shop.yipinqian.com\/wp-content\/uploads\/2024\/11\/af91adec92754f859318d0047e79b3a9tplv-aphluv4xwc-origin-jpeg.jpeg?dr=15568&amp;nonce=71272&amp;refresh_token=dd44ead7f42504f5a261514519fb98e8&amp;from=476444299&amp;idc=my&amp;ps=933b5bde&amp;shcp=9b759fb9&amp;shp=1c65f68b&amp;t=555f072d\" width=\"1080\" height=\"1080\"><\/p>\n<p>El colgante est\u00e1 dise\u00f1ado para brindar un toque auspicioso a cualquier ocasi\u00f3n, perfecto tanto para hombres como para mujeres con su atractivo unisex.<\/p>\n<ul>\n<li>\n<strong>Certificado:<\/strong> S\u00ed<\/li>\n<li>\n<strong>Regi\u00f3n de origen:<\/strong> Birmania<\/li>\n<li>\n<strong>Tipo de jade: <\/strong>Jade\u00edta<\/li>\n<li>\n<strong>Estilo de collar: <\/strong>Casual<\/li>\n<\/ul>\n<p>Yi Pin Qian \u2013 Comerciante de piedras preciosas y metales preciosos en Singapur \u2013 N\u00famero de licencia PS20190000031<\/p>\n<p><\/p>\n<p>*Todos los jade\u00edtas comprados a Yi Pin Qian en Singapur, los clientes pueden reservar espacios para pulirlos o hacer reparaciones menores por mal manejo; se aplican tarifas y solo para los clientes de Yi Pin Qian en Singapur*<\/p>\n<p><\/p>\n<p><strong>**Tipos de certificados**<\/strong><\/p>\n<p><\/p>\n<p><strong>NGI (Gemolog\u00eda Nan Yang)<\/strong><\/p>\n<p>o <strong>Certificados en el extranjero <\/strong>(Yi Pin Qian solo utiliza certificados aut\u00e9nticos de laboratorios extranjeros y tambi\u00e9n controla la calidad de cada uno de nuestros productos antes de ponerlos a la venta en SG)<\/p>\n<p><\/p>\n<p>Todos los productos de TikTok contar\u00e1n con el tipo de certificado que se indica en la descripci\u00f3n. Para cualquier cliente que desee enviar su pedido a NGI Singapur, habr\u00e1 un tiempo de espera para la entrega del pedido estimado de aproximadamente 4 semanas para recibirlo. <strong>Las solicitudes de informes de NGI Gemstone deben realizarse envi\u00e1ndonos un mensaje.<\/strong> Gracias, <strong><u>Se aplican tarifas adicionales<\/u><\/strong>.<\/p>\n<p><\/p>\n<p><strong>La jade\u00edta natural no es perfecta, solo un peque\u00f1o recordatorio: nuestra jade\u00edta natural, como todas las cosas hermosas de la naturaleza, tiene sus caracter\u00edsticas y variaciones \u00fanicas. Invitamos a nuestros valiosos clientes a adoptar estas variaciones naturales. \u00a1Felices compras!<\/strong><\/p>\n<p><\/p>\n<p><strong><u>Ninguna de las fotograf\u00edas ni los v\u00eddeos han sido filtrados. Animamos a nuestros clientes a que vean tambi\u00e9n los v\u00eddeos adjuntos para tener una visi\u00f3n m\u00e1s completa de nuestros productos.<\/u><\/strong><\/p>\n<p><\/p>\n<ul>\n<li>Las diferentes plataformas solo pueden ver videos a trav\u00e9s de la computadora de escritorio<\/li>\n<\/ul>","protected":false},"excerpt":{"rendered":"<p>Este nuevo colgante SG Arrival presenta un dise\u00f1o de drag\u00f3n bellamente elaborado en jade\u00edta natural tipo A, lo que lo convierte en una impresionante pieza de joyer\u00eda. N\u00fameros de certificado: GD2110H017369 Peso: 58,34 gramos Medidas: 75 x 28,7 x 12,3 mm El colgante est\u00e1 dise\u00f1ado para brindar un toque auspicioso a cualquier ocasi\u00f3n, perfecto tanto para hombres como para mujeres [\u2026]<\/p>","protected":false},"featured_media":11643,"comment_status":"open","ping_status":"closed","template":"","meta":[],"product_brand":[],"product_cat":[195],"product_tag":[52,78,65,54,58,73,59,60,61,62],"class_list":{"0":"post-11595","1":"product","2":"type-product","3":"status-publish","4":"has-post-thumbnail","6":"product_cat-heirloom-grade","7":"product_tag-certified","8":"product_tag-dragon","9":"product_tag-high-quality","10":"product_tag-icy","11":"product_tag-new-arrivals","12":"product_tag-pendant","13":"product_tag-translucent","14":"product_tag-type-a-jadeite","15":"product_tag-unisex","16":"product_tag-yi-pin-qian-exclusive","18":"first","19":"instock","20":"sale","21":"shipping-taxable","22":"purchasable","23":"product-type-simple"},"_links":{"self":[{"href":"https:\/\/shop.yipinqian.com\/es\/wp-json\/wp\/v2\/product\/11595","targetHints":{"allow":["GET"]}}],"collection":[{"href":"https:\/\/shop.yipinqian.com\/es\/wp-json\/wp\/v2\/product"}],"about":[{"href":"https:\/\/shop.yipinqian.com\/es\/wp-json\/wp\/v2\/types\/product"}],"replies":[{"embeddable":true,"href":"https:\/\/shop.yipinqian.com\/es\/wp-json\/wp\/v2\/comments?post=11595"}],"version-history":[{"count":0,"href":"https:\/\/shop.yipinqian.com\/es\/wp-json\/wp\/v2\/product\/11595\/revisions"}],"wp:featuredmedia":[{"embeddable":true,"href":"https:\/\/shop.yipinqian.com\/es\/wp-json\/wp\/v2\/media\/11643"}],"wp:attachment":[{"href":"https:\/\/shop.yipinqian.com\/es\/wp-json\/wp\/v2\/media?parent=11595"}],"wp:term":[{"taxonomy":"product_brand","embeddable":true,"href":"https:\/\/shop.yipinqian.com\/es\/wp-json\/wp\/v2\/product_brand?post=11595"},{"taxonomy":"product_cat","embeddable":true,"href":"https:\/\/shop.yipinqian.com\/es\/wp-json\/wp\/v2\/product_cat?post=11595"},{"taxonomy":"product_tag","embeddable":true,"href":"https:\/\/shop.yipinqian.com\/es\/wp-json\/wp\/v2\/product_tag?post=11595"}],"curies":[{"name":"wp","href":"https:\/\/api.w.org\/{rel}","templated":true}]}}