{"id":11592,"date":"2024-11-15T07:50:39","date_gmt":"2024-11-14T23:50:39","guid":{"rendered":"https:\/\/shop.yipinqian.com\/new-arrival-in-singapore-premium-high-quality-natural-type-a-jadeite-jade-18k-gold-pendant-crafted-as-ruyi-certificate-weighs-5-51-grams-measurement-27-1-24-6-7-3-mm-18kp74\/"},"modified":"2025-02-24T01:17:24","modified_gmt":"2025-02-23T17:17:24","slug":"new-arrival-in-singapore-premium-high-quality-natural-type-a-jadeite-jade-18k-gold-pendant-crafted-as-ruyi-certificate-weighs-5-51-grams-measurement-27-1-24-6-7-3-mm-18kp74","status":"publish","type":"product","link":"https:\/\/shop.yipinqian.com\/es\/producto\/new-arrival-in-singapore-premium-high-quality-natural-type-a-jadeite-jade-18k-gold-pendant-crafted-as-ruyi-certificate-weighs-5-51-grams-measurement-27-1-24-6-7-3-mm-18kp74\/","title":{"rendered":"Reci\u00e9n llegado a Singapur, colgante de jade\u00edta natural tipo A de alta calidad de oro de 18 k elaborado como Ruyi, certificado, pesa 5,51 gramos, medida 27,1 * 24,6 * 7,3 mm (18kp74)"},"content":{"rendered":"<p>Este reci\u00e9n llegado a Singapur es un colgante de oro de 18 quilates de jade\u00edta natural tipo A de alta calidad de primera calidad elaborado como Ruyi. Viene con un certificado y pesa 5,51 gramos con medidas de 27,1 * 24,6 * 7,3 mm (18 kp74).<\/p>\n<p><\/p>\n<p>N\u00fameros de certificado: GD2109H014858<\/p>\n<p>Oro de 18k: 2 gramos<\/p>\n<p>Diamantes: 91 * 0,003 = 0,273 quilates<\/p>\n<p>Tama\u00f1o de la jade\u00edta: 15,9 x 22,5 x 4 mm<\/p>\n<p>Con tama\u00f1o de ajuste: 27,1 x 24,6 x 7,3 mm<\/p>\n<p><img fetchpriority=\"high\" decoding=\"async\" src=\"https:\/\/shop.yipinqian.com\/wp-content\/uploads\/2024\/11\/5daf890306254c2abca3048f24b00255tplv-aphluv4xwc-origin-jpeg.jpeg?dr=15568&amp;nonce=84109&amp;refresh_token=b831d4a2c0665ccac7cd454de5de2429&amp;from=476444299&amp;idc=my2&amp;ps=933b5bde&amp;shcp=9b759fb9&amp;shp=1c65f68b&amp;t=555f072d\" width=\"1536\" height=\"2048\"><\/p>\n<ul>\n<li>\n<strong>Con Certificado:<\/strong> S\u00ed<\/li>\n<li>\n<strong>Material secundario:<\/strong> Diamante<\/li>\n<li>\n<strong>Material de configuraci\u00f3n:<\/strong> Oro en quilates<\/li>\n<li>\n<strong>Tipo de jade:<\/strong> Jade\u00edta<\/li>\n<\/ul>\n<p><strong>Engastada con un cabuj\u00f3n verde manzana, la jade\u00edta es transl\u00facida de primera calidad con manchas verdes.<\/strong><\/p>\n<ul>\n<li>Regi\u00f3n de origen: Ocasi\u00f3n: Diario G\u00e9nero: Unisex Estilo del collar: Casual Este exquisito colgante es perfecto para el uso diario y se adapta tanto a hombres como a mujeres con su dise\u00f1o unisex. Realce su colecci\u00f3n de joyas con esta impresionante pieza que muestra la belleza del jade\u00edta natural tipo A combinado con una lujosa artesan\u00eda en oro.<\/li>\n<\/ul>\n<p><img decoding=\"async\" src=\"https:\/\/shop.yipinqian.com\/wp-content\/uploads\/2024\/11\/19ccc6eb7a774870961eaf52a1b874aetplv-aphluv4xwc-origin-jpeg.jpeg?dr=15568&amp;nonce=16046&amp;refresh_token=6e8491b61aaf78153a33c8afd181c847&amp;from=476444299&amp;idc=my2&amp;ps=933b5bde&amp;shcp=9b759fb9&amp;shp=1c65f68b&amp;t=555f072d\" width=\"1536\" height=\"2048\"><\/p>\n<p>Yi Pin Qian \u2013 Comerciante de piedras preciosas y metales preciosos en Singapur \u2013 N\u00famero de licencia PS20190000031<\/p>\n<p><\/p>\n<p>*Todos los jade\u00edtas comprados a Yi Pin Qian en Singapur, los clientes pueden reservar espacios para pulirlos o hacer reparaciones menores por mal manejo; se aplican tarifas y solo para los clientes de Yi Pin Qian en Singapur*<\/p>\n<p><\/p>\n<p><strong>**Tipos de certificados**<\/strong><\/p>\n<p><\/p>\n<p><strong>NGI (Gemolog\u00eda Nan Yang)<\/strong><\/p>\n<p>o <strong>Certificados en el extranjero <\/strong>(Yi Pin Qian solo utiliza certificados aut\u00e9nticos de laboratorios extranjeros y tambi\u00e9n controla la calidad de cada uno de nuestros productos antes de ponerlos a la venta en SG)<\/p>\n<p><\/p>\n<p>Todos los productos de TikTok contar\u00e1n con el tipo de certificado que se indica en la descripci\u00f3n. Para cualquier cliente que desee enviar su pedido a NGI Singapur, habr\u00e1 un tiempo de espera para la entrega del pedido estimado de aproximadamente 4 semanas para recibirlo. <strong>Las solicitudes de informes de NGI Gemstone deben realizarse envi\u00e1ndonos un mensaje.<\/strong> Gracias, <strong><u>Se aplican tarifas adicionales<\/u><\/strong>.<\/p>\n<p><\/p>\n<p><strong>La jade\u00edta natural no es perfecta, solo un peque\u00f1o recordatorio: nuestra jade\u00edta natural, como todas las cosas hermosas de la naturaleza, tiene sus caracter\u00edsticas y variaciones \u00fanicas. Invitamos a nuestros valiosos clientes a adoptar estas variaciones naturales. \u00a1Felices compras!<\/strong><\/p>\n<p><\/p>\n<p><strong><u>Ninguna de las fotograf\u00edas ni los v\u00eddeos han sido filtrados. Animamos a nuestros clientes a que vean tambi\u00e9n los v\u00eddeos adjuntos para tener una visi\u00f3n m\u00e1s completa de nuestros productos.<\/u><\/strong><\/p>\n<p><\/p>\n<ul>\n<li>Las diferentes plataformas solo pueden ver videos a trav\u00e9s de la computadora de escritorio<\/li>\n<\/ul>","protected":false},"excerpt":{"rendered":"<p>This New Arrival in Singapore is a Premium High Quality Natural Type A Jadeite Jade 18k Gold Pendant crafted as Ruyi. It comes with a certificate and weighs 5.51 grams with measurements of 27.1 * 24.6 * 7.3 mm (18kp74). Certificate numbers: GD2109H014858 18k Gold: 2 grams Diamonds: 91 * 0.003 = 0.273 Carats Jadeite [&hellip;]<\/p>","protected":false},"featured_media":11634,"comment_status":"open","ping_status":"closed","template":"","meta":[],"product_brand":[],"product_cat":[195],"product_tag":[50,64,52,88,53,79,96,54,55,82,56,58,73,59,60,61,62],"class_list":{"0":"post-11592","1":"product","2":"type-product","3":"status-publish","4":"has-post-thumbnail","6":"product_cat-heirloom-grade","7":"product_tag-18k-gold","8":"product_tag-cabochon","9":"product_tag-certified","10":"product_tag-diamonds","11":"product_tag-fine-quality","12":"product_tag-green-hue","13":"product_tag-green-patches","14":"product_tag-icy","15":"product_tag-jadeite","16":"product_tag-light-green","17":"product_tag-limited-editions","18":"product_tag-new-arrivals","19":"product_tag-pendant","20":"product_tag-translucent","21":"product_tag-type-a-jadeite","22":"product_tag-unisex","23":"product_tag-yi-pin-qian-exclusive","25":"first","26":"instock","27":"sale","28":"shipping-taxable","29":"purchasable","30":"product-type-simple"},"_links":{"self":[{"href":"https:\/\/shop.yipinqian.com\/es\/wp-json\/wp\/v2\/product\/11592","targetHints":{"allow":["GET"]}}],"collection":[{"href":"https:\/\/shop.yipinqian.com\/es\/wp-json\/wp\/v2\/product"}],"about":[{"href":"https:\/\/shop.yipinqian.com\/es\/wp-json\/wp\/v2\/types\/product"}],"replies":[{"embeddable":true,"href":"https:\/\/shop.yipinqian.com\/es\/wp-json\/wp\/v2\/comments?post=11592"}],"version-history":[{"count":0,"href":"https:\/\/shop.yipinqian.com\/es\/wp-json\/wp\/v2\/product\/11592\/revisions"}],"wp:featuredmedia":[{"embeddable":true,"href":"https:\/\/shop.yipinqian.com\/es\/wp-json\/wp\/v2\/media\/11634"}],"wp:attachment":[{"href":"https:\/\/shop.yipinqian.com\/es\/wp-json\/wp\/v2\/media?parent=11592"}],"wp:term":[{"taxonomy":"product_brand","embeddable":true,"href":"https:\/\/shop.yipinqian.com\/es\/wp-json\/wp\/v2\/product_brand?post=11592"},{"taxonomy":"product_cat","embeddable":true,"href":"https:\/\/shop.yipinqian.com\/es\/wp-json\/wp\/v2\/product_cat?post=11592"},{"taxonomy":"product_tag","embeddable":true,"href":"https:\/\/shop.yipinqian.com\/es\/wp-json\/wp\/v2\/product_tag?post=11592"}],"curies":[{"name":"wp","href":"https:\/\/api.w.org\/{rel}","templated":true}]}}