{"id":11576,"date":"2024-11-14T03:17:44","date_gmt":"2024-11-13T19:17:44","guid":{"rendered":"https:\/\/shop.yipinqian.com\/latest-arrival-crafted-as-milo-buddha-on-high-quality-natural-type-a-jadeite-jade-as-pendant-necklace-with-certificate-weighs-39-75-grams-measurement-59-6-36-8-10-8-pendant325\/"},"modified":"2025-02-24T01:17:24","modified_gmt":"2025-02-23T17:17:24","slug":"latest-arrival-crafted-as-milo-buddha-on-high-quality-natural-type-a-jadeite-jade-as-pendant-necklace-with-certificate-weighs-39-75-grams-measurement-59-6-36-8-10-8-pendant325","status":"publish","type":"product","link":"https:\/\/shop.yipinqian.com\/es\/producto\/latest-arrival-crafted-as-milo-buddha-on-high-quality-natural-type-a-jadeite-jade-as-pendant-necklace-with-certificate-weighs-39-75-grams-measurement-59-6-36-8-10-8-pendant325\/","title":{"rendered":"\u00daltima llegada elaborada como Milo Buddha en jade\u00edta natural tipo A de alta calidad como collar colgante con certificado pesa 39,75 gramos, medida 59,6 * 36,8 * 10,8 (colgante 325)"},"content":{"rendered":"<p>Presentamos nuestra \u00faltima llegada: un impresionante collar colgante de Buda Milo elaborado con jade jade\u00edta tipo A natural de alta calidad. <\/p>\n<p><\/p>\n<p>(<strong>Este material es exactamente igual a otra pieza que estamos vendiendo con el sku: (pendant323), de alta calidad y gran tama\u00f1o, bueno para coleccionar.<\/strong>)<\/p>\n<p><\/p>\n<p>N\u00fameros de certificado: 920660034120<\/p>\n<ul>\n<li>Con un peso de 39,75 gramos, este exquisito colgante mide 59,6 x 36,8 x 10,8 mm.<\/li>\n<\/ul>\n<p>Esta pieza \u00fanica viene con un certificado de autenticidad, lo que la convierte en una valiosa adici\u00f3n a su colecci\u00f3n.<\/p>\n<ul>\n<li>\n<strong>Ocasi\u00f3n:<\/strong> A diario<\/li>\n<li>\n<strong>Tipo de jade:<\/strong> Jade\u00edta<\/li>\n<li>\n<strong>Estilo del collar:<\/strong> Casual<\/li>\n<li>\n<strong>G\u00e9nero:<\/strong> Unisexo<\/li>\n<\/ul>\n<p>Mejora tu estilo con este hermoso collar colgante de Buda Milo, perfecto para el uso diario y que muestra una artesan\u00eda excepcional en cada detalle.<\/p>\n<p>.<\/p>\n<p>Yi Pin Qian \u2013 Comerciante de piedras preciosas y metales preciosos en Singapur \u2013 N\u00famero de licencia PS20190000031<\/p>\n<p><\/p>\n<p>*Todos los jade\u00edtas comprados a Yi Pin Qian en Singapur, los clientes pueden reservar espacios para pulirlos o hacer reparaciones menores por mal manejo; se aplican tarifas y solo para los clientes de Yi Pin Qian en Singapur*<\/p>\n<p><\/p>\n<p><strong>**Tipos de certificados**<\/strong><\/p>\n<p><\/p>\n<p><strong>NGI (Gemolog\u00eda Nan Yang)<\/strong><\/p>\n<p>o <strong>Certificados en el extranjero <\/strong>(Yi Pin Qian solo utiliza certificados aut\u00e9nticos de laboratorios extranjeros y tambi\u00e9n controla la calidad de cada uno de nuestros productos antes de ponerlos a la venta en SG)<\/p>\n<p><\/p>\n<p>Todos los productos de TikTok contar\u00e1n con el tipo de certificado que se indica en la descripci\u00f3n. Para cualquier cliente que desee enviar su pedido a NGI Singapur, habr\u00e1 un tiempo de espera para la entrega del pedido estimado de aproximadamente 4 semanas para recibirlo. <strong>Las solicitudes de informes de NGI Gemstone deben realizarse envi\u00e1ndonos un mensaje.<\/strong> Gracias, <strong><u>Se aplican tarifas adicionales<\/u><\/strong>.<\/p>\n<p><\/p>\n<p><strong>La jade\u00edta natural no es perfecta, solo un peque\u00f1o recordatorio: nuestra jade\u00edta natural, como todas las cosas hermosas de la naturaleza, tiene sus caracter\u00edsticas y variaciones \u00fanicas. Invitamos a nuestros valiosos clientes a adoptar estas variaciones naturales. \u00a1Felices compras!<\/strong><\/p>\n<p><\/p>\n<p><strong><u>Ninguna de las fotograf\u00edas ni los v\u00eddeos han sido filtrados. Animamos a nuestros clientes a que vean tambi\u00e9n los v\u00eddeos adjuntos para tener una visi\u00f3n m\u00e1s completa de nuestros productos.<\/u><\/strong><\/p>\n<p><\/p>\n<ul>\n<li>Las diferentes plataformas solo pueden ver videos a trav\u00e9s de la computadora de escritorio<\/li>\n<\/ul>","protected":false},"excerpt":{"rendered":"<p>Introducing our latest arrival: a stunning Milo Buddha pendant necklace crafted from high-quality natural Type A Jadeite Jade. (This material is exactly same as another piece that we are selling with the sku: (pendant323), high quality and Hugh in size, good for collection) Certificate numbers: 920660034120 Weighing 39.75 grams, these exquisite pendant measures 59.6 * [&hellip;]<\/p>","protected":false},"featured_media":11665,"comment_status":"open","ping_status":"closed","template":"","meta":[],"product_brand":[],"product_cat":[195],"product_tag":[51,52,70,65,55,57,98,58,60,61,68,62],"class_list":{"0":"post-11576","1":"product","2":"type-product","3":"status-publish","4":"has-post-thumbnail","6":"product_cat-heirloom-grade","7":"product_tag-buddha","8":"product_tag-certified","9":"product_tag-green","10":"product_tag-high-quality","11":"product_tag-jadeite","12":"product_tag-milo-buddha","13":"product_tag-necklace","14":"product_tag-new-arrivals","15":"product_tag-type-a-jadeite","16":"product_tag-unisex","17":"product_tag-yellow","18":"product_tag-yi-pin-qian-exclusive","20":"first","21":"instock","22":"sale","23":"shipping-taxable","24":"purchasable","25":"product-type-simple"},"_links":{"self":[{"href":"https:\/\/shop.yipinqian.com\/es\/wp-json\/wp\/v2\/product\/11576","targetHints":{"allow":["GET"]}}],"collection":[{"href":"https:\/\/shop.yipinqian.com\/es\/wp-json\/wp\/v2\/product"}],"about":[{"href":"https:\/\/shop.yipinqian.com\/es\/wp-json\/wp\/v2\/types\/product"}],"replies":[{"embeddable":true,"href":"https:\/\/shop.yipinqian.com\/es\/wp-json\/wp\/v2\/comments?post=11576"}],"version-history":[{"count":0,"href":"https:\/\/shop.yipinqian.com\/es\/wp-json\/wp\/v2\/product\/11576\/revisions"}],"wp:featuredmedia":[{"embeddable":true,"href":"https:\/\/shop.yipinqian.com\/es\/wp-json\/wp\/v2\/media\/11665"}],"wp:attachment":[{"href":"https:\/\/shop.yipinqian.com\/es\/wp-json\/wp\/v2\/media?parent=11576"}],"wp:term":[{"taxonomy":"product_brand","embeddable":true,"href":"https:\/\/shop.yipinqian.com\/es\/wp-json\/wp\/v2\/product_brand?post=11576"},{"taxonomy":"product_cat","embeddable":true,"href":"https:\/\/shop.yipinqian.com\/es\/wp-json\/wp\/v2\/product_cat?post=11576"},{"taxonomy":"product_tag","embeddable":true,"href":"https:\/\/shop.yipinqian.com\/es\/wp-json\/wp\/v2\/product_tag?post=11576"}],"curies":[{"name":"wp","href":"https:\/\/api.w.org\/{rel}","templated":true}]}}