{"id":11574,"date":"2024-11-17T05:41:46","date_gmt":"2024-11-16T21:41:46","guid":{"rendered":"https:\/\/shop.yipinqian.com\/latest-added-sg-seller-crafted-as-scenery-on-natural-type-a-jadeite-jade-white-with-light-green-hue-as-pendant-certificate-weighs-11-07-grams-measurement-48-3-27-9-4-8-mm-pendant331\/"},"modified":"2025-02-24T00:49:48","modified_gmt":"2025-02-23T16:49:48","slug":"latest-added-sg-seller-crafted-as-scenery-on-natural-type-a-jadeite-jade-white-with-light-green-hue-as-pendant-certificate-weighs-11-07-grams-measurement-48-3-27-9-4-8-mm-pendant331","status":"publish","type":"product","link":"https:\/\/shop.yipinqian.com\/es\/producto\/latest-added-sg-seller-crafted-as-scenery-on-natural-type-a-jadeite-jade-white-with-light-green-hue-as-pendant-certificate-weighs-11-07-grams-measurement-48-3-27-9-4-8-mm-pendant331\/","title":{"rendered":"\u00daltimo vendedor de SG a\u00f1adido: elaborado como paisaje en jade\u00edta natural tipo A, blanco con tono verde claro como colgante, el certificado pesa 11,07 gramos, medida 48,3 * 27,9 * 4,8 mm (colgante 331)"},"content":{"rendered":"<p>Este impresionante colgante es una verdadera obra de arte, elaborado con jade\u00edta natural tipo A con un tono blanco y verde claro. El intrincado dise\u00f1o de paisaje agrega un toque de elegancia a cualquier atuendo.<\/p>\n<p><\/p>\n<p>N\u00fameros de certificado: GD2202H006839<\/p>\n<p><img fetchpriority=\"high\" decoding=\"async\" src=\"https:\/\/shop.yipinqian.com\/wp-content\/uploads\/2024\/11\/038821b4892440ffac37425f949477a6tplv-aphluv4xwc-origin-jpeg.jpeg?dr=15568&amp;nonce=80496&amp;refresh_token=f8abf9eec30166291c2999c3b87cfba2&amp;from=476444299&amp;idc=my&amp;ps=933b5bde&amp;shcp=9b759fb9&amp;shp=1c65f68b&amp;t=555f072d\" width=\"1080\" height=\"1080\"><\/p>\n<ul>\n<li>\n<strong>Peso:<\/strong> 11,07 gramos<\/li>\n<li>\n<strong>Medici\u00f3n:<\/strong> 48,3 x 27,9 x 4,8 mm<\/li>\n<li>\n<strong>Certificado:<\/strong> S\u00ed<\/li>\n<li>\n<strong>Tipo de jade:<\/strong> Jade\u00edta<\/li>\n<li>Estilo del collar: informal. Procedente de Myanmar, este colgante irradia sofisticaci\u00f3n y encanto, lo que lo hace perfecto para el uso diario tanto de hombres como de mujeres. Agregue esta exquisita pieza a su colecci\u00f3n o reg\u00e1lela a alguien especial que aprecie la belleza de las joyas de jade fino.<\/li>\n<\/ul>\n<p><img decoding=\"async\" src=\"https:\/\/shop.yipinqian.com\/wp-content\/uploads\/2024\/11\/04aaf75e79cf4c0681fdff8e4af82deetplv-aphluv4xwc-origin-jpeg.jpeg?dr=15568&amp;nonce=18596&amp;refresh_token=770882c93400f62c2d11150784562251&amp;from=476444299&amp;idc=my&amp;ps=933b5bde&amp;shcp=9b759fb9&amp;shp=1c65f68b&amp;t=555f072d\" width=\"1080\" height=\"1080\"><\/p>\n<p><strong>La jade\u00edta natural no es perfecta, solo un peque\u00f1o recordatorio: nuestra jade\u00edta natural, como todas las cosas hermosas de la naturaleza, tiene sus caracter\u00edsticas y variaciones \u00fanicas. Invitamos a nuestros valiosos clientes a adoptar estas variaciones naturales. \u00a1Felices compras!<\/strong><\/p>\n<p><\/p>\n<p><strong><u>Ninguna de las fotograf\u00edas ni los v\u00eddeos han sido filtrados. Animamos a nuestros clientes a que vean tambi\u00e9n los v\u00eddeos adjuntos para tener una visi\u00f3n m\u00e1s completa de nuestros productos.<\/u><\/strong><\/p>\n<p><\/p>\n<ul>\n<li>Las diferentes plataformas solo pueden ver videos a trav\u00e9s de la computadora de escritorio<\/li>\n<\/ul>","protected":false},"excerpt":{"rendered":"<p>This stunning pendant is a true work of art, crafted on natural Type A Jadeite Jade with a white and light green hue. The intricate scenery design adds a touch of elegance to any outfit. Certificate numbers: GD2202H006839 Weight: 11.07 grams Measurement: 48.3 * 27.9 * 4.8 mm Certificate: Yes Jade Type: Jadeite Neklace Style:Casual [&hellip;]<\/p>","protected":false},"featured_media":11667,"comment_status":"open","ping_status":"closed","template":"","meta":[],"product_brand":[],"product_cat":[194],"product_tag":[52,89,82,98,58,73,75,60,61,62],"class_list":{"0":"post-11574","1":"product","2":"type-product","3":"status-publish","4":"has-post-thumbnail","6":"product_cat-value-picks","7":"product_tag-certified","8":"product_tag-fengshui","9":"product_tag-light-green","10":"product_tag-necklace","11":"product_tag-new-arrivals","12":"product_tag-pendant","13":"product_tag-traditional","14":"product_tag-type-a-jadeite","15":"product_tag-unisex","16":"product_tag-yi-pin-qian-exclusive","18":"first","19":"instock","20":"sale","21":"shipping-taxable","22":"purchasable","23":"product-type-simple"},"_links":{"self":[{"href":"https:\/\/shop.yipinqian.com\/es\/wp-json\/wp\/v2\/product\/11574","targetHints":{"allow":["GET"]}}],"collection":[{"href":"https:\/\/shop.yipinqian.com\/es\/wp-json\/wp\/v2\/product"}],"about":[{"href":"https:\/\/shop.yipinqian.com\/es\/wp-json\/wp\/v2\/types\/product"}],"replies":[{"embeddable":true,"href":"https:\/\/shop.yipinqian.com\/es\/wp-json\/wp\/v2\/comments?post=11574"}],"version-history":[{"count":0,"href":"https:\/\/shop.yipinqian.com\/es\/wp-json\/wp\/v2\/product\/11574\/revisions"}],"wp:featuredmedia":[{"embeddable":true,"href":"https:\/\/shop.yipinqian.com\/es\/wp-json\/wp\/v2\/media\/11667"}],"wp:attachment":[{"href":"https:\/\/shop.yipinqian.com\/es\/wp-json\/wp\/v2\/media?parent=11574"}],"wp:term":[{"taxonomy":"product_brand","embeddable":true,"href":"https:\/\/shop.yipinqian.com\/es\/wp-json\/wp\/v2\/product_brand?post=11574"},{"taxonomy":"product_cat","embeddable":true,"href":"https:\/\/shop.yipinqian.com\/es\/wp-json\/wp\/v2\/product_cat?post=11574"},{"taxonomy":"product_tag","embeddable":true,"href":"https:\/\/shop.yipinqian.com\/es\/wp-json\/wp\/v2\/product_tag?post=11574"}],"curies":[{"name":"wp","href":"https:\/\/api.w.org\/{rel}","templated":true}]}}