{"id":11565,"date":"2024-11-15T06:47:16","date_gmt":"2024-11-14T22:47:16","guid":{"rendered":"https:\/\/shop.yipinqian.com\/crafted-as-guan-gong-riding-horse-on-natural-type-a-jadeite-jade-as-pendant-sg-ready-stocks-certificate-weighs-14-54-grams-measurement-48-7-25-1-6-7-mm-pendant328\/"},"modified":"2025-01-09T01:23:11","modified_gmt":"2025-01-08T17:23:11","slug":"crafted-as-guan-gong-riding-horse-on-natural-type-a-jadeite-jade-as-pendant-sg-ready-stocks-certificate-weighs-14-54-grams-measurement-48-7-25-1-6-7-mm-pendant328","status":"publish","type":"product","link":"https:\/\/shop.yipinqian.com\/es\/producto\/crafted-as-guan-gong-riding-horse-on-natural-type-a-jadeite-jade-as-pendant-sg-ready-stocks-certificate-weighs-14-54-grams-measurement-48-7-25-1-6-7-mm-pendant328\/","title":{"rendered":"Fabricado como Guan Gong Riding Horse en jade\u00edta natural tipo A como colgante - SG Ready Stocks - certificado pesa 14,54 gramos, medida 48,7 * 25,1 * 6,7 mm (colgante 328)"},"content":{"rendered":"<p>Este exquisito colgante presenta una representaci\u00f3n de Guan Gong montando a caballo sobre jade jade\u00edta natural tipo A, creando una pieza de joyer\u00eda \u00fanica y llamativa.<\/p>\n<p><\/p>\n<p>N\u00fameros de certificado: ZS22071801088<\/p>\n<p><img fetchpriority=\"high\" decoding=\"async\" src=\"https:\/\/shop.yipinqian.com\/wp-content\/uploads\/2024\/11\/c36d40f6c23a4fb1a1abfc614e809a60tplv-aphluv4xwc-origin-jpeg.jpeg?dr=15568&amp;nonce=42547&amp;refresh_token=a4b017500a07939b782187d67ee3385d&amp;from=476444299&amp;idc=my2&amp;ps=933b5bde&amp;shcp=9b759fb9&amp;shp=1c65f68b&amp;t=555f072d\" width=\"1080\" height=\"1080\"><\/p>\n<ul>\n<li>\n<strong>Material:<\/strong> Elaborado a partir de jade\u00edta tipo A de alta calidad.<\/li>\n<li>\n<strong>Peso:<\/strong> 14,54 gramos<\/li>\n<li>\n<strong>Medici\u00f3n:<\/strong> 48,7 x 25,1 x 6,7 mm<\/li>\n<li><strong>Certificado:<\/strong><\/li>\n<li><strong>Tipo de jade: jade\u00edta<\/strong><\/li>\n<\/ul>\n<p><img decoding=\"async\" src=\"https:\/\/shop.yipinqian.com\/wp-content\/uploads\/2024\/11\/17bb3c40b075453cbf1036af236cd241tplv-aphluv4xwc-origin-jpeg.jpeg?dr=15568&amp;nonce=18674&amp;refresh_token=971bc45a60b47aa89c73946e76406e31&amp;from=476444299&amp;idc=my2&amp;ps=933b5bde&amp;shcp=9b759fb9&amp;shp=1c65f68b&amp;t=555f072d\" width=\"1080\" height=\"1080\"><\/p>\n<p><strong>El colgante est\u00e1 dise\u00f1ado en SG Ready Stocks, por lo que est\u00e1 disponible para su compra y uso inmediato.<\/strong><\/p>\n<ul>\n<li><strong>El colgante es adecuado para el uso diario, a\u00f1adiendo un toque de elegancia a cualquier atuendo con su estilo de collar casual.<\/strong><\/li>\n<\/ul>\n<ul>\n<li><strong>Esta pieza es una excelente opci\u00f3n tanto para hombres como para mujeres debido a su dise\u00f1o unisex, lo que la convierte en un accesorio vers\u00e1til para cualquier ocasi\u00f3n.<\/strong><\/li>\n<\/ul>\n<p>Yi Pin Qian \u2013 Comerciante de piedras preciosas y metales preciosos en Singapur \u2013 N\u00famero de licencia PS20190000031<\/p>\n<p><\/p>\n<p>*Todos los jade\u00edtas comprados a Yi Pin Qian en Singapur, los clientes pueden reservar espacios para pulirlos o hacer reparaciones menores por mal manejo; se aplican tarifas y solo para los clientes de Yi Pin Qian en Singapur*<\/p>\n<p><\/p>\n<p><strong>**Tipos de certificados**<\/strong><\/p>\n<p><\/p>\n<p><strong>NGI (Gemolog\u00eda Nan Yang)<\/strong><\/p>\n<p>o <strong>Certificados en el extranjero <\/strong>(Yi Pin Qian solo utiliza certificados aut\u00e9nticos de laboratorios extranjeros y tambi\u00e9n controla la calidad de cada uno de nuestros productos antes de ponerlos a la venta en SG)<\/p>\n<p><\/p>\n<p>Todos los productos de TikTok contar\u00e1n con el tipo de certificado que se indica en la descripci\u00f3n. Para cualquier cliente que desee enviar su pedido a NGI Singapur, habr\u00e1 un tiempo de espera para la entrega del pedido estimado de aproximadamente 4 semanas para recibirlo. <strong>Las solicitudes de informes de NGI Gemstone deben realizarse envi\u00e1ndonos un mensaje.<\/strong> Gracias, <strong><u>Se aplican tarifas adicionales<\/u><\/strong>.<\/p>\n<p><\/p>\n<p><strong>La jade\u00edta natural no es perfecta, solo un peque\u00f1o recordatorio: nuestra jade\u00edta natural, como todas las cosas hermosas de la naturaleza, tiene sus caracter\u00edsticas y variaciones \u00fanicas. Invitamos a nuestros valiosos clientes a adoptar estas variaciones naturales. \u00a1Felices compras!<\/strong><\/p>\n<p><\/p>\n<p><strong><u>Ninguna de las fotograf\u00edas ni los v\u00eddeos han sido filtrados. Animamos a nuestros clientes a que vean tambi\u00e9n los v\u00eddeos adjuntos para tener una visi\u00f3n m\u00e1s completa de nuestros productos.<\/u><\/strong><\/p>\n<p><\/p>\n<ul>\n<li>Las diferentes plataformas solo pueden ver videos a trav\u00e9s de la computadora de escritorio<\/li>\n<\/ul>","protected":false},"excerpt":{"rendered":"<p>Este exquisito colgante presenta una representaci\u00f3n de Guan Gong montando a caballo en jade jade\u00edta natural tipo A, lo que crea una pieza de joyer\u00eda \u00fanica y llamativa. N\u00fameros de certificado: ZS22071801088 Material: Elaborado con jade jade\u00edta tipo A de alta calidad Peso: 14,54 gramos Medida: 48,7 * 25,1 * 6,7 mm Certificado: Tipo de jade: Jade\u00edta El colgante est\u00e1 dise\u00f1ado en [\u2026]<\/p>","protected":false},"featured_media":11630,"comment_status":"open","ping_status":"closed","template":"","meta":[],"product_brand":[],"product_cat":[83,126,48],"product_tag":[52,65,54,56,58,73,59,60,61,62],"class_list":{"0":"post-11565","1":"product","2":"type-product","3":"status-publish","4":"has-post-thumbnail","6":"product_cat-jade-necklaces-pendants","7":"product_cat-new-arrivals","8":"product_cat-pendants","9":"product_tag-certified","10":"product_tag-high-quality","11":"product_tag-icy","12":"product_tag-limited-editions","13":"product_tag-new-arrivals","14":"product_tag-pendant","15":"product_tag-translucent","16":"product_tag-type-a-jadeite","17":"product_tag-unisex","18":"product_tag-yi-pin-qian-exclusive","20":"first","21":"instock","22":"sale","23":"shipping-taxable","24":"purchasable","25":"product-type-simple"},"_links":{"self":[{"href":"https:\/\/shop.yipinqian.com\/es\/wp-json\/wp\/v2\/product\/11565","targetHints":{"allow":["GET"]}}],"collection":[{"href":"https:\/\/shop.yipinqian.com\/es\/wp-json\/wp\/v2\/product"}],"about":[{"href":"https:\/\/shop.yipinqian.com\/es\/wp-json\/wp\/v2\/types\/product"}],"replies":[{"embeddable":true,"href":"https:\/\/shop.yipinqian.com\/es\/wp-json\/wp\/v2\/comments?post=11565"}],"version-history":[{"count":0,"href":"https:\/\/shop.yipinqian.com\/es\/wp-json\/wp\/v2\/product\/11565\/revisions"}],"wp:featuredmedia":[{"embeddable":true,"href":"https:\/\/shop.yipinqian.com\/es\/wp-json\/wp\/v2\/media\/11630"}],"wp:attachment":[{"href":"https:\/\/shop.yipinqian.com\/es\/wp-json\/wp\/v2\/media?parent=11565"}],"wp:term":[{"taxonomy":"product_brand","embeddable":true,"href":"https:\/\/shop.yipinqian.com\/es\/wp-json\/wp\/v2\/product_brand?post=11565"},{"taxonomy":"product_cat","embeddable":true,"href":"https:\/\/shop.yipinqian.com\/es\/wp-json\/wp\/v2\/product_cat?post=11565"},{"taxonomy":"product_tag","embeddable":true,"href":"https:\/\/shop.yipinqian.com\/es\/wp-json\/wp\/v2\/product_tag?post=11565"}],"curies":[{"name":"wp","href":"https:\/\/api.w.org\/{rel}","templated":true}]}}