{"id":11560,"date":"2024-11-17T07:07:46","date_gmt":"2024-11-16T23:07:46","guid":{"rendered":"https:\/\/shop.yipinqian.com\/a-ding-ding-circular-bangle-57-9-mm-new-arrival-sg-natural-type-a-jadeite-jade-bracelet-certificate-weighs-22-58-grams-width-6-1-thick-6-6-mm-bangle19\/"},"modified":"2025-02-24T00:49:48","modified_gmt":"2025-02-23T16:49:48","slug":"a-ding-ding-circular-bangle-57-9-mm-new-arrival-sg-natural-type-a-jadeite-jade-bracelet-certificate-weighs-22-58-grams-width-6-1-thick-6-6-mm-bangle19","status":"publish","type":"product","link":"https:\/\/shop.yipinqian.com\/es\/producto\/a-ding-ding-circular-bangle-57-9-mm-new-arrival-sg-natural-type-a-jadeite-jade-bracelet-certificate-weighs-22-58-grams-width-6-1-thick-6-6-mm-bangle19\/","title":{"rendered":"A Ding Ding Circular Bangle 57.9 mm New Arrival SG &#8211; Natural Type A Jadeite Jade Bracelet certificate weighs 22.58 grams, Width 6.1 * Thick 6.6 mm (bangle19)"},"content":{"rendered":"<p>This exquisite jade bangle is a stunning addition to your jewelry collection. Crafted from natural Type A Jadeite Jade, it features a circular design with a width of 6.1mm and thickness of 6.6mm, making it an elegant accessory for daily wear.<\/p>\n<p><\/p>\n<p>PS: The Ding Ding Bangle Series is often purchased in multiples, allowing wearers to create a delightful &#8216;Ding Ding&#8217; sound, earning them their charming nickname.<\/p>\n<p><\/p>\n<p>Certificate numbers: GD2110H010566<\/p>\n<p><img fetchpriority=\"high\" decoding=\"async\" src=\"https:\/\/shop.yipinqian.com\/wp-content\/uploads\/2024\/11\/bfe099307b254bc8a1d9f74cbf701e24tplv-aphluv4xwc-origin-jpeg.jpeg?dr=15568&#038;nonce=35304&#038;refresh_token=f6de1f26da03e894085927b84985aa95&#038;from=476444299&#038;idc=my&#038;ps=933b5bde&#038;shcp=9b759fb9&#038;shp=1c65f68b&#038;t=555f072d\" width=\"1080\" height=\"1080\"><\/p>\n<ul>\n<li>\n<strong>Material:<\/strong> Jade\u00edta natural tipo A<\/li>\n<li>\n<strong>Peso:<\/strong> 22.58 grams<\/li>\n<li>\n<strong>Certificado:<\/strong> S\u00ed<\/li>\n<li>\n<strong>Tipo de jade:<\/strong> Jade\u00edta<\/li>\n<li>Bangle Size: Circular Bangle 57.9 mm (bangle19)<\/li>\n<\/ul>\n<p><img decoding=\"async\" src=\"https:\/\/shop.yipinqian.com\/wp-content\/uploads\/2024\/11\/21da6cce96134bbeac801982169ff2aetplv-aphluv4xwc-origin-jpeg.jpeg?dr=15568&#038;nonce=11004&#038;refresh_token=e6b647da0383ccb523b3dce69f41e499&#038;from=476444299&#038;idc=my&#038;ps=933b5bde&#038;shcp=9b759fb9&#038;shp=1c65f68b&#038;t=555f072d\" width=\"1080\" height=\"1080\"><\/p>\n<p>This bangle is sourced from Myanmar and is specifically designed for the modern woman who appreciates classic beauty with a touch of sophistication.<\/p>\n<ul>\n<li>Ocasi\u00f3n: uso diario<\/li>\n<\/ul>\n<p>Elegantly versatile, this bangle makes the perfect gift for yourself or someone special who loves unique and high-quality jewelry pieces.<\/p>\n<p><\/p>\n<p><strong>La jade\u00edta natural no es perfecta, solo un peque\u00f1o recordatorio: nuestra jade\u00edta natural, como todas las cosas hermosas de la naturaleza, tiene sus caracter\u00edsticas y variaciones \u00fanicas. Invitamos a nuestros valiosos clientes a adoptar estas variaciones naturales. \u00a1Felices compras!<\/strong><\/p>\n<p><\/p>\n<p><strong><u>Ninguna de las fotograf\u00edas ni los v\u00eddeos han sido filtrados. Animamos a nuestros clientes a que vean tambi\u00e9n los v\u00eddeos adjuntos para tener una visi\u00f3n m\u00e1s completa de nuestros productos.<\/u><\/strong><\/p>\n<p><\/p>\n<ul>\n<li>Las diferentes plataformas solo pueden ver videos a trav\u00e9s de la computadora de escritorio<\/li>\n<\/ul>\n<p><img decoding=\"async\" src=\"https:\/\/shop.yipinqian.com\/wp-content\/uploads\/2024\/11\/46a9aef9cbff426494d287565b430b6atplv-aphluv4xwc-origin-jpeg.jpeg?dr=15568&#038;nonce=44572&#038;refresh_token=f8a4006a632dbc0ca6c7bf0bf8486241&#038;from=476444299&#038;idc=my&#038;ps=933b5bde&#038;shcp=9b759fb9&#038;shp=1c65f68b&#038;t=555f072d\" width=\"526\" height=\"362\"><\/p>","protected":false},"excerpt":{"rendered":"<p>Este exquisito brazalete de jade es una incorporaci\u00f3n sorprendente a su colecci\u00f3n de joyas. Elaborado a partir de jade\u00edta natural tipo A, presenta un dise\u00f1o circular con un ancho de 6,1 mm y un grosor de 6,6 mm, lo que lo convierte en un accesorio elegante para el uso diario. PD: La serie de brazaletes Ding Ding a menudo se compra en m\u00faltiples, lo que permite a los usuarios [\u2026]<\/p>","protected":false},"featured_media":11602,"comment_status":"open","ping_status":"closed","template":"","meta":[],"product_brand":[],"product_cat":[194],"product_tag":[86,140,102,52,72,55,58,75,60,62],"class_list":{"0":"post-11560","1":"product","2":"type-product","3":"status-publish","4":"has-post-thumbnail","6":"product_cat-value-picks","7":"product_tag-bangle","8":"product_tag-black-wuji","9":"product_tag-bracelet","10":"product_tag-certified","11":"product_tag-female","12":"product_tag-jadeite","13":"product_tag-new-arrivals","14":"product_tag-traditional","15":"product_tag-type-a-jadeite","16":"product_tag-yi-pin-qian-exclusive","18":"first","19":"instock","20":"sale","21":"shipping-taxable","22":"purchasable","23":"product-type-simple"},"_links":{"self":[{"href":"https:\/\/shop.yipinqian.com\/es\/wp-json\/wp\/v2\/product\/11560","targetHints":{"allow":["GET"]}}],"collection":[{"href":"https:\/\/shop.yipinqian.com\/es\/wp-json\/wp\/v2\/product"}],"about":[{"href":"https:\/\/shop.yipinqian.com\/es\/wp-json\/wp\/v2\/types\/product"}],"replies":[{"embeddable":true,"href":"https:\/\/shop.yipinqian.com\/es\/wp-json\/wp\/v2\/comments?post=11560"}],"version-history":[{"count":0,"href":"https:\/\/shop.yipinqian.com\/es\/wp-json\/wp\/v2\/product\/11560\/revisions"}],"wp:featuredmedia":[{"embeddable":true,"href":"https:\/\/shop.yipinqian.com\/es\/wp-json\/wp\/v2\/media\/11602"}],"wp:attachment":[{"href":"https:\/\/shop.yipinqian.com\/es\/wp-json\/wp\/v2\/media?parent=11560"}],"wp:term":[{"taxonomy":"product_brand","embeddable":true,"href":"https:\/\/shop.yipinqian.com\/es\/wp-json\/wp\/v2\/product_brand?post=11560"},{"taxonomy":"product_cat","embeddable":true,"href":"https:\/\/shop.yipinqian.com\/es\/wp-json\/wp\/v2\/product_cat?post=11560"},{"taxonomy":"product_tag","embeddable":true,"href":"https:\/\/shop.yipinqian.com\/es\/wp-json\/wp\/v2\/product_tag?post=11560"}],"curies":[{"name":"wp","href":"https:\/\/api.w.org\/{rel}","templated":true}]}}