{"id":11557,"date":"2024-11-17T07:07:43","date_gmt":"2024-11-16T23:07:43","guid":{"rendered":"https:\/\/shop.yipinqian.com\/18k-gold-crasp-added-for-pendant-crafted-as-milo-buddha-with-green-patch-natural-type-a-jadeite-jade-certificate-weighs-5-01-grams-measurement-24-3-25-8-5-8-mm-18kp73\/"},"modified":"2025-02-24T00:49:48","modified_gmt":"2025-02-23T16:49:48","slug":"18k-gold-crasp-added-for-pendant-crafted-as-milo-buddha-with-green-patch-natural-type-a-jadeite-jade-certificate-weighs-5-01-grams-measurement-24-3-25-8-5-8-mm-18kp73","status":"publish","type":"product","link":"https:\/\/shop.yipinqian.com\/es\/producto\/18k-gold-crasp-added-for-pendant-crafted-as-milo-buddha-with-green-patch-natural-type-a-jadeite-jade-certificate-weighs-5-01-grams-measurement-24-3-25-8-5-8-mm-18kp73\/","title":{"rendered":"Se agreg\u00f3 oro de 18 k para el colgante elaborado como Buda Milo con jade\u00edta natural tipo A con parche verde, el certificado pesa 5,01 gramos, medida 24,3 * 25,8 * 5,8 mm (18kp73)"},"content":{"rendered":"<p>This 18k Gold Milo Buddha Pendant features a stunning Green Patch Natural Type A Jadeite Jade, adding a touch of elegance and spirituality to your look.<\/p>\n<p><\/p>\n<p>Certificate numbers: GD2202H001253<\/p>\n<p><img fetchpriority=\"high\" decoding=\"async\" src=\"https:\/\/shop.yipinqian.com\/wp-content\/uploads\/2024\/11\/595ab28727364d748fa748a6252bd8a7tplv-aphluv4xwc-origin-jpeg.jpeg?dr=15568&#038;nonce=41279&#038;refresh_token=2e14a40f96ceea06d42442363c7f2d49&#038;from=476444299&#038;idc=my2&#038;ps=933b5bde&#038;shcp=9b759fb9&#038;shp=1c65f68b&#038;t=555f072d\" width=\"1080\" height=\"1080\"><\/p>\n<ul>\n<li>\n<strong>Material:<\/strong> Crafted with 18k gold and genuine Type A Jadeite Jade<\/li>\n<li>\n<strong>Peso:<\/strong> Weighs 5.01 grams<\/li>\n<li>\n<strong>Medidas:<\/strong> Pendant measures 24.3 * 25.8 * 5.8 mm<\/li>\n<li>\n<strong>Certificado:<\/strong> Viene con un certificado de autenticidad.<\/li>\n<li>This exquisite pendant is perfect for both men and women, making it a versatile accessory for any occasion.<\/li>\n<li>Add this unique Milo Buddha pendant to your collection today and embrace the auspicious energy it brings, originating from Myanmar.<\/li>\n<\/ul>\n<p><img decoding=\"async\" src=\"https:\/\/shop.yipinqian.com\/wp-content\/uploads\/2024\/11\/8f42072c8cb44ac79dee6c095218d86btplv-aphluv4xwc-origin-jpeg.jpeg?dr=15568&#038;nonce=34187&#038;refresh_token=38a917496ede35e999ec38964dc9bfd6&#038;from=476444299&#038;idc=my2&#038;ps=933b5bde&#038;shcp=9b759fb9&#038;shp=1c65f68b&#038;t=555f072d\" width=\"1080\" height=\"1080\"><\/p>\n<p><strong>La jade\u00edta natural no es perfecta, solo un peque\u00f1o recordatorio: nuestra jade\u00edta natural, como todas las cosas hermosas de la naturaleza, tiene sus caracter\u00edsticas y variaciones \u00fanicas. Invitamos a nuestros valiosos clientes a adoptar estas variaciones naturales. \u00a1Felices compras!<\/strong><\/p>\n<p><\/p>\n<p><strong><u>Ninguna de las fotograf\u00edas ni los v\u00eddeos han sido filtrados. Animamos a nuestros clientes a que vean tambi\u00e9n los v\u00eddeos adjuntos para tener una visi\u00f3n m\u00e1s completa de nuestros productos.<\/u><\/strong><\/p>\n<p><\/p>\n<ul>\n<li>Las diferentes plataformas solo pueden ver videos a trav\u00e9s de la computadora de escritorio<\/li>\n<\/ul>","protected":false},"excerpt":{"rendered":"<p>This 18k Gold Milo Buddha Pendant features a stunning Green Patch Natural Type A Jadeite Jade, adding a touch of elegance and spirituality to your look. Certificate numbers: GD2202H001253 Material: Crafted with 18k gold and genuine Type A Jadeite Jade Weight: Weighs 5.01 grams Measurements: Pendant measures 24.3 * 25.8 * 5.8 mm Certificate: Comes [&hellip;]<\/p>","protected":false},"featured_media":11582,"comment_status":"open","ping_status":"closed","template":"","meta":[],"product_brand":[],"product_cat":[194],"product_tag":[50,51,52,69,79,96,65,55,57,58,75,60,61,62],"class_list":{"0":"post-11557","1":"product","2":"type-product","3":"status-publish","4":"has-post-thumbnail","6":"product_cat-value-picks","7":"product_tag-18k-gold","8":"product_tag-buddha","9":"product_tag-certified","10":"product_tag-clasp","11":"product_tag-green-hue","12":"product_tag-green-patches","13":"product_tag-high-quality","14":"product_tag-jadeite","15":"product_tag-milo-buddha","16":"product_tag-new-arrivals","17":"product_tag-traditional","18":"product_tag-type-a-jadeite","19":"product_tag-unisex","20":"product_tag-yi-pin-qian-exclusive","22":"first","23":"instock","24":"sale","25":"shipping-taxable","26":"purchasable","27":"product-type-simple"},"_links":{"self":[{"href":"https:\/\/shop.yipinqian.com\/es\/wp-json\/wp\/v2\/product\/11557","targetHints":{"allow":["GET"]}}],"collection":[{"href":"https:\/\/shop.yipinqian.com\/es\/wp-json\/wp\/v2\/product"}],"about":[{"href":"https:\/\/shop.yipinqian.com\/es\/wp-json\/wp\/v2\/types\/product"}],"replies":[{"embeddable":true,"href":"https:\/\/shop.yipinqian.com\/es\/wp-json\/wp\/v2\/comments?post=11557"}],"version-history":[{"count":0,"href":"https:\/\/shop.yipinqian.com\/es\/wp-json\/wp\/v2\/product\/11557\/revisions"}],"wp:featuredmedia":[{"embeddable":true,"href":"https:\/\/shop.yipinqian.com\/es\/wp-json\/wp\/v2\/media\/11582"}],"wp:attachment":[{"href":"https:\/\/shop.yipinqian.com\/es\/wp-json\/wp\/v2\/media?parent=11557"}],"wp:term":[{"taxonomy":"product_brand","embeddable":true,"href":"https:\/\/shop.yipinqian.com\/es\/wp-json\/wp\/v2\/product_brand?post=11557"},{"taxonomy":"product_cat","embeddable":true,"href":"https:\/\/shop.yipinqian.com\/es\/wp-json\/wp\/v2\/product_cat?post=11557"},{"taxonomy":"product_tag","embeddable":true,"href":"https:\/\/shop.yipinqian.com\/es\/wp-json\/wp\/v2\/product_tag?post=11557"}],"curies":[{"name":"wp","href":"https:\/\/api.w.org\/{rel}","templated":true}]}}