{"id":11113,"date":"2024-11-13T13:56:43","date_gmt":"2024-11-13T05:56:43","guid":{"rendered":"https:\/\/shop.yipinqian.com\/singapore-new-arrival-57-5-mm-crafted-as-peace-bangle-natural-type-a-jadeite-jade-jewellery-certificate-weighs-52-21-grams-width-13-1-thick-7-1-mm-bangle18\/"},"modified":"2025-02-24T00:49:49","modified_gmt":"2025-02-23T16:49:49","slug":"singapore-new-arrival-57-5-mm-crafted-as-peace-bangle-natural-type-a-jadeite-jade-jewellery-certificate-weighs-52-21-grams-width-13-1-thick-7-1-mm-bangle18","status":"publish","type":"product","link":"https:\/\/shop.yipinqian.com\/es\/producto\/singapore-new-arrival-57-5-mm-crafted-as-peace-bangle-natural-type-a-jadeite-jade-jewellery-certificate-weighs-52-21-grams-width-13-1-thick-7-1-mm-bangle18\/","title":{"rendered":"Pulsera de jade\u00edta natural tipo A de 57,5 mm, fabricada como un brazalete de la paz, reci\u00e9n llegada de Singapur. El certificado pesa 52,21 gramos. Ancho: 13,1 x Grosor: 7,1 mm (brazalete 18)."},"content":{"rendered":"<p>Introducing the Singapore New Arrival <strong>57.5 mm<\/strong> Peace Bangle, crafted with natural Type A Jadeite Jade, a symbol of peace and serenity.<\/p>\n<p><\/p>\n<p>Certificate numbers: GD2111H006840<\/p>\n<p><img fetchpriority=\"high\" decoding=\"async\" src=\"https:\/\/shop.yipinqian.com\/wp-content\/uploads\/2024\/11\/0ffa9614491c423198382db71408f33ctplv-aphluv4xwc-origin-jpeg.jpeg?dr=15568&#038;nonce=61425&#038;refresh_token=0c5f37dbc97065df6c99ab3b8ea3608e&#038;from=476444299&#038;idc=my&#038;ps=933b5bde&#038;shcp=9b759fb9&#038;shp=1c65f68b&#038;t=555f072d\" width=\"1080\" height=\"1080\"><\/p>\n<ul>\n<li>\n<strong>Peso y dimensiones:<\/strong> Weighing 52.21 grams, this bangle has a width of 13.1 mm and a thickness of 7.1 mm (bangle20).<\/li>\n<li>\n<strong>Jewellery Certificate:<\/strong> This exquisite piece comes with a certificate for authenticity.<\/li>\n<li>\n<strong>Made with Type A Jadeite Jade:<\/strong> Known for its stunning colors and durability.<\/li>\n<\/ul>\n<p><img decoding=\"async\" src=\"https:\/\/shop.yipinqian.com\/wp-content\/uploads\/2024\/11\/41e69d8b0812403ab0457172fa75bb41tplv-aphluv4xwc-origin-jpeg.jpeg?dr=15568&#038;nonce=22613&#038;refresh_token=b9639412f9f5c59b740d211857b533ed&#038;from=476444299&#038;idc=my&#038;ps=933b5bde&#038;shcp=9b759fb9&#038;shp=1c65f68b&#038;t=555f072d\" width=\"1080\" height=\"1080\"><\/p>\n<p>This bangle is perfect for daily wear, adding an elegant touch to any outfit. It is designed specifically for females who appreciate the beauty of jade jewelry.<\/p>\n<p><img decoding=\"async\" src=\"https:\/\/shop.yipinqian.com\/wp-content\/uploads\/2024\/11\/37dd111d713f4515b607b3ef5a731835tplv-aphluv4xwc-origin-jpeg.jpeg?dr=15568&#038;nonce=61956&#038;refresh_token=d9969477183739a7bafe0702db5399bf&#038;from=476444299&#038;idc=my&#038;ps=933b5bde&#038;shcp=9b759fb9&#038;shp=1c65f68b&#038;t=555f072d\" width=\"526\" height=\"362\"><\/p>\n<ul>\n<li>\n<strong>Hecho en Myanmar:<\/strong> The country of origin adds to the authenticity and charm of this piece.<\/li>\n<\/ul>\n<p>Elevate your jewelry collection with this unique Type A jade bracelet that exudes timeless beauty and craftsmanship.<\/p>\n<p><\/p>\n<p><strong>La jade\u00edta natural no es perfecta, solo un peque\u00f1o recordatorio: nuestra jade\u00edta natural, como todas las cosas hermosas de la naturaleza, tiene sus caracter\u00edsticas y variaciones \u00fanicas. Invitamos a nuestros valiosos clientes a adoptar estas variaciones naturales. \u00a1Felices compras!<\/strong><\/p>\n<p><\/p>\n<p><strong><u>Ninguna de las fotograf\u00edas ni los v\u00eddeos han sido filtrados. Animamos a nuestros clientes a que vean tambi\u00e9n los v\u00eddeos adjuntos para tener una visi\u00f3n m\u00e1s completa de nuestros productos.<\/u><\/strong><\/p>\n<p><\/p>\n<ul>\n<li>Las diferentes plataformas solo pueden ver videos a trav\u00e9s de la computadora de escritorio<\/li>\n<\/ul>","protected":false},"excerpt":{"rendered":"<p>Presentamos el brazalete Peace de 57,5 mm reci\u00e9n llegado de Singapur, elaborado con jade\u00edta natural tipo A, un s\u00edmbolo de paz y serenidad. N\u00fameros de certificado: GD2111H006840 Peso y dimensiones: este brazalete pesa 52,21 gramos, tiene un ancho de 13,1 mm y un grosor de 7,1 mm (brazalete 20). Certificado de joyer\u00eda: esta exquisita pieza viene con un certificado [\u2026]<\/p>","protected":false},"featured_media":11173,"comment_status":"open","ping_status":"closed","template":"","meta":[],"product_brand":[],"product_cat":[194],"product_tag":[86,102,52,65,58,113,75,60],"class_list":{"0":"post-11113","1":"product","2":"type-product","3":"status-publish","4":"has-post-thumbnail","6":"product_cat-value-picks","7":"product_tag-bangle","8":"product_tag-bracelet","9":"product_tag-certified","10":"product_tag-high-quality","11":"product_tag-new-arrivals","12":"product_tag-peace-bangle","13":"product_tag-traditional","14":"product_tag-type-a-jadeite","16":"first","17":"instock","18":"sale","19":"shipping-taxable","20":"purchasable","21":"product-type-simple"},"_links":{"self":[{"href":"https:\/\/shop.yipinqian.com\/es\/wp-json\/wp\/v2\/product\/11113","targetHints":{"allow":["GET"]}}],"collection":[{"href":"https:\/\/shop.yipinqian.com\/es\/wp-json\/wp\/v2\/product"}],"about":[{"href":"https:\/\/shop.yipinqian.com\/es\/wp-json\/wp\/v2\/types\/product"}],"replies":[{"embeddable":true,"href":"https:\/\/shop.yipinqian.com\/es\/wp-json\/wp\/v2\/comments?post=11113"}],"version-history":[{"count":0,"href":"https:\/\/shop.yipinqian.com\/es\/wp-json\/wp\/v2\/product\/11113\/revisions"}],"wp:featuredmedia":[{"embeddable":true,"href":"https:\/\/shop.yipinqian.com\/es\/wp-json\/wp\/v2\/media\/11173"}],"wp:attachment":[{"href":"https:\/\/shop.yipinqian.com\/es\/wp-json\/wp\/v2\/media?parent=11113"}],"wp:term":[{"taxonomy":"product_brand","embeddable":true,"href":"https:\/\/shop.yipinqian.com\/es\/wp-json\/wp\/v2\/product_brand?post=11113"},{"taxonomy":"product_cat","embeddable":true,"href":"https:\/\/shop.yipinqian.com\/es\/wp-json\/wp\/v2\/product_cat?post=11113"},{"taxonomy":"product_tag","embeddable":true,"href":"https:\/\/shop.yipinqian.com\/es\/wp-json\/wp\/v2\/product_tag?post=11113"}],"curies":[{"name":"wp","href":"https:\/\/api.w.org\/{rel}","templated":true}]}}