{"id":10309,"date":"2024-11-09T20:25:59","date_gmt":"2024-11-09T12:25:59","guid":{"rendered":"https:\/\/shop.yipinqian.com\/?page_id=10309"},"modified":"2025-01-22T18:19:45","modified_gmt":"2025-01-22T10:19:45","slug":"18k-gold-jadeites","status":"publish","type":"page","link":"https:\/\/shop.yipinqian.com\/es\/18k-gold-jadeites\/","title":{"rendered":"Jade\u00edtas de oro de 18 quilates"},"content":{"rendered":"<div data-elementor-type=\"wp-page\" data-elementor-id=\"10309\" class=\"elementor elementor-10309\" data-elementor-post-type=\"page\">\n\t\t\t\t<div class=\"elementor-element elementor-element-332b1c6 e-con-full e-flex e-con e-parent\" data-id=\"332b1c6\" data-element_type=\"container\" data-settings=\"{&quot;background_background&quot;:&quot;classic&quot;}\">\n\t\t\t\t<div class=\"elementor-element elementor-element-5be871e elementor-widget elementor-widget-heading\" data-id=\"5be871e\" data-element_type=\"widget\" data-widget_type=\"heading.default\">\n\t\t\t\t\t<h1 class=\"elementor-heading-title elementor-size-default\">18k - Oro - Montura<\/h1>\t\t\t\t<\/div>\n\t\t\t\t<\/div>\n\t\t<div class=\"elementor-element elementor-element-052c3e6 e-con-full e-flex e-con e-parent\" data-id=\"052c3e6\" data-element_type=\"container\">\n\t\t\t\t<div class=\"elementor-element elementor-element-9b81a30 elementor-widget elementor-widget-text-editor\" data-id=\"9b81a30\" data-element_type=\"widget\" data-widget_type=\"text-editor.default\">\n\t\t\t\t\t\t\t\t\t<p><strong>Tienda online local de Singapur: para ver nuestra galer\u00eda de im\u00e1genes y v\u00eddeos por separado del sitio web de nuestra tienda online, haga clic aqu\u00ed <a title=\"Un sitio web con galer\u00eda de im\u00e1genes y videos de nuestros productos en otro sitio web\" href=\"https:\/\/www.jadeshopsingapore.com\/\" target=\"_blank\" rel=\"noopener\">Sitio web de galer\u00eda de im\u00e1genes y v\u00eddeos de jade\u00edta<\/a> &#8211; We have many different 18k gold setting products, from 18k gold earrings, ring made of gold in 18k with jadeites and many more.<\/strong><\/p>\t\t\t\t\t\t\t\t<\/div>\n\t\t\t\t<\/div>\n\t\t<div class=\"elementor-element elementor-element-3530263 e-con-full e-flex e-con e-parent\" data-id=\"3530263\" data-element_type=\"container\">\n\t\t\t\t<\/div>\n\t\t\t\t<\/div>","protected":false},"excerpt":{"rendered":"<p>18k &#8211; Gold &#8211; Setting Singapore Local Online Store &#8211; to view our image and video gallery separated from our online shop website, please click here Jadeite Image and Video Gallery Website &#8211; We have many different 18k gold setting products, from 18k gold earrings, ring made of gold in 18k with jadeites and many [&hellip;]<\/p>","protected":false},"author":1,"featured_media":0,"parent":0,"menu_order":0,"comment_status":"closed","ping_status":"closed","template":"","meta":{"footnotes":""},"class_list":["post-10309","page","type-page","status-publish","hentry"],"_links":{"self":[{"href":"https:\/\/shop.yipinqian.com\/es\/wp-json\/wp\/v2\/pages\/10309","targetHints":{"allow":["GET"]}}],"collection":[{"href":"https:\/\/shop.yipinqian.com\/es\/wp-json\/wp\/v2\/pages"}],"about":[{"href":"https:\/\/shop.yipinqian.com\/es\/wp-json\/wp\/v2\/types\/page"}],"author":[{"embeddable":true,"href":"https:\/\/shop.yipinqian.com\/es\/wp-json\/wp\/v2\/users\/1"}],"replies":[{"embeddable":true,"href":"https:\/\/shop.yipinqian.com\/es\/wp-json\/wp\/v2\/comments?post=10309"}],"version-history":[{"count":0,"href":"https:\/\/shop.yipinqian.com\/es\/wp-json\/wp\/v2\/pages\/10309\/revisions"}],"wp:attachment":[{"href":"https:\/\/shop.yipinqian.com\/es\/wp-json\/wp\/v2\/media?parent=10309"}],"curies":[{"name":"wp","href":"https:\/\/api.w.org\/{rel}","templated":true}]}}