{"id":1860,"date":"2024-10-24T23:23:10","date_gmt":"2024-10-24T15:23:10","guid":{"rendered":"https:\/\/shop.yipinqian.com\/product\/very-rare-pinkish-lavender-natural-type-a-pendant-carved-with-lotus-flower-and-fish-with-ngi-gemstone-report-weight-204-27-grams-51-50-42-43-12-85-mm-full-lavender-translucent-fine-grain-crystal-aggre\/"},"modified":"2025-06-27T05:13:05","modified_gmt":"2025-06-26T21:13:05","slug":"very-rare-pinkish-lavender-natural-type-a-pendant-carved-with-lotus-flower-and-fish-with-ngi-gemstone-report-weight-204-27-grams-51-50-42-43-12-85-mm-full-lavender-translucent-fine-grain-crystal-aggre","status":"publish","type":"product","link":"https:\/\/shop.yipinqian.com\/de\/produkt\/very-rare-pinkish-lavender-natural-type-a-pendant-carved-with-lotus-flower-and-fish-with-ngi-gemstone-report-weight-204-27-grams-51-50-42-43-12-85-mm-full-lavender-translucent-fine-grain-crystal-aggre\/","title":{"rendered":"Very Rare Pinkish Lavender Natural Type A Pendant carved with lotus flower and fish with NGI Gemstone report weight 204.27 grams, 51.50 * 42.43 * 12.85 mm , Full Lavender Translucent fine grain crystal aggregate very rare pendant (pendant130)"},"content":{"rendered":"<p><iframe title=\"Rare Pinkish Lavender Natural Type A Pendant\" src=\"https:\/\/youtube.com\/embed\/Qfv--rVJkpU\/\" width=\"330\" height=\"300\"><\/iframe><\/p>\n<h2>Rare Pinkish Lavender Natural Type A Pendant<br \/>\nThis Very Rare Pinkish Lavender Natural Type A Pendant is a true treasure for any jewelry collection. Carved with intricate details of a lotus flower and fish, it showcases the expert craftsmanship of the artisan.<\/h2>\n<p>Ngi Report Numbers: 63837049<\/p>\n<p><img fetchpriority=\"high\" decoding=\"async\" class=\"alignnone\" src=\"https:\/\/shop.yipinqian.com\/wp-content\/uploads\/2024\/10\/6bda9d48eaaba83bc4ba924afa92d32c.jpg?from=476444299\" alt=\"Rare Pinkish Lavender Natural Type A Pendant\" width=\"1080\" height=\"1080\" \/><\/p>\n<ul>\n<li><strong>NGI-Edelsteinbericht:<\/strong> This pendant comes with an NGI Gemstone report, which guarantees the authenticity and quality of the gemstone used.<\/li>\n<li><strong>Lavender Translucent Fine Grain:<\/strong> The pendant boasts a full lavender translucent fine grain crystal aggregate that is very rare to find.<\/li>\n<\/ul>\n<p>The pendant weighs 204.27 grams and measures 51.50 * 42.43 * 12.85 mm, making it an eye-catching statement piece that can be worn on any occasion.<\/p>\n<ul>\n<li><strong>Zertifikat:<\/strong> This product comes with a certificate to ensure its authenticity.<\/li>\n<li><strong>Ursprungsland:<\/strong> The natural type A jade used in this pendant is sourced from Myanmar<\/li>\n<li>.<\/li>\n<li><strong>Jade Type &amp; Necklace Style: <\/strong>This Unisex Jadeite Pendant comes in Casual Style Necklace which makes it perfect for daily wear.<\/li>\n<\/ul>\n<p>Add this stunning natural type A jadeite necklace to your collection today!<\/p>\n<p>Yi Pin Qian \u2013 Ein Edelstein- und Edelmetallh\u00e4ndler in Singapur \u2013 Lizenznummer PS20190000031<\/p>\n<p>*F\u00fcr alle Jadeite, die bei Yi Pin Qian in Singapur gekauft werden, k\u00f6nnen Kunden Termine zum Polieren oder f\u00fcr kleinere Reparaturen bei unsachgem\u00e4\u00dfer Handhabung buchen \u2013 es fallen Geb\u00fchren an und gelten nur f\u00fcr Kunden von Yi Pin Qian in Singapur*<\/p>\n<p><strong>**Zertifikatsarten**<\/strong><\/p>\n<p>NGI (Nan Yang Gemological)<\/p>\n<p>oder Zertifikate aus \u00dcbersee (Yi Pin Qian verwendet nur authentische Zertifikate aus \u00dcberseelabors und unterzieht jedes unserer Produkte einer Qualit\u00e4tskontrolle, bevor es in Singapur zum Verkauf angeboten wird)<\/p>\n<p>Bei jedem Produkt auf TikTok ist die Art des Zertifikats in der Beschreibung angegeben. F\u00fcr jeden Kunden, der seine Bestellung an NGI Singapur senden m\u00f6chte, betr\u00e4gt die gesch\u00e4tzte Wartezeit f\u00fcr die Lieferung etwa 4 Wochen. <strong>NGI Gemstone report requests need to be done by messaging Yi Pin Qian TikTok shop<\/strong>. Danke, es fallen zus\u00e4tzliche Geb\u00fchren an.<\/p>","protected":false},"excerpt":{"rendered":"<h2 style=\"text-align: left;\">Rare Pinkish Lavender Natural Type A Pendant<\/h2>\n<p><img decoding=\"async\" class=\"aligncenter wp-image-22145 size-medium\" src=\"https:\/\/shop.yipinqian.com\/wp-content\/uploads\/2024\/10\/WhatsApp-Image-2024-05-21-at-14.58.10_1dfc3a53-300x300.jpg\" alt=\"Rare Pinkish Lavender Natural Type A Pendant\" width=\"300\" height=\"300\" srcset=\"https:\/\/shop.yipinqian.com\/wp-content\/uploads\/2024\/10\/WhatsApp-Image-2024-05-21-at-14.58.10_1dfc3a53-300x300.jpg 300w, https:\/\/shop.yipinqian.com\/wp-content\/uploads\/2024\/10\/WhatsApp-Image-2024-05-21-at-14.58.10_1dfc3a53-1024x1024.jpg 1024w, https:\/\/shop.yipinqian.com\/wp-content\/uploads\/2024\/10\/WhatsApp-Image-2024-05-21-at-14.58.10_1dfc3a53-150x150.jpg 150w, https:\/\/shop.yipinqian.com\/wp-content\/uploads\/2024\/10\/WhatsApp-Image-2024-05-21-at-14.58.10_1dfc3a53-768x768.jpg 768w, https:\/\/shop.yipinqian.com\/wp-content\/uploads\/2024\/10\/WhatsApp-Image-2024-05-21-at-14.58.10_1dfc3a53-12x12.jpg 12w, https:\/\/shop.yipinqian.com\/wp-content\/uploads\/2024\/10\/WhatsApp-Image-2024-05-21-at-14.58.10_1dfc3a53-500x500.jpg 500w, https:\/\/shop.yipinqian.com\/wp-content\/uploads\/2024\/10\/WhatsApp-Image-2024-05-21-at-14.58.10_1dfc3a53-100x100.jpg 100w, https:\/\/shop.yipinqian.com\/wp-content\/uploads\/2024\/10\/WhatsApp-Image-2024-05-21-at-14.58.10_1dfc3a53.jpg 1080w\" sizes=\"(max-width: 300px) 100vw, 300px\" \/><\/p>","protected":false},"featured_media":8533,"comment_status":"open","ping_status":"closed","template":"","meta":[],"product_brand":[],"product_cat":[196],"product_tag":[183],"class_list":{"0":"post-1860","1":"product","2":"type-product","3":"status-publish","4":"has-post-thumbnail","6":"product_cat-vault-collection","7":"product_tag-fine-grain-crystal-aggregate","9":"first","10":"instock","11":"sale","12":"shipping-taxable","13":"purchasable","14":"product-type-simple"},"_links":{"self":[{"href":"https:\/\/shop.yipinqian.com\/de\/wp-json\/wp\/v2\/product\/1860","targetHints":{"allow":["GET"]}}],"collection":[{"href":"https:\/\/shop.yipinqian.com\/de\/wp-json\/wp\/v2\/product"}],"about":[{"href":"https:\/\/shop.yipinqian.com\/de\/wp-json\/wp\/v2\/types\/product"}],"replies":[{"embeddable":true,"href":"https:\/\/shop.yipinqian.com\/de\/wp-json\/wp\/v2\/comments?post=1860"}],"version-history":[{"count":0,"href":"https:\/\/shop.yipinqian.com\/de\/wp-json\/wp\/v2\/product\/1860\/revisions"}],"wp:featuredmedia":[{"embeddable":true,"href":"https:\/\/shop.yipinqian.com\/de\/wp-json\/wp\/v2\/media\/8533"}],"wp:attachment":[{"href":"https:\/\/shop.yipinqian.com\/de\/wp-json\/wp\/v2\/media?parent=1860"}],"wp:term":[{"taxonomy":"product_brand","embeddable":true,"href":"https:\/\/shop.yipinqian.com\/de\/wp-json\/wp\/v2\/product_brand?post=1860"},{"taxonomy":"product_cat","embeddable":true,"href":"https:\/\/shop.yipinqian.com\/de\/wp-json\/wp\/v2\/product_cat?post=1860"},{"taxonomy":"product_tag","embeddable":true,"href":"https:\/\/shop.yipinqian.com\/de\/wp-json\/wp\/v2\/product_tag?post=1860"}],"curies":[{"name":"wp","href":"https:\/\/api.w.org\/{rel}","templated":true}]}}