{"id":1612,"date":"2024-10-24T23:20:44","date_gmt":"2024-10-24T15:20:44","guid":{"rendered":"https:\/\/shop.yipinqian.com\/product\/natural-type-a-jadeite-pendant-with-ngi-gemstone-report-crafted-with-buddha-near-colorless-with-light-yellowish-brown-patches-with-good-translucency-weighs-40-07-grams-69-18-30-95-7-27-mm-pendant146\/"},"modified":"2025-02-24T01:34:17","modified_gmt":"2025-02-23T17:34:17","slug":"natural-type-a-jadeite-pendant-with-ngi-gemstone-report-crafted-with-buddha-near-colorless-with-light-yellowish-brown-patches-with-good-translucency-weighs-40-07-grams-69-18-30-95-7-27-mm-pendant146","status":"publish","type":"product","link":"https:\/\/shop.yipinqian.com\/de\/produkt\/natural-type-a-jadeite-pendant-with-ngi-gemstone-report-crafted-with-buddha-near-colorless-with-light-yellowish-brown-patches-with-good-translucency-weighs-40-07-grams-69-18-30-95-7-27-mm-pendant146\/","title":{"rendered":"Natural Type A Jadeite Pendant with NGI Gemstone Report Crafted with Buddha near colorless with light yellowish-brown patches with good translucency , weighs 40.07 grams , 69.18 * 30.95 * 7.27 mm (pendant146)"},"content":{"rendered":"<p>This Natural Type A Jadeite Pendant is a stunning piece of jewelry that features a Buddha carving and  with NGI Gemstone Report.<\/p>\n<p><strong>NGI Report Numbers: 16817289<\/strong><\/p>\n<p>The pendant has beautiful near colorless appearance with light yellowish-brown patches and good translucency, giving it an elegant look.<\/p>\n<p>With a weight of 40.07 grams and dimensions of 69.18 * 30.95 * 7.27 mm, this pendant is perfect for adding charm to any outfit.<\/p>\n<p>Key Features: &#8211; Natural Type A Jadeite Pendant &#8211; NGI Gemstone Report &#8211; Buddha carving &#8211; Near colorless appearance with light yellowish-brown patches &#8211; Good translucency &#8211; Weighs 40.07 grams &#8211; Dimensions: 69.18 *30 .95 *7 .27 mm<\/p>\n<p><img fetchpriority=\"high\" decoding=\"async\" height=\"1080\" src=\"https:\/\/shop.yipinqian.com\/wp-content\/uploads\/2024\/10\/e69c8bf59d364b19746e0ac3ef9ebd7c.jpg?from=476444299\" width=\"1080\"><\/p>\n<p>This unisex necklace style has a casual design that can be worn for any occasion, making it perfect for everyday wear or as an elegant gift to your loved one. Product Attributes:<\/p>\n<ul>\n<li>Mit Zertifikat: Ja<\/li>\n<li>Warranty Type: No warranty<\/li>\n<li>Geschlecht: Unisex<\/li>\n<li>Halskettenstil: L\u00e4ssig<\/li>\n<\/ul>\n<p>Invest in this beautiful Natural Type A Jadeite Pendant from Yi Pin Qian &#8211; License Precious Stone Dealing Company, today!<\/p>\n<p>Yi Pin Qian \u2013 Ein Edelstein- und Edelmetallh\u00e4ndler in Singapur \u2013 Lizenznummer PS20190000031<\/p>\n<p>*F\u00fcr alle Jadeite, die bei Yi Pin Qian in Singapur gekauft werden, k\u00f6nnen Kunden Termine zum Polieren oder f\u00fcr kleinere Reparaturen bei unsachgem\u00e4\u00dfer Handhabung buchen \u2013 es fallen Geb\u00fchren an und gelten nur f\u00fcr Kunden von Yi Pin Qian in Singapur*<\/p>\n<ul>\n<li> <\/li>\n<\/ul>\n<p>NGI (Nan Yang Gemological)<\/p>\n<p>oder Zertifikate aus \u00dcbersee (Yi Pin Qian verwendet nur authentische Zertifikate aus \u00dcberseelabors und unterzieht jedes unserer Produkte einer Qualit\u00e4tskontrolle, bevor es in Singapur zum Verkauf angeboten wird)<\/p>\n<p> <\/p>\n<p>Jedes Produkt auf TikTok verf\u00fcgt \u00fcber die Art des Zertifikats, das in der Beschreibung angegeben ist. F\u00fcr jeden Kunden, der seine Bestellung an NGI Singapur senden m\u00f6chte, betr\u00e4gt die gesch\u00e4tzte Wartezeit f\u00fcr die Lieferung der Bestellung etwa 4 Wochen. Anfragen f\u00fcr NGI-Edelsteinberichte m\u00fcssen per Nachricht an den Yi Pin Qian TikTok-Shop gestellt werden. Vielen Dank, es fallen zus\u00e4tzliche Geb\u00fchren an.<\/p>","protected":false},"excerpt":{"rendered":"<p>Dieser Anh\u00e4nger aus nat\u00fcrlichem Jadeit Typ A ist ein atemberaubendes Schmuckst\u00fcck mit einer Buddha-Schnitzerei und einem NGI-Edelsteinbericht. NGI-Berichtsnummer: 16817289 Der Anh\u00e4nger hat ein wundersch\u00f6nes, nahezu farbloses Aussehen mit hellen gelblich-braunen Flecken und guter Lichtdurchl\u00e4ssigkeit, was ihm ein elegantes Aussehen verleiht. Mit einem Gewicht von 40,07 Gramm und Abmessungen von 69,18 [\u2026]<\/p>","protected":false},"featured_media":6459,"comment_status":"open","ping_status":"closed","template":"","meta":[],"product_brand":[],"product_cat":[196],"product_tag":[],"class_list":{"0":"post-1612","1":"product","2":"type-product","3":"status-publish","4":"has-post-thumbnail","6":"product_cat-vault-collection","8":"first","9":"instock","10":"sale","11":"shipping-taxable","12":"purchasable","13":"product-type-simple"},"_links":{"self":[{"href":"https:\/\/shop.yipinqian.com\/de\/wp-json\/wp\/v2\/product\/1612","targetHints":{"allow":["GET"]}}],"collection":[{"href":"https:\/\/shop.yipinqian.com\/de\/wp-json\/wp\/v2\/product"}],"about":[{"href":"https:\/\/shop.yipinqian.com\/de\/wp-json\/wp\/v2\/types\/product"}],"replies":[{"embeddable":true,"href":"https:\/\/shop.yipinqian.com\/de\/wp-json\/wp\/v2\/comments?post=1612"}],"version-history":[{"count":0,"href":"https:\/\/shop.yipinqian.com\/de\/wp-json\/wp\/v2\/product\/1612\/revisions"}],"wp:featuredmedia":[{"embeddable":true,"href":"https:\/\/shop.yipinqian.com\/de\/wp-json\/wp\/v2\/media\/6459"}],"wp:attachment":[{"href":"https:\/\/shop.yipinqian.com\/de\/wp-json\/wp\/v2\/media?parent=1612"}],"wp:term":[{"taxonomy":"product_brand","embeddable":true,"href":"https:\/\/shop.yipinqian.com\/de\/wp-json\/wp\/v2\/product_brand?post=1612"},{"taxonomy":"product_cat","embeddable":true,"href":"https:\/\/shop.yipinqian.com\/de\/wp-json\/wp\/v2\/product_cat?post=1612"},{"taxonomy":"product_tag","embeddable":true,"href":"https:\/\/shop.yipinqian.com\/de\/wp-json\/wp\/v2\/product_tag?post=1612"}],"curies":[{"name":"wp","href":"https:\/\/api.w.org\/{rel}","templated":true}]}}