{"id":14221,"date":"2024-12-01T14:04:03","date_gmt":"2024-12-01T06:04:03","guid":{"rendered":"https:\/\/shop.yipinqian.com\/ngi-singapore-certification-for-one-item\/"},"modified":"2025-02-17T00:04:20","modified_gmt":"2025-02-16T16:04:20","slug":"ngi-singapore-certification-for-one-item","status":"publish","type":"product","link":"https:\/\/shop.yipinqian.com\/de\/produkt\/ngi-singapore-certification-for-one-item\/","title":{"rendered":"NGI Singapur-Zertifizierung \u2013 Nur f\u00fcr einen Artikel"},"content":{"rendered":"<p>NGI Singapore Certification ~ A reputable Singapore Lab &#8211; trusted by many in Singapore<\/p>\n<h4 class=\"elementor-heading-title elementor-size-default\">Gemmologisches Institut Nan Yang<\/h4>\n<ul>\n<li>F\u00fcr Jadeit mit 18 Karat Gold kann der Kunde nur die Pr\u00fcfung von Jadeit oder beides w\u00e4hlen \u2013 unterschiedlicher Preis<\/li>\n<\/ul>\n<p><strong>Hinweis: F\u00fcr den Kauf dieses Jadeit-Artikels ist eine zus\u00e4tzliche Lieferzeit von einem Tag + 3 bis 5 Tagen erforderlich.<\/strong><\/p>\n<p>Wenn der Kunde einen Laborbericht von NGI erhalten m\u00f6chte, f\u00fcgen Sie dieses Produkt bitte Ihrem gekauften Artikel hinzu und fahren Sie mit der Zahlung fort. Das Produkt wird am selben Tag oder sp\u00e4testens am n\u00e4chsten Tag zur sofortigen Pr\u00fcfung an das Labor gesendet.<\/p>\n<p><strong>Dieses Zertifikat ist nur dann erstattungsf\u00e4hig, wenn das gekaufte Produkt wie behandelt getestet wurde. Alle anderen Stornierungen aus irgendeinem Grund werden nicht akzeptiert. Bitte beachten Sie, dass es sich hierbei um einen zus\u00e4tzlichen Service von Yi Pin Qian handelt, um den Kunden Reisezeit zu ersparen. Vielen Dank f\u00fcr Ihr Verst\u00e4ndnis.<\/strong><\/p>\n<p>Zus\u00e4tzlich: Diese Laborzertifizierung von NGI ist nicht obligatorisch, da 99% unserer Produkte entweder \u00fcber ein Zertifikat eines ausl\u00e4ndischen Labors oder von NGI verf\u00fcgen. Bitte wenden Sie sich auch per Nachricht an unseren Kundenservice, um mehr zu erfahren, danke.<\/p>\n<p>&nbsp;<\/p>","protected":false},"excerpt":{"rendered":"<p><img fetchpriority=\"high\" decoding=\"async\" class=\"alignnone wp-image-14387 size-medium\" src=\"https:\/\/shop.yipinqian.com\/wp-content\/uploads\/2024\/12\/WhatsApp-Image-2024-12-01-at-14.06.11_e00f250c-206x300.jpg\" alt=\"NGI Singapore Certification\" width=\"206\" height=\"300\" srcset=\"https:\/\/shop.yipinqian.com\/wp-content\/uploads\/2024\/12\/WhatsApp-Image-2024-12-01-at-14.06.11_e00f250c-206x300.jpg 206w, https:\/\/shop.yipinqian.com\/wp-content\/uploads\/2024\/12\/WhatsApp-Image-2024-12-01-at-14.06.11_e00f250c-704x1024.jpg 704w, https:\/\/shop.yipinqian.com\/wp-content\/uploads\/2024\/12\/WhatsApp-Image-2024-12-01-at-14.06.11_e00f250c-768x1116.jpg 768w, https:\/\/shop.yipinqian.com\/wp-content\/uploads\/2024\/12\/WhatsApp-Image-2024-12-01-at-14.06.11_e00f250c-1057x1536.jpg 1057w, https:\/\/shop.yipinqian.com\/wp-content\/uploads\/2024\/12\/WhatsApp-Image-2024-12-01-at-14.06.11_e00f250c-55x80.jpg 55w, https:\/\/shop.yipinqian.com\/wp-content\/uploads\/2024\/12\/WhatsApp-Image-2024-12-01-at-14.06.11_e00f250c-500x727.jpg 500w, https:\/\/shop.yipinqian.com\/wp-content\/uploads\/2024\/12\/WhatsApp-Image-2024-12-01-at-14.06.11_e00f250c.jpg 1109w\" sizes=\"(max-width: 206px) 100vw, 206px\" \/>NGI Singapore Certification<\/p>","protected":false},"featured_media":14387,"comment_status":"open","ping_status":"closed","template":"","meta":[],"product_brand":[],"product_cat":[178,177,126],"product_tag":[176,58],"class_list":{"0":"post-14221","1":"product","2":"type-product","3":"status-publish","4":"has-post-thumbnail","6":"product_cat-certification","7":"product_cat-lab-certificate","8":"product_cat-new-arrivals","9":"product_tag-lab-certificate","10":"product_tag-new-arrivals","12":"first","13":"instock","14":"sale","15":"shipping-taxable","16":"purchasable","17":"product-type-variable"},"_links":{"self":[{"href":"https:\/\/shop.yipinqian.com\/de\/wp-json\/wp\/v2\/product\/14221","targetHints":{"allow":["GET"]}}],"collection":[{"href":"https:\/\/shop.yipinqian.com\/de\/wp-json\/wp\/v2\/product"}],"about":[{"href":"https:\/\/shop.yipinqian.com\/de\/wp-json\/wp\/v2\/types\/product"}],"replies":[{"embeddable":true,"href":"https:\/\/shop.yipinqian.com\/de\/wp-json\/wp\/v2\/comments?post=14221"}],"version-history":[{"count":0,"href":"https:\/\/shop.yipinqian.com\/de\/wp-json\/wp\/v2\/product\/14221\/revisions"}],"wp:featuredmedia":[{"embeddable":true,"href":"https:\/\/shop.yipinqian.com\/de\/wp-json\/wp\/v2\/media\/14387"}],"wp:attachment":[{"href":"https:\/\/shop.yipinqian.com\/de\/wp-json\/wp\/v2\/media?parent=14221"}],"wp:term":[{"taxonomy":"product_brand","embeddable":true,"href":"https:\/\/shop.yipinqian.com\/de\/wp-json\/wp\/v2\/product_brand?post=14221"},{"taxonomy":"product_cat","embeddable":true,"href":"https:\/\/shop.yipinqian.com\/de\/wp-json\/wp\/v2\/product_cat?post=14221"},{"taxonomy":"product_tag","embeddable":true,"href":"https:\/\/shop.yipinqian.com\/de\/wp-json\/wp\/v2\/product_tag?post=14221"}],"curies":[{"name":"wp","href":"https:\/\/api.w.org\/{rel}","templated":true}]}}