{"id":1236,"date":"2024-10-24T23:17:58","date_gmt":"2024-10-24T15:17:58","guid":{"rendered":"https:\/\/shop.yipinqian.com\/product\/18k-gold-green-translucent-fine-grain-pixiu-natural-type-a-jadeite-ring-with-ngi-gemstones-report-weighs-3-18-grams-15-10-9-88-4-91-mm-with-gold-tested-by-x-ray-fluorescence-method-ring-internal-diame\/"},"modified":"2025-07-08T08:45:07","modified_gmt":"2025-07-08T00:45:07","slug":"18k-gold-green-translucent-fine-grain-pixiu-natural-type-a-jadeite-ring-with-ngi-gemstones-report-weighs-3-18-grams-15-10-9-88-4-91-mm-with-gold-tested-by-x-ray-fluorescence-method-ring-internal-diame","status":"publish","type":"product","link":"https:\/\/shop.yipinqian.com\/de\/produkt\/18k-gold-green-translucent-fine-grain-pixiu-natural-type-a-jadeite-ring-with-ngi-gemstones-report-weighs-3-18-grams-15-10-9-88-4-91-mm-with-gold-tested-by-x-ray-fluorescence-method-ring-internal-diame\/","title":{"rendered":"18 Karat Gold, gr\u00fcn, durchscheinend, feink\u00f6rniger Pixiu-Ring aus nat\u00fcrlichem Jadeit Typ A mit NGI-Edelsteinbericht, wiegt 3,18 Gramm, 15,10 x 9,88 x 4,91 mm, Gold wurde mit der R\u00f6ntgenfluoreszenzmethode getestet (Innendurchmesser des Rings = 17,5 mm) (18kring10)"},"content":{"rendered":"<p>18k Gold Green Translucent fine grain Pixiu<br \/>\n<iframe title=\"Pendant with Landscape &amp; Floral\" src=\"https:\/\/youtube.com\/embed\/yia8uvDsl6Y\/\" width=\"330\" height=\"300\"><\/iframe><br \/>\nWerten Sie Ihre Schmucksammlung mit diesem atemberaubenden 18 Karat Goldring aus gr\u00fcn durchscheinendem feink\u00f6rnigem Pixiu-Jadeit vom Typ A auf. Laut NGI-Edelsteinbericht ist dieser Ring ein Statement-St\u00fcck, das 3,18 Gramm wiegt und 15,10 x 9,88 x 4,91 mm misst.<\/p>\n<p><strong>NGI-Berichtsnummern: 63837056<\/strong><\/p>\n<p>(Innendurchmesser des Rings bei Fingergr\u00f6\u00dfe = 17,5 mm)<\/p>\n<ul>\n<li><strong>Exquisites Design:<\/strong> Dieser mit feink\u00f6rnigem Pixiu-Jadeit vom Typ A verzierte Ring wird garantiert die Blicke Ihrer Umgebung auf sich ziehen.<\/li>\n<li><strong>Premium Qualit\u00e4t:<\/strong> Der aus hochwertigem Gold gefertigte Ring wurde mit der R\u00f6ntgenfluoreszenzmethode auf Echtheit und Reinheit gepr\u00fcft.<\/li>\n<li><strong>Geeignet f\u00fcr den Alltag:<\/strong> Ob f\u00fcr den Alltag oder f\u00fcr besondere Anl\u00e4sse, dieser Jadeitring verleiht Ihrem Outfit einen Hauch von Eleganz.<\/li>\n<\/ul>\n<p><img fetchpriority=\"high\" decoding=\"async\" class=\"alignnone\" src=\"https:\/\/shop.yipinqian.com\/wp-content\/uploads\/2024\/10\/659891546a0096d47f890d0243aa0b09.jpg?from=476444299\" alt=\"18k Gold Green Translucent fine grain Pixiu\" width=\"1080\" height=\"1080\" \/><\/p>\n<p>Dieser Unisex-Jadeitring besticht durch einen durchscheinenden Gr\u00fcnton, der ihm einen \u00e4therischen Reiz verleiht, w\u00e4hrend seine aufwendigen Details Tiefe und Struktur verleihen. Das Echtheitszertifikat stellt sicher, dass Sie in echten Qualit\u00e4tsschmuck investieren, w\u00e4hrend das Fehlen einer Garantie Vertrauen in seine Haltbarkeit zeigt. Bestellen Sie Ihr Schmuckst\u00fcck noch heute und treten Sie mit Stil auf!<\/p>\n<p>Yi Pin Qian \u2013 Ein Edelstein- und Edelmetallh\u00e4ndler in Singapur \u2013 Lizenznummer PS20190000031<\/p>\n<p>*F\u00fcr alle Jadeite, die bei Yi Pin Qian in Singapur gekauft werden, k\u00f6nnen Kunden Termine zum Polieren oder f\u00fcr kleinere Reparaturen bei unsachgem\u00e4\u00dfer Handhabung buchen \u2013 es fallen Geb\u00fchren an und gelten nur f\u00fcr Kunden von Yi Pin Qian in Singapur*<\/p>\n<p>Dieser Ring aus 18 Karat Gold mit durchscheinendem, gr\u00fcn-gr\u00fcnem Pixiu-Jadeit vom Typ A und feiner K\u00f6rnung mit NGI-Edelsteinbericht ist ein atemberaubendes Schmuckst\u00fcck, das Sie nicht mehr abnehmen m\u00f6chten.<\/p>\n<ul>\n<li><strong>Exquisites Design:<\/strong> Der Ring verf\u00fcgt \u00fcber ein einzigartiges Pixiu-Design, das Reichtum und Gl\u00fcck symbolisiert. Der gr\u00fcne, durchscheinende feink\u00f6rnige Jadeit verleiht jedem Outfit einen Hauch von Eleganz und Raffinesse.<\/li>\n<li><strong>Wertvolle Materialien:<\/strong> Dieser Ring aus hochwertigem Gold ist robust, langlebig und perfekt f\u00fcr den t\u00e4glichen Gebrauch. Die Echtheit wurde mit der R\u00f6ntgenfluoreszenzmethode gepr\u00fcft.<\/li>\n<li><strong>Zertifizierung:<\/strong> Dieses Produkt wird mit einem Yes-Zertifikat von NGI Gemstones geliefert, das die Echtheit des in diesem wundersch\u00f6nen St\u00fcck verwendeten Jadeits garantiert.<\/li>\n<\/ul>\n<p>Dank seines Gewichts von 3,18 Gramm l\u00e4sst sich das Produkt den ganzen Tag \u00fcber bequem tragen und aufgrund seiner Gr\u00f6\u00dfe (15,10 x 9,88 x 4,91 mm) ist es f\u00fcr M\u00e4nner und Frauen gleicherma\u00dfen geeignet.<\/p>\n<ul>\n<li>Dieser exquisite Jadeitring wird in Singapur hergestellt, wo hochwertige Handwerkskunst auf atemberaubendes Design trifft<\/li>\n<\/ul>\n<p>Dieser wundersch\u00f6ne Ring aus nat\u00fcrlichem Jadeit Typ A kann zu jeder Gelegenheit getragen werden, vom Alltag bis zu besonderen Anl\u00e4ssen. Er verleiht Ihrem Look Stil und beh\u00e4lt gleichzeitig eine dezente Eleganz, die perfekt zu jedem Stil oder Outfit Ihrer Wahl passt!<\/p>\n<ul>\n<li><\/li>\n<\/ul>\n<p>NGI (Nan Yang Gemological)<\/p>\n<p>oder Zertifikate aus \u00dcbersee (Yi Pin Qian verwendet nur authentische Zertifikate aus \u00dcberseelabors und unterzieht jedes unserer Produkte einer Qualit\u00e4tskontrolle, bevor es in Singapur zum Verkauf angeboten wird)<\/p>\n<p>&nbsp;<\/p>\n<p>Jedes Produkt auf TikTok verf\u00fcgt \u00fcber die Art des Zertifikats, das in der Beschreibung angegeben ist. F\u00fcr jeden Kunden, der seine Bestellung an NGI Singapur senden m\u00f6chte, betr\u00e4gt die gesch\u00e4tzte Wartezeit f\u00fcr die Lieferung der Bestellung etwa 4 Wochen. Anfragen f\u00fcr NGI-Edelsteinberichte m\u00fcssen per Nachricht an den Yi Pin Qian TikTok-Shop gestellt werden. Vielen Dank, es fallen zus\u00e4tzliche Geb\u00fchren an.<\/p>","protected":false},"excerpt":{"rendered":"<h2>18k Gold Green Translucent fine grain Pixiu<\/h2>\n<p><img decoding=\"async\" class=\"aligncenter size-medium wp-image-22204\" src=\"https:\/\/shop.yipinqian.com\/wp-content\/uploads\/2024\/10\/WhatsApp-Image-2024-05-10-at-15.47.09_587df37d-300x300.jpg\" alt=\"18k Gold Green Translucent fine grain Pixiu\" width=\"300\" height=\"300\" srcset=\"https:\/\/shop.yipinqian.com\/wp-content\/uploads\/2024\/10\/WhatsApp-Image-2024-05-10-at-15.47.09_587df37d-300x300.jpg 300w, https:\/\/shop.yipinqian.com\/wp-content\/uploads\/2024\/10\/WhatsApp-Image-2024-05-10-at-15.47.09_587df37d-1024x1024.jpg 1024w, https:\/\/shop.yipinqian.com\/wp-content\/uploads\/2024\/10\/WhatsApp-Image-2024-05-10-at-15.47.09_587df37d-150x150.jpg 150w, https:\/\/shop.yipinqian.com\/wp-content\/uploads\/2024\/10\/WhatsApp-Image-2024-05-10-at-15.47.09_587df37d-768x768.jpg 768w, https:\/\/shop.yipinqian.com\/wp-content\/uploads\/2024\/10\/WhatsApp-Image-2024-05-10-at-15.47.09_587df37d-12x12.jpg 12w, https:\/\/shop.yipinqian.com\/wp-content\/uploads\/2024\/10\/WhatsApp-Image-2024-05-10-at-15.47.09_587df37d-500x500.jpg 500w, https:\/\/shop.yipinqian.com\/wp-content\/uploads\/2024\/10\/WhatsApp-Image-2024-05-10-at-15.47.09_587df37d-100x100.jpg 100w, https:\/\/shop.yipinqian.com\/wp-content\/uploads\/2024\/10\/WhatsApp-Image-2024-05-10-at-15.47.09_587df37d.jpg 1080w\" sizes=\"(max-width: 300px) 100vw, 300px\" \/><\/p>","protected":false},"featured_media":1739,"comment_status":"open","ping_status":"closed","template":"","meta":[],"product_brand":[],"product_cat":[196],"product_tag":[50,52,72,53,70,66,55,56,60],"class_list":{"0":"post-1236","1":"product","2":"type-product","3":"status-publish","4":"has-post-thumbnail","6":"product_cat-vault-collection","7":"product_tag-18k-gold","8":"product_tag-certified","9":"product_tag-female","10":"product_tag-fine-quality","11":"product_tag-green","12":"product_tag-jade-ring","13":"product_tag-jadeite","14":"product_tag-limited-editions","15":"product_tag-type-a-jadeite","17":"first","18":"instock","19":"sale","20":"shipping-taxable","21":"purchasable","22":"product-type-simple"},"_links":{"self":[{"href":"https:\/\/shop.yipinqian.com\/de\/wp-json\/wp\/v2\/product\/1236","targetHints":{"allow":["GET"]}}],"collection":[{"href":"https:\/\/shop.yipinqian.com\/de\/wp-json\/wp\/v2\/product"}],"about":[{"href":"https:\/\/shop.yipinqian.com\/de\/wp-json\/wp\/v2\/types\/product"}],"replies":[{"embeddable":true,"href":"https:\/\/shop.yipinqian.com\/de\/wp-json\/wp\/v2\/comments?post=1236"}],"version-history":[{"count":0,"href":"https:\/\/shop.yipinqian.com\/de\/wp-json\/wp\/v2\/product\/1236\/revisions"}],"wp:featuredmedia":[{"embeddable":true,"href":"https:\/\/shop.yipinqian.com\/de\/wp-json\/wp\/v2\/media\/1739"}],"wp:attachment":[{"href":"https:\/\/shop.yipinqian.com\/de\/wp-json\/wp\/v2\/media?parent=1236"}],"wp:term":[{"taxonomy":"product_brand","embeddable":true,"href":"https:\/\/shop.yipinqian.com\/de\/wp-json\/wp\/v2\/product_brand?post=1236"},{"taxonomy":"product_cat","embeddable":true,"href":"https:\/\/shop.yipinqian.com\/de\/wp-json\/wp\/v2\/product_cat?post=1236"},{"taxonomy":"product_tag","embeddable":true,"href":"https:\/\/shop.yipinqian.com\/de\/wp-json\/wp\/v2\/product_tag?post=1236"}],"curies":[{"name":"wp","href":"https:\/\/api.w.org\/{rel}","templated":true}]}}